{"id":8390,"date":"2026-05-10T12:45:12","date_gmt":"2026-05-10T12:45:12","guid":{"rendered":"https:\/\/www.strokeforeningen-helsingborg.se\/?page_id=8390"},"modified":"2026-05-10T12:51:10","modified_gmt":"2026-05-10T12:51:10","slug":"aktiviteter-i-angelholm-april-2026","status":"publish","type":"page","link":"https:\/\/www.strokeforeningen-helsingborg.se\/?page_id=8390","title":{"rendered":"Aktiviteter i \u00c4ngelholm april 2026."},"content":{"rendered":"\n<div class=\"wp-block-image\"><figure class=\"aligncenter size-large is-resized\"><a href=\"http:\/\/www.strokeforeningen-helsingborg.se\/wp-content\/uploads\/2025\/04\/Enkegarden-Angelholm.jpg\"><img loading=\"lazy\" src=\"http:\/\/www.strokeforeningen-helsingborg.se\/wp-content\/uploads\/2025\/04\/Enkegarden-Angelholm.jpg\" alt=\"\" class=\"wp-image-8002\" width=\"471\" height=\"266\" srcset=\"https:\/\/www.strokeforeningen-helsingborg.se\/wp-content\/uploads\/2025\/04\/Enkegarden-Angelholm.jpg 927w, https:\/\/www.strokeforeningen-helsingborg.se\/wp-content\/uploads\/2025\/04\/Enkegarden-Angelholm-300x170.jpg 300w, https:\/\/www.strokeforeningen-helsingborg.se\/wp-content\/uploads\/2025\/04\/Enkegarden-Angelholm-768x435.jpg 768w\" sizes=\"(max-width: 471px) 100vw, 471px\" \/><\/a><figcaption><strong><em>Foto: DL<\/em><\/strong><\/figcaption><\/figure><\/div>\n\n\n\n<p class=\"has-medium-font-size\"><strong>Onsdagen den 15 april bes\u00f6kte vi i Strokef\u00f6reningen Nordvesten Restaurang Enkeg\u00e5rden, som ligger vackert i utkanten av \u00c4ngelholms stadsbebyggelse. Vi hade en trevlig lunch, och samtalen i den fina st\u00e4mningen var m\u00e5nga.<br>Tack alla f\u00f6r en trevlig eftermiddag.<\/strong><\/p>\n\n\n\n<p class=\"has-medium-font-size\"><strong>M\u00e5ndagen den 27 april till torsdagen den 30 april vistades vi tillsammans med Strokef\u00f6reningen \u00d6resund p\u00e5 Folkh\u00f6gskolan Valjeviken vid S\u00f6lvesborg. Dessa h\u00e4rliga \u201dM\u00e5 bra dagar\u201d kan ni l\u00e4sa om under \u201d\u00d6resund\u201d i den h\u00e4r hemsidan.<\/strong> <\/p>\n\n\n\n<p class=\"has-medium-font-size\"><strong><em>Under rubriken september 2025 \/ \u201d\u00d6resund\u201d<\/em>\u00a0skrev jag om v\u00e5r \u201dgr\u00e4ns\u00f6verskridande\u201d verksamhet och upprepar. Allts\u00e5 \u00e4ven om vi \u00e4r uppdelade i \u00d6resund (Helsingborgsgrupp och H\u00f6gan\u00e4sgrupp) samt Nordvesten (\u00c4ngelholm) s\u00e5 \u00e4r det fritt att bes\u00f6ka varandras m\u00f6ten, vilket ocks\u00e5 sker. Resor och utflykter &#8211; d\u00e5 \u00e4ven \u201dValjeviken\u201d &#8211; arrangeras i regel gemensamt.<br>\u00d6resundsm\u00f6ten (inklusive H\u00f6gan\u00e4s) rapporteras under \u201d\u00d6resund\u201d.<\/strong> <\/p>\n\n\n\n<p class=\"has-medium-font-size\"><br><\/p>\n\n\n\n<p><\/p>\n","protected":false},"excerpt":{"rendered":"<p>Onsdagen den 15 april bes\u00f6kte vi i Strokef\u00f6reningen Nordvesten Restaurang Enkeg\u00e5rden, som ligger vackert i utkanten av \u00c4ngelholms stadsbebyggelse. Vi hade en trevlig lunch, och samtalen i den fina st\u00e4mningen var m\u00e5nga.Tack alla f\u00f6r en trevlig eftermiddag. M\u00e5ndagen den 27 &hellip; <a href=\"https:\/\/www.strokeforeningen-helsingborg.se\/?page_id=8390\">L\u00e4s mer <span class=\"meta-nav\">&rarr;<\/span><\/a><\/p>\n","protected":false},"author":2,"featured_media":0,"parent":8362,"menu_order":0,"comment_status":"closed","ping_status":"closed","template":"","meta":{"spay_email":"","_links_to":"","_links_to_target":""},"jetpack_shortlink":"https:\/\/wp.me\/P3JVlQ-2bk","jetpack_sharing_enabled":true,"_links":{"self":[{"href":"https:\/\/www.strokeforeningen-helsingborg.se\/index.php?rest_route=\/wp\/v2\/pages\/8390"}],"collection":[{"href":"https:\/\/www.strokeforeningen-helsingborg.se\/index.php?rest_route=\/wp\/v2\/pages"}],"about":[{"href":"https:\/\/www.strokeforeningen-helsingborg.se\/index.php?rest_route=\/wp\/v2\/types\/page"}],"author":[{"embeddable":true,"href":"https:\/\/www.strokeforeningen-helsingborg.se\/index.php?rest_route=\/wp\/v2\/users\/2"}],"replies":[{"embeddable":true,"href":"https:\/\/www.strokeforeningen-helsingborg.se\/index.php?rest_route=%2Fwp%2Fv2%2Fcomments&post=8390"}],"version-history":[{"count":5,"href":"https:\/\/www.strokeforeningen-helsingborg.se\/index.php?rest_route=\/wp\/v2\/pages\/8390\/revisions"}],"predecessor-version":[{"id":8395,"href":"https:\/\/www.strokeforeningen-helsingborg.se\/index.php?rest_route=\/wp\/v2\/pages\/8390\/revisions\/8395"}],"up":[{"embeddable":true,"href":"https:\/\/www.strokeforeningen-helsingborg.se\/index.php?rest_route=\/wp\/v2\/pages\/8362"}],"wp:attachment":[{"href":"https:\/\/www.strokeforeningen-helsingborg.se\/index.php?rest_route=%2Fwp%2Fv2%2Fmedia&parent=8390"}],"curies":[{"name":"wp","href":"https:\/\/api.w.org\/{rel}","templated":true}]}}