{"id":8382,"date":"2026-05-09T13:03:56","date_gmt":"2026-05-09T13:03:56","guid":{"rendered":"https:\/\/www.strokeforeningen-helsingborg.se\/?page_id=8382"},"modified":"2026-05-09T13:18:52","modified_gmt":"2026-05-09T13:18:52","slug":"aktiviteter-i-april-2026","status":"publish","type":"page","link":"https:\/\/www.strokeforeningen-helsingborg.se\/?page_id=8382","title":{"rendered":"Aktiviteter i april 2026."},"content":{"rendered":"\n<p class=\"has-medium-font-size\"><strong>April m\u00e5nad 2026 har varit en \u201dtight\u201d m\u00e5nad f\u00f6r oss i Strokef\u00f6reningen \u00d6resund.<\/strong><\/p>\n\n\n\n<p class=\"has-medium-font-size\"><strong><em>Onsdagen den 8 april<\/em> hade vi i H\u00f6gan\u00e4savdelningen \u201dfika p\u00e5 stan\u201d. En k\u00e4r tradition, d\u00e5 vi till gott kaffe med goda bakverk och fin st\u00e4mning tr\u00e4ffas i trevlig milj\u00f6. Idag blev det Kakboden.<br>Tack alla f\u00f6r en fin eftermiddag.<\/strong><\/p>\n\n\n\n<p class=\"has-medium-font-size\"><strong><em>M\u00e5ndagen den 20 april<\/em> var det \u00e5ter dags f\u00f6r \u201dSkivor till kaffet\u201d p\u00e5 Brorsbacke Trygghetsboende i H\u00f6gan\u00e4s. Sedan m\u00e5nga \u00e5r ett \u00e5terkommande trevligt evenemang, d\u00e5 v\u00e5r medlem Maj l\u00e5ter oss kn\u00e4cka musikaliska tanken\u00f6tter. Vi har det tillsammans med Trygghetsboendet, och vi tackar Annika f\u00f6r gott fika och hennes v\u00e4rdefulla hj\u00e4lp. Tack Maj f\u00f6r en fin eftermiddag.<\/strong><\/p>\n\n\n\n<p class=\"has-medium-font-size\"><strong><em>Tisdagen den 21 april<\/em> hade vi i Helsingborgsavdelningen \u201dsillafest\u201d p\u00e5 Ringstorp. En l\u00e4cker sillbricka, k\u00f6ttbullar, ost m.m. I den fina st\u00e4mningen nj\u00f6t vi av den goda maten och dryck d\u00e4rtill. Kaffe med bakelse avslutade den festliga m\u00e5ltiden. \u00a0<br>V\u00e5r medlem Maj hade skapat ett m\u00e4sterligt bildkollage p\u00e5 vita duken \u00f6ver f\u00f6reningens verksamhet de senaste femton \u00e5ren. P\u00e5verkade av kollaget levde vi oss verkligen in i de olika h\u00e4ndelserna och Majs &#8211; ibland humoristiska &#8211; ber\u00e4ttande d\u00e4rtill. M\u00e4tta och bel\u00e5tna till kropp och sj\u00e4l m\u00e5nga tack f\u00f6r en fin, v\u00e4lsmakande och upplevelserik eftermiddag.<\/strong> <\/p>\n\n\n\n<p class=\"has-medium-font-size\"><strong><em>M\u00e5ndagen den 27 april <\/em>var det \u00e5ter dags f\u00f6r en fyra dagars vistelse p\u00e5 \u201dValjeviken\u201d. Vi &#8211; \u00d6resund och Nordvesten &#8211; \u00e4r ju trogna bes\u00f6kare p\u00e5 Neurof\u00f6rbundets Folkh\u00f6gskola Valjeviken i den vackra blekingska naturen. I l\u00e4nken h\u00e4rnedan kan du l\u00e4sa ing\u00e5ende om skolan vid v\u00e5rt bes\u00f6k d\u00e4r i augusti 2025. <\/strong><br><a href=\"https:\/\/www.strokeforeningen-helsingborg.se\/?page_id=8178\">Sensommarresa till Valjeviken 2025. | Strokef\u00f6reningen \u00d6resund<\/a> <\/p>\n\n\n\n<p class=\"has-medium-font-size\"><strong>\u00c4ven nu senast gjorde vi den upplevelserika flottf\u00e4rden med flotten \u201dTuffa Vivan\u201d, och den ber\u00f6mda och l\u00e4ckra ostbrickan fyllde v\u00e5ra magar. Vi hade sk\u00f6na och upplevelserika dagar s\u00e5v\u00e4l i skolsalen, sport -och vattenanl\u00e4ggningen samt i den vackra naturen. <\/strong><\/p>\n\n\n\n<div class=\"wp-block-image\"><figure class=\"aligncenter size-large is-resized\"><a href=\"https:\/\/www.strokeforeningen-helsingborg.se\/wp-content\/uploads\/2026\/05\/RolfValjeviken.jpg\"><img loading=\"lazy\" src=\"https:\/\/www.strokeforeningen-helsingborg.se\/wp-content\/uploads\/2026\/05\/RolfValjeviken.jpg\" alt=\"\" class=\"wp-image-8386\" width=\"581\" height=\"290\" srcset=\"https:\/\/www.strokeforeningen-helsingborg.se\/wp-content\/uploads\/2026\/05\/RolfValjeviken.jpg 788w, https:\/\/www.strokeforeningen-helsingborg.se\/wp-content\/uploads\/2026\/05\/RolfValjeviken-300x150.jpg 300w, https:\/\/www.strokeforeningen-helsingborg.se\/wp-content\/uploads\/2026\/05\/RolfValjeviken-768x383.jpg 768w\" sizes=\"(max-width: 581px) 100vw, 581px\" \/><\/a><figcaption><strong>Foto: Karin &amp; Alf<\/strong><\/figcaption><\/figure><\/div>\n\n\n\n<p class=\"has-medium-font-size\"><strong>Bland v\u00e5ra duktiga f\u00f6rel\u00e4sare var \u00e4ven v\u00e5r egen medlem och kunskapsk\u00e4lla Rolf, som tog oss med p\u00e5 en mycket intressant och l\u00e4rorik lektion om krishantering. Krissituationer kan n\u00e4rsomhelst uppst\u00e5 och drabba dig och kanske din omgivning. \u201dHur f\u00f6rbereder jag mig f\u00f6r s\u00e5dant\u201d \u00e4r en av m\u00e5nga fr\u00e5gor att ta itu med. P\u00e5 bilden h\u00e4r ovan kan du se Rolf med &#8221;viktiga&#8221; saker att ha hemma som krisberedskap.  I brett kunnande l\u00e4t han oss aktivt delta med att utforma ett eget material utifr\u00e5n den rikliga kunskap han gav oss.\u00a0 Tack Rolf f\u00f6r allt det intressanta och nyttiga du gett oss.<\/strong><\/p>\n\n\n\n<p class=\"has-medium-font-size\"><strong>Tack v\u00e5r ordf\u00f6rande Alf Wallin f\u00f6r de underbara dagar du ordnat f\u00f6r oss p\u00e5 \u201dValjeviken\u201d.<br>Tack personalen p\u00e5 \u201dValjeviken\u201d f\u00f6r sk\u00f6na och l\u00e4rorika dagar.<br>Tack alla deltagare f\u00f6r god sammanh\u00e5llning och trevlig st\u00e4mning.<\/strong><\/p>\n\n\n\n<p class=\"has-medium-font-size\"><strong><em>Under rubriken september 2025<\/em> skrev jag om v\u00e5r \u201dgr\u00e4ns\u00f6verskridande\u201d verksamhet och upprepar. Allts\u00e5 \u00e4ven om vi \u00e4r uppdelade i \u00d6resund(Helsingborgsgrupp och H\u00f6gan\u00e4sgrupp) samt Nordvesten(\u00c4ngelholm) s\u00e5 \u00e4r det fritt att bes\u00f6ka varandras m\u00f6ten, vilket ocks\u00e5 sker. Resor och utflykter arrangeras i regel gemensamt. \u00c4ngelholmm\u00f6ten m.m. rapporteras under \u201d\u00c4ngelholm\u201d<\/strong><\/p>\n\n\n\n<p class=\"has-medium-font-size\">\u00a0<br><\/p>\n","protected":false},"excerpt":{"rendered":"<p>April m\u00e5nad 2026 har varit en \u201dtight\u201d m\u00e5nad f\u00f6r oss i Strokef\u00f6reningen \u00d6resund. Onsdagen den 8 april hade vi i H\u00f6gan\u00e4savdelningen \u201dfika p\u00e5 stan\u201d. En k\u00e4r tradition, d\u00e5 vi till gott kaffe med goda bakverk och fin st\u00e4mning tr\u00e4ffas i &hellip; <a href=\"https:\/\/www.strokeforeningen-helsingborg.se\/?page_id=8382\">L\u00e4s mer <span class=\"meta-nav\">&rarr;<\/span><\/a><\/p>\n","protected":false},"author":2,"featured_media":0,"parent":8344,"menu_order":-2,"comment_status":"closed","ping_status":"closed","template":"","meta":{"spay_email":"","_links_to":"","_links_to_target":""},"jetpack_shortlink":"https:\/\/wp.me\/P3JVlQ-2bc","jetpack_sharing_enabled":true,"_links":{"self":[{"href":"https:\/\/www.strokeforeningen-helsingborg.se\/index.php?rest_route=\/wp\/v2\/pages\/8382"}],"collection":[{"href":"https:\/\/www.strokeforeningen-helsingborg.se\/index.php?rest_route=\/wp\/v2\/pages"}],"about":[{"href":"https:\/\/www.strokeforeningen-helsingborg.se\/index.php?rest_route=\/wp\/v2\/types\/page"}],"author":[{"embeddable":true,"href":"https:\/\/www.strokeforeningen-helsingborg.se\/index.php?rest_route=\/wp\/v2\/users\/2"}],"replies":[{"embeddable":true,"href":"https:\/\/www.strokeforeningen-helsingborg.se\/index.php?rest_route=%2Fwp%2Fv2%2Fcomments&post=8382"}],"version-history":[{"count":6,"href":"https:\/\/www.strokeforeningen-helsingborg.se\/index.php?rest_route=\/wp\/v2\/pages\/8382\/revisions"}],"predecessor-version":[{"id":8389,"href":"https:\/\/www.strokeforeningen-helsingborg.se\/index.php?rest_route=\/wp\/v2\/pages\/8382\/revisions\/8389"}],"up":[{"embeddable":true,"href":"https:\/\/www.strokeforeningen-helsingborg.se\/index.php?rest_route=\/wp\/v2\/pages\/8344"}],"wp:attachment":[{"href":"https:\/\/www.strokeforeningen-helsingborg.se\/index.php?rest_route=%2Fwp%2Fv2%2Fmedia&parent=8382"}],"curies":[{"name":"wp","href":"https:\/\/api.w.org\/{rel}","templated":true}]}}