{"id":8375,"date":"2026-04-01T12:55:47","date_gmt":"2026-04-01T12:55:47","guid":{"rendered":"https:\/\/www.strokeforeningen-helsingborg.se\/?page_id=8375"},"modified":"2026-04-01T12:59:42","modified_gmt":"2026-04-01T12:59:42","slug":"mars-aktiviteter-2026","status":"publish","type":"page","link":"https:\/\/www.strokeforeningen-helsingborg.se\/?page_id=8375","title":{"rendered":"Mars aktiviteter 2026."},"content":{"rendered":"\n<div class=\"wp-block-image\"><figure class=\"aligncenter size-large\"><a href=\"http:\/\/www.strokeforeningen-helsingborg.se\/wp-content\/uploads\/2025\/11\/rolfS.jpg\"><img loading=\"lazy\" width=\"157\" height=\"201\" src=\"http:\/\/www.strokeforeningen-helsingborg.se\/wp-content\/uploads\/2025\/11\/rolfS.jpg\" alt=\"\" class=\"wp-image-8265\"\/><\/a><figcaption><strong>Rolf S.<\/strong><em> Foto ML<\/em><\/figcaption><\/figure><\/div>\n\n\n\n<p class=\"has-medium-font-size\"><strong>I v\u00e5r Nordv\u00e4stra Sk\u00e5ne\u00e4nda genomf\u00f6r vi i Strokes systerf\u00f6reningar Nordvesten (\u00c4ngelholm) samt \u00d6resund (Helsingborg, H\u00f6gan\u00e4s), var och en, m\u00e5natliga f\u00f6reningsm\u00f6ten &#8211; s\u00e5 \u00e4ven i <em>mars m\u00e5nad<\/em> <em>2026<\/em>. Gemensam n\u00e4mnare f\u00f6r dessa tre m\u00f6ten var v\u00e5r medlem Rolf, som skickligt och underh\u00e5llande snickrat ihop en f\u00e4rggrann palett med k\u00e4nda artister fr\u00e5n tidigt 1900-tal och fram\u00e5t. Vi \u201dgamlingar\u201d minns och nj\u00f6t av Ulla Billkvist, Alice Babs, Gunnar Wiklund, ABBA, Roxette m.fl. Vacker s\u00e5ng och musik varvades med intressant och bred historia om artisterna\/grupperna och avslutades med 1,X,2-fr\u00e5ga &#8211; allts\u00e5 ett musikquiz.<\/strong><br><strong>I H\u00f6gan\u00e4s gjorde vi det <em>m\u00e5ndagen<\/em> <em>9 mars<\/em> tillsammans med <em>Trygghetsboendet Brorsbacke.<\/em> Tack Annika f\u00f6r gott fika och fint bidrag till en trevlig eftermiddag.<\/strong><\/p>\n\n\n\n<div class=\"wp-block-image\"><figure class=\"aligncenter size-large is-resized\"><a href=\"http:\/\/www.strokeforeningen-helsingborg.se\/wp-content\/uploads\/2025\/03\/klubban.png\"><img loading=\"lazy\" src=\"http:\/\/www.strokeforeningen-helsingborg.se\/wp-content\/uploads\/2025\/03\/klubban.png\" alt=\"\" class=\"wp-image-7953\" width=\"96\" height=\"81\" srcset=\"https:\/\/www.strokeforeningen-helsingborg.se\/wp-content\/uploads\/2025\/03\/klubban.png 510w, https:\/\/www.strokeforeningen-helsingborg.se\/wp-content\/uploads\/2025\/03\/klubban-300x255.png 300w\" sizes=\"(max-width: 96px) 100vw, 96px\" \/><\/a><\/figure><\/div>\n\n\n\n<p class=\"has-medium-font-size\"><strong>I \u00c4ngelholm <em>tisdagen<\/em> den <em>10 mars p\u00e5 Torgtr\u00e4ffen<\/em> i samband med \u00e5rsm\u00f6tet f\u00f6r Nordvesten.<br>I Helsingborg den <em>onsdagen 18 mars p\u00e5 Ringstorp<\/em> i samband med \u00e5rsm\u00f6tet f\u00f6r \u00d6resund.<\/strong><br><strong>Respektive \u00e5rsm\u00f6te avh\u00f6lls i god andra och l\u00e4cker landg\u00e5ng, kaffe och kaka.<\/strong><\/p>\n\n\n\n<p class=\"has-medium-font-size\"><strong><br>Tack Rolf f\u00f6r en f\u00e4rggrann, mycket intressant och underh\u00e5llande presentation i musikens v\u00e4rld och tanken\u00f6tter du l\u00e4t oss kn\u00e4cka.<br>Tack alla f\u00f6r trevliga m\u00f6ten.<\/strong><\/p>\n\n\n\n<p class=\"has-medium-font-size\"><strong><em>Fredagen den 27 mars<\/em> tr\u00e4ffades vi p\u00e5 <em>Restaurang Tegel i Rydeb\u00e4ck<\/em> och umgicks i god st\u00e4mning.<br>Tack f\u00f6r en trevlig eftermiddag.<\/strong><\/p>\n","protected":false},"excerpt":{"rendered":"<p>I v\u00e5r Nordv\u00e4stra Sk\u00e5ne\u00e4nda genomf\u00f6r vi i Strokes systerf\u00f6reningar Nordvesten (\u00c4ngelholm) samt \u00d6resund (Helsingborg, H\u00f6gan\u00e4s), var och en, m\u00e5natliga f\u00f6reningsm\u00f6ten &#8211; s\u00e5 \u00e4ven i mars m\u00e5nad 2026. Gemensam n\u00e4mnare f\u00f6r dessa tre m\u00f6ten var v\u00e5r medlem Rolf, som skickligt och &hellip; <a href=\"https:\/\/www.strokeforeningen-helsingborg.se\/?page_id=8375\">L\u00e4s mer <span class=\"meta-nav\">&rarr;<\/span><\/a><\/p>\n","protected":false},"author":2,"featured_media":0,"parent":8362,"menu_order":0,"comment_status":"closed","ping_status":"closed","template":"","meta":{"spay_email":"","_links_to":"","_links_to_target":""},"jetpack_shortlink":"https:\/\/wp.me\/P3JVlQ-2b5","jetpack_sharing_enabled":true,"_links":{"self":[{"href":"https:\/\/www.strokeforeningen-helsingborg.se\/index.php?rest_route=\/wp\/v2\/pages\/8375"}],"collection":[{"href":"https:\/\/www.strokeforeningen-helsingborg.se\/index.php?rest_route=\/wp\/v2\/pages"}],"about":[{"href":"https:\/\/www.strokeforeningen-helsingborg.se\/index.php?rest_route=\/wp\/v2\/types\/page"}],"author":[{"embeddable":true,"href":"https:\/\/www.strokeforeningen-helsingborg.se\/index.php?rest_route=\/wp\/v2\/users\/2"}],"replies":[{"embeddable":true,"href":"https:\/\/www.strokeforeningen-helsingborg.se\/index.php?rest_route=%2Fwp%2Fv2%2Fcomments&post=8375"}],"version-history":[{"count":3,"href":"https:\/\/www.strokeforeningen-helsingborg.se\/index.php?rest_route=\/wp\/v2\/pages\/8375\/revisions"}],"predecessor-version":[{"id":8378,"href":"https:\/\/www.strokeforeningen-helsingborg.se\/index.php?rest_route=\/wp\/v2\/pages\/8375\/revisions\/8378"}],"up":[{"embeddable":true,"href":"https:\/\/www.strokeforeningen-helsingborg.se\/index.php?rest_route=\/wp\/v2\/pages\/8362"}],"wp:attachment":[{"href":"https:\/\/www.strokeforeningen-helsingborg.se\/index.php?rest_route=%2Fwp%2Fv2%2Fmedia&parent=8375"}],"curies":[{"name":"wp","href":"https:\/\/api.w.org\/{rel}","templated":true}]}}