{"id":8356,"date":"2026-02-26T10:38:01","date_gmt":"2026-02-26T10:38:01","guid":{"rendered":"https:\/\/www.strokeforeningen-helsingborg.se\/?page_id=8356"},"modified":"2026-02-26T13:02:12","modified_gmt":"2026-02-26T13:02:12","slug":"medlemstraff-i-helsingborg-februari-2026","status":"publish","type":"page","link":"https:\/\/www.strokeforeningen-helsingborg.se\/?page_id=8356","title":{"rendered":"Medlemstr\u00e4ff i Helsingborg februari 2026."},"content":{"rendered":"\n<div class=\"wp-block-image\"><figure class=\"aligncenter size-large is-resized\"><a href=\"https:\/\/www.strokeforeningen-helsingborg.se\/wp-content\/uploads\/2026\/02\/Imberg-ram.jpg\"><img loading=\"lazy\" src=\"https:\/\/www.strokeforeningen-helsingborg.se\/wp-content\/uploads\/2026\/02\/Imberg-ram-1024x941.jpg\" alt=\"\" class=\"wp-image-8357\" width=\"622\" height=\"571\" srcset=\"https:\/\/www.strokeforeningen-helsingborg.se\/wp-content\/uploads\/2026\/02\/Imberg-ram-1024x941.jpg 1024w, https:\/\/www.strokeforeningen-helsingborg.se\/wp-content\/uploads\/2026\/02\/Imberg-ram-300x276.jpg 300w, https:\/\/www.strokeforeningen-helsingborg.se\/wp-content\/uploads\/2026\/02\/Imberg-ram-768x705.jpg 768w, https:\/\/www.strokeforeningen-helsingborg.se\/wp-content\/uploads\/2026\/02\/Imberg-ram-1536x1411.jpg 1536w, https:\/\/www.strokeforeningen-helsingborg.se\/wp-content\/uploads\/2026\/02\/Imberg-ram.jpg 1842w\" sizes=\"(max-width: 622px) 100vw, 622px\" \/><\/a><figcaption><strong>Foto: <em>ML.<\/em><\/strong><\/figcaption><\/figure><\/div>\n\n\n\n<p class=\"has-medium-font-size\"><strong>Tisdagen den 17 februari 2026 &#8211; fettisdagen &#8211; hade vi i Strokef\u00f6reningen \u00d6resund m\u00e5nadsm\u00f6te p\u00e5 Ringstorp tillsammans med Tr\u00e4ffpunkten. V\u00e5r emotsedda f\u00f6redragsh\u00e5llare var Kyrkoherden i \u00d6rkelljunga G\u00f6sta Imberg, som vid tidigare tillf\u00e4llen serverat oss brett och intressant av sin kunskap. En k\u00e4r bekant, som med Karl den tolfte tagit oss till slaget vid Poltava, kl\u00e4ttrat med oss p\u00e5 afrikanska Kilimanjaro samt samt presenterat oss Dag Hammarskj\u00f6ld.<\/strong> <br><strong>Idag skulle Imberg ber\u00e4tta om psalmf\u00f6rfattarinnan Lina Sandell. En och annan kanske undrar, vem m\u00e5nne denna kvinna vara. Vi \u00e4ldre har v\u00e4l alla i v\u00e5r barndom vid skolb\u00e4nken sjungit psalmerna \u201dtryggare kan ingen vara\u201d och \u201dblott en dag \u201d &#8211; b\u00e5da f\u00f6rfattade av henne.<\/strong><\/p>\n\n\n\n<p class=\"has-medium-font-size\"><strong>Imberg f\u00e4ngslade publiken med f\u00f6rfattarinnans breda skrivande, diktande och inneh\u00e5llsrika liv. Hon f\u00f6ddes i Fr\u00f6deryds f\u00f6rsamling, J\u00f6nk\u00f6pings l\u00e4n, 1932. L\u00e5t mig n\u00e4mna n\u00e5gra lokala russin av den stora kakan, d\u00e5 hon under sin livstid bodde en l\u00e4ngre period i Helsingborg och var i sitt EFS-engagemang (Evangeliska Fosterlandsstiftelsen) n\u00e4ra lierad med v\u00e5r k\u00e4nde konsul i staden, Petter Olsson. Under hennes nordv\u00e4stsk\u00e5nska sejour ledde h\u00e4ndelser och skeenden oss d\u00e5 till Helsingborg, Det kungliga Sofiero, R\u00f6gle G\u00e5rd, Kullaberg och \u201d\u00f6ver Sundet\u201d.<br>Hennes liv och g\u00e4rningar utspelar sig ocks\u00e5 i Stockholm. Hennes&nbsp;make Oscar Berg \u00e4r riksdagsman. I brev skildrar hon m\u00f6te med riksdagsm\u00e4n. Hon avlider 1903, ligger begravd p\u00e5 Solna kyrkog\u00e5rd och efterl\u00e4mnar en stor m\u00e4ngd psalmtexter, dikter och skriftverk.<\/strong><br><strong>Imberg har lagt ner stort arbete i sin utforskning om Lina Sandell. Bl.a. efterl\u00e4mnar hon v\u00e4ldigt m\u00e5nga egna skrivna och bevarade brev, vilka han l\u00e4st. Vissa av dem fick vi visade och uppl\u00e4sta.<br>Ett fint bildkollage kompletterade hans ber\u00e4ttande.<br>Tack G\u00f6sta Imberg f\u00f6r ett mycket intressant och givande f\u00f6redrag.<\/strong> <\/p>\n\n\n\n<p class=\"has-medium-font-size\"><strong>Dagen till \u00e4ra blev det i den trevliga samvaron serverat goda fastlagsbullar bakade av Tr\u00e4ffpunktens servering.<br>V\u00e5r ordf\u00f6rande Alf Wallin hade f\u00f6reningsinformation.<br>Tack alla i Strokef\u00f6reningen och p\u00e5 Tr\u00e4ffpunkten f\u00f6r en trevlig eftermiddag.<\/strong><\/p>\n","protected":false},"excerpt":{"rendered":"<p>Tisdagen den 17 februari 2026 &#8211; fettisdagen &#8211; hade vi i Strokef\u00f6reningen \u00d6resund m\u00e5nadsm\u00f6te p\u00e5 Ringstorp tillsammans med Tr\u00e4ffpunkten. V\u00e5r emotsedda f\u00f6redragsh\u00e5llare var Kyrkoherden i \u00d6rkelljunga G\u00f6sta Imberg, som vid tidigare tillf\u00e4llen serverat oss brett och intressant av sin kunskap. &hellip; <a href=\"https:\/\/www.strokeforeningen-helsingborg.se\/?page_id=8356\">L\u00e4s mer <span class=\"meta-nav\">&rarr;<\/span><\/a><\/p>\n","protected":false},"author":2,"featured_media":0,"parent":8344,"menu_order":0,"comment_status":"closed","ping_status":"closed","template":"","meta":{"spay_email":"","_links_to":"","_links_to_target":""},"jetpack_shortlink":"https:\/\/wp.me\/P3JVlQ-2aM","jetpack_sharing_enabled":true,"_links":{"self":[{"href":"https:\/\/www.strokeforeningen-helsingborg.se\/index.php?rest_route=\/wp\/v2\/pages\/8356"}],"collection":[{"href":"https:\/\/www.strokeforeningen-helsingborg.se\/index.php?rest_route=\/wp\/v2\/pages"}],"about":[{"href":"https:\/\/www.strokeforeningen-helsingborg.se\/index.php?rest_route=\/wp\/v2\/types\/page"}],"author":[{"embeddable":true,"href":"https:\/\/www.strokeforeningen-helsingborg.se\/index.php?rest_route=\/wp\/v2\/users\/2"}],"replies":[{"embeddable":true,"href":"https:\/\/www.strokeforeningen-helsingborg.se\/index.php?rest_route=%2Fwp%2Fv2%2Fcomments&post=8356"}],"version-history":[{"count":4,"href":"https:\/\/www.strokeforeningen-helsingborg.se\/index.php?rest_route=\/wp\/v2\/pages\/8356\/revisions"}],"predecessor-version":[{"id":8368,"href":"https:\/\/www.strokeforeningen-helsingborg.se\/index.php?rest_route=\/wp\/v2\/pages\/8356\/revisions\/8368"}],"up":[{"embeddable":true,"href":"https:\/\/www.strokeforeningen-helsingborg.se\/index.php?rest_route=\/wp\/v2\/pages\/8344"}],"wp:attachment":[{"href":"https:\/\/www.strokeforeningen-helsingborg.se\/index.php?rest_route=%2Fwp%2Fv2%2Fmedia&parent=8356"}],"curies":[{"name":"wp","href":"https:\/\/api.w.org\/{rel}","templated":true}]}}