{"id":8276,"date":"2025-12-11T13:18:35","date_gmt":"2025-12-11T13:18:35","guid":{"rendered":"https:\/\/www.strokeforeningen-helsingborg.se\/?page_id=8276"},"modified":"2025-12-11T13:43:01","modified_gmt":"2025-12-11T13:43:01","slug":"senhostens-aktiviteter-2025","status":"publish","type":"page","link":"https:\/\/www.strokeforeningen-helsingborg.se\/?page_id=8276","title":{"rendered":"Senh\u00f6sten 2025"},"content":{"rendered":"\n<p class=\"has-medium-font-size\"><strong>Efter en inneh\u00e5llsrik och stimulerande f\u00f6rh\u00f6st 2025 med allehanda aktiviteter &#8211; se tidigare h\u00f6staktiviteter h\u00e4r i hemsidan &#8211; avslutade vi i Strokef\u00f6reningen \u00d6resund (inklusive H\u00f6gan\u00e4sgruppen) \u00e5ret i kulinarisk anda.<\/strong><\/p>\n\n\n\n<div class=\"wp-block-image\"><figure class=\"aligncenter size-large is-resized\"><a href=\"http:\/\/www.strokeforeningen-helsingborg.se\/wp-content\/uploads\/2025\/12\/Parapeten-o-Tegel.jpg\"><img loading=\"lazy\" src=\"http:\/\/www.strokeforeningen-helsingborg.se\/wp-content\/uploads\/2025\/12\/Parapeten-o-Tegel-1024x512.jpg\" alt=\"\" class=\"wp-image-8281\" width=\"620\" height=\"310\" srcset=\"https:\/\/www.strokeforeningen-helsingborg.se\/wp-content\/uploads\/2025\/12\/Parapeten-o-Tegel-1024x512.jpg 1024w, https:\/\/www.strokeforeningen-helsingborg.se\/wp-content\/uploads\/2025\/12\/Parapeten-o-Tegel-300x150.jpg 300w, https:\/\/www.strokeforeningen-helsingborg.se\/wp-content\/uploads\/2025\/12\/Parapeten-o-Tegel-768x384.jpg 768w, https:\/\/www.strokeforeningen-helsingborg.se\/wp-content\/uploads\/2025\/12\/Parapeten-o-Tegel.jpg 1280w\" sizes=\"(max-width: 620px) 100vw, 620px\" \/><\/a><figcaption><strong>Foto<\/strong> <em>Maj L<\/em><\/figcaption><\/figure><\/div>\n\n\n\n<p class=\"has-medium-font-size\"><strong><em>Fredagen den 21 november<\/em> samlades vi p\u00e5 restaurang Parapeten, och i god st\u00e4mning nj\u00f6t vi av m\u00e5ltiden. H\u00e4r utbildas k\u00f6ks &#8211; och serveringspersonal, som beredvilliga och kunniga serverade oss den goda maten.<br>Tack f\u00f6r en trevlig eftermiddag.<\/strong><\/p>\n\n\n\n<p class=\"has-medium-font-size\"><strong><em>Onsdagen den 3 december<\/em> var det dags f\u00f6r h\u00f6stavslutning. Restaurang Tegel lockade oss med sitt fina julbord. Vi hade trevlig st\u00e4mning till julens l\u00e4ckerheter och vid avslutad m\u00e5ltid \u00f6nskade vi varandra en God Jul och ett Gott Nytt \u00c5r 2026.<br>Tack f\u00f6r en fin eftermiddag och ett minnesrikt \u00e5r 2025.<\/strong><\/p>\n","protected":false},"excerpt":{"rendered":"<p>Efter en inneh\u00e5llsrik och stimulerande f\u00f6rh\u00f6st 2025 med allehanda aktiviteter &#8211; se tidigare h\u00f6staktiviteter h\u00e4r i hemsidan &#8211; avslutade vi i Strokef\u00f6reningen \u00d6resund (inklusive H\u00f6gan\u00e4sgruppen) \u00e5ret i kulinarisk anda. Fredagen den 21 november samlades vi p\u00e5 restaurang Parapeten, och i &hellip; <a href=\"https:\/\/www.strokeforeningen-helsingborg.se\/?page_id=8276\">L\u00e4s mer <span class=\"meta-nav\">&rarr;<\/span><\/a><\/p>\n","protected":false},"author":2,"featured_media":0,"parent":8217,"menu_order":0,"comment_status":"closed","ping_status":"closed","template":"","meta":{"spay_email":"","_links_to":"","_links_to_target":""},"jetpack_shortlink":"https:\/\/wp.me\/P3JVlQ-29u","jetpack_sharing_enabled":true,"_links":{"self":[{"href":"https:\/\/www.strokeforeningen-helsingborg.se\/index.php?rest_route=\/wp\/v2\/pages\/8276"}],"collection":[{"href":"https:\/\/www.strokeforeningen-helsingborg.se\/index.php?rest_route=\/wp\/v2\/pages"}],"about":[{"href":"https:\/\/www.strokeforeningen-helsingborg.se\/index.php?rest_route=\/wp\/v2\/types\/page"}],"author":[{"embeddable":true,"href":"https:\/\/www.strokeforeningen-helsingborg.se\/index.php?rest_route=\/wp\/v2\/users\/2"}],"replies":[{"embeddable":true,"href":"https:\/\/www.strokeforeningen-helsingborg.se\/index.php?rest_route=%2Fwp%2Fv2%2Fcomments&post=8276"}],"version-history":[{"count":8,"href":"https:\/\/www.strokeforeningen-helsingborg.se\/index.php?rest_route=\/wp\/v2\/pages\/8276\/revisions"}],"predecessor-version":[{"id":8285,"href":"https:\/\/www.strokeforeningen-helsingborg.se\/index.php?rest_route=\/wp\/v2\/pages\/8276\/revisions\/8285"}],"up":[{"embeddable":true,"href":"https:\/\/www.strokeforeningen-helsingborg.se\/index.php?rest_route=\/wp\/v2\/pages\/8217"}],"wp:attachment":[{"href":"https:\/\/www.strokeforeningen-helsingborg.se\/index.php?rest_route=%2Fwp%2Fv2%2Fmedia&parent=8276"}],"curies":[{"name":"wp","href":"https:\/\/api.w.org\/{rel}","templated":true}]}}