{"id":8204,"date":"2025-09-24T11:27:44","date_gmt":"2025-09-24T11:27:44","guid":{"rendered":"https:\/\/www.strokeforeningen-helsingborg.se\/?page_id=8204"},"modified":"2025-10-02T12:03:20","modified_gmt":"2025-10-02T12:03:20","slug":"tillganglighetsmarschen-2025","status":"publish","type":"page","link":"https:\/\/www.strokeforeningen-helsingborg.se\/?page_id=8204","title":{"rendered":"Tillg\u00e4nglighetsmarschen 2025."},"content":{"rendered":"\n<div class=\"wp-block-image\"><figure class=\"aligncenter size-large is-resized\"><a href=\"https:\/\/www.strokeforeningen-helsingborg.se\/wp-content\/uploads\/2025\/09\/Tillganglighetsmarchen-sept-2025-rotated.jpg\"><img loading=\"lazy\" src=\"https:\/\/www.strokeforeningen-helsingborg.se\/wp-content\/uploads\/2025\/09\/Tillganglighetsmarchen-sept-2025-1024x768.jpg\" alt=\"\" class=\"wp-image-8210\" width=\"664\" height=\"498\" srcset=\"https:\/\/www.strokeforeningen-helsingborg.se\/wp-content\/uploads\/2025\/09\/Tillganglighetsmarchen-sept-2025-1024x768.jpg 1024w, https:\/\/www.strokeforeningen-helsingborg.se\/wp-content\/uploads\/2025\/09\/Tillganglighetsmarchen-sept-2025-300x225.jpg 300w, https:\/\/www.strokeforeningen-helsingborg.se\/wp-content\/uploads\/2025\/09\/Tillganglighetsmarchen-sept-2025-768x576.jpg 768w, https:\/\/www.strokeforeningen-helsingborg.se\/wp-content\/uploads\/2025\/09\/Tillganglighetsmarchen-sept-2025-1536x1152.jpg 1536w, https:\/\/www.strokeforeningen-helsingborg.se\/wp-content\/uploads\/2025\/09\/Tillganglighetsmarchen-sept-2025-rotated.jpg 2016w\" sizes=\"(max-width: 664px) 100vw, 664px\" \/><\/a><figcaption><strong>Marschf\u00f6rberedda Strokemedlemmar.<\/strong> <em>Foto ML<\/em><\/figcaption><\/figure><\/div>\n\n\n\n<p style=\"font-size:19px\"><strong>N\u00e5got som vi i Funktionshinderr\u00f6relsen DHS (De Handikappades Samarbetsorganisation) k\u00e4mpat f\u00f6r \u00e5r ut och \u00e5r in \u00e4r, att TILLG\u00c4NGLIGHETEN i byggnader, lokaler, f\u00e4rdmedel och p\u00e5 andra allm\u00e4nna platser beh\u00f6ver f\u00f6rb\u00e4ttras. Det kan vara en ramp f\u00f6r oss i rullstol f\u00f6r att komma in i en byggnad.&nbsp; Genom \u00e5ren har f\u00f6rb\u00e4ttringar skett &#8211; ofta genom v\u00e5ra p\u00e5tryckningar &#8211; men mycket kvarst\u00e5r. Sm\u00e5 detaljer kan var stora f\u00f6r oss. V\u00e5rt arbete att f\u00f6rb\u00e4ttra den milj\u00f6n p\u00e5g\u00e5r \u00e5ret runt, ofta bortom det massmediala. Dock h\u00f6jer vi r\u00f6sten en g\u00e5ng om \u00e5ret:<\/strong><br><br><strong>TILLG\u00c4GLIGHETSMARSCHEN, d\u00e5 vi med tydliga plakat f\u00f6r fram v\u00e5rt budskap, i det att vi med hj\u00e4lpmedel och till fots marscherar i Helsingborg fr\u00e5n S\u00f6der och genom stadens centrala delar fram till Tivoli.<\/strong><\/p>\n\n\n\n<p style=\"font-size:19px\"><strong>I \u00e5r 2025 gjorde vi det den 20 september f\u00f6r artonde g\u00e5ngen. Evenemanget anordnades av DHS i Helsingborg. Ett stort deltagarantal &#8211; vi medlemmar i Strokef\u00f6reningen och de andra handikappf\u00f6reningarna, utomst\u00e5ende samt en bred samling av v\u00e5ra n\u00e4rst\u00e5ende politiker &#8211; samlades p\u00e5 GA torg p\u00e5 S\u00f6der<\/strong>.<br><strong>Anf\u00f6rda av \u201dSambag\u00e4nget\u201d med sina slagverk t\u00e5gade vi sedan fram\u00e5t i staden f\u00f6rsedda med plakat. V\u00e4dret var vackert och m\u00e5nga m\u00e4nniskor appl\u00e5derade och s\u00f6g in v\u00e5rt budskap. V\u00e5rt l\u00e5nga t\u00e5g n\u00e5dde Tivoli, d\u00e4r god m\u00e5ltid, samkv\u00e4m och underh\u00e5llning v\u00e4ntade. <\/strong><\/p>\n\n\n\n<p style=\"font-size:19px\"><strong>Vice Ordf\u00f6rande i Funktionshinderr\u00f6relsen DHS\/Helsingborg kommun <em>Anki Celander<\/em> inledde med ett v\u00e4lkomsttal och d\u00e4refter tal av Ordf\u00f6rande i Fuktionshinderr\u00f6relsen DHS\/Helsingborg kommun <em>Yasmine Bladelius.<\/em><\/strong><br><strong>S\u00e5 v\u00e4ntade en underbar buff\u00e9. Till den v\u00e4lsmakande maten och i den goda st\u00e4mningen gav nu \u201dSambag\u00e4nget\u201d med hj\u00e4lp av slagverk och musikinstrument samt en del akrobatik en njutbar f\u00f6rest\u00e4llning.<\/strong><br><br><strong>V\u00e5r vandring genom staden och samlingen p\u00e5 Tivoli gav oss en fin och minnesrik upplevelse.<br>Tack Ni alla funktion\u00e4rer i DHS f\u00f6r allt, som Ni gjort och planerat, f\u00f6r att den h\u00e4r dagen blev minnesrik och gav oss en fin upplevelse.<\/strong><\/p>\n","protected":false},"excerpt":{"rendered":"<p>N\u00e5got som vi i Funktionshinderr\u00f6relsen DHS (De Handikappades Samarbetsorganisation) k\u00e4mpat f\u00f6r \u00e5r ut och \u00e5r in \u00e4r, att TILLG\u00c4NGLIGHETEN i byggnader, lokaler, f\u00e4rdmedel och p\u00e5 andra allm\u00e4nna platser beh\u00f6ver f\u00f6rb\u00e4ttras. Det kan vara en ramp f\u00f6r oss i rullstol f\u00f6r &hellip; <a href=\"https:\/\/www.strokeforeningen-helsingborg.se\/?page_id=8204\">L\u00e4s mer <span class=\"meta-nav\">&rarr;<\/span><\/a><\/p>\n","protected":false},"author":2,"featured_media":0,"parent":8217,"menu_order":0,"comment_status":"closed","ping_status":"closed","template":"","meta":{"spay_email":"","_links_to":"","_links_to_target":""},"jetpack_shortlink":"https:\/\/wp.me\/P3JVlQ-28k","jetpack_sharing_enabled":true,"_links":{"self":[{"href":"https:\/\/www.strokeforeningen-helsingborg.se\/index.php?rest_route=\/wp\/v2\/pages\/8204"}],"collection":[{"href":"https:\/\/www.strokeforeningen-helsingborg.se\/index.php?rest_route=\/wp\/v2\/pages"}],"about":[{"href":"https:\/\/www.strokeforeningen-helsingborg.se\/index.php?rest_route=\/wp\/v2\/types\/page"}],"author":[{"embeddable":true,"href":"https:\/\/www.strokeforeningen-helsingborg.se\/index.php?rest_route=\/wp\/v2\/users\/2"}],"replies":[{"embeddable":true,"href":"https:\/\/www.strokeforeningen-helsingborg.se\/index.php?rest_route=%2Fwp%2Fv2%2Fcomments&post=8204"}],"version-history":[{"count":8,"href":"https:\/\/www.strokeforeningen-helsingborg.se\/index.php?rest_route=\/wp\/v2\/pages\/8204\/revisions"}],"predecessor-version":[{"id":8219,"href":"https:\/\/www.strokeforeningen-helsingborg.se\/index.php?rest_route=\/wp\/v2\/pages\/8204\/revisions\/8219"}],"up":[{"embeddable":true,"href":"https:\/\/www.strokeforeningen-helsingborg.se\/index.php?rest_route=\/wp\/v2\/pages\/8217"}],"wp:attachment":[{"href":"https:\/\/www.strokeforeningen-helsingborg.se\/index.php?rest_route=%2Fwp%2Fv2%2Fmedia&parent=8204"}],"curies":[{"name":"wp","href":"https:\/\/api.w.org\/{rel}","templated":true}]}}