{"id":8089,"date":"2025-06-22T14:20:41","date_gmt":"2025-06-22T14:20:41","guid":{"rendered":"https:\/\/www.strokeforeningen-helsingborg.se\/?page_id=8089"},"modified":"2025-06-23T12:52:49","modified_gmt":"2025-06-23T12:52:49","slug":"resan-till-dalarna-i-maj-2025","status":"publish","type":"page","link":"https:\/\/www.strokeforeningen-helsingborg.se\/?page_id=8089","title":{"rendered":"Resan till Dalarna i maj 2025."},"content":{"rendered":"\n<div class=\"wp-block-image\"><figure class=\"aligncenter size-large is-resized\"><a href=\"https:\/\/www.strokeforeningen-helsingborg.se\/wp-content\/uploads\/2025\/06\/Dalarna-BM-scaled.jpg\"><img loading=\"lazy\" src=\"https:\/\/www.strokeforeningen-helsingborg.se\/wp-content\/uploads\/2025\/06\/Dalarna-BM-1024x579.jpg\" alt=\"\" class=\"wp-image-8092\" width=\"761\" height=\"430\" srcset=\"https:\/\/www.strokeforeningen-helsingborg.se\/wp-content\/uploads\/2025\/06\/Dalarna-BM-1024x579.jpg 1024w, https:\/\/www.strokeforeningen-helsingborg.se\/wp-content\/uploads\/2025\/06\/Dalarna-BM-300x170.jpg 300w, https:\/\/www.strokeforeningen-helsingborg.se\/wp-content\/uploads\/2025\/06\/Dalarna-BM-768x434.jpg 768w, https:\/\/www.strokeforeningen-helsingborg.se\/wp-content\/uploads\/2025\/06\/Dalarna-BM-1536x868.jpg 1536w, https:\/\/www.strokeforeningen-helsingborg.se\/wp-content\/uploads\/2025\/06\/Dalarna-BM-2048x1158.jpg 2048w\" sizes=\"(max-width: 761px) 100vw, 761px\" \/><\/a><figcaption><strong>Bilder fr\u00e5n resan i Dalarna<\/strong> <em>(<\/em>Britt-Marie Kristensson <em>Foto<\/em>)<\/figcaption><\/figure><\/div>\n\n\n\n<p class=\"has-medium-font-size\"><strong>Strokef\u00f6reningens \u00d6resund\/Nordvesten sommarresa 2025 gick till landskapet Dalarna. Vi deltagande medlemmar hade en f\u00f6rtr\u00e4ff p\u00e5 restaurang Hamnkrogen i H\u00f6gan\u00e4s.<br>V\u00e5r duktige chauff\u00f6r Urban plockade upp oss i sin bekv\u00e4ma och handikappanpassade buss m\u00e5ndagsmorgon den 26 maj 2025, och den behagliga f\u00e4rden norrut i landet gick av stapeln. Urban var \u201den i familjen\u201d, d\u00e5 han k\u00f6rt oss vid flera av v\u00e5ra tidigare utflykter och resor. F\u00e4rden genom de olika landskapen pausades med m\u00e5ltid i v\u00e4stg\u00f6tska Mariestad, och h\u00e4rliga stunder med \u201dbussfika\u201d f\u00f6rgyllde den l\u00e5nga resan. Vi anl\u00e4nde p\u00e5 kv\u00e4llen till v\u00e5rt boende p\u00e5 Mora Hotell i Mora och samlades till ett fint kv\u00e4llsm\u00e5l. Hotellets underbara mat och den trevliga och duktiga personalen fick oss att k\u00e4nna oss v\u00e4lkomna i v\u00e5rt boende och i det vackra dalalandskapet. H\u00e4r skulle vi njuta av v\u00e5ra frukostar och kv\u00e4llsm\u00e5ltider.<\/strong><\/p>\n\n\n\n<p class=\"has-medium-font-size\"><strong>Tre hela dagar var avsatta f\u00f6r utflykter med lunch -och fikapauser, insupande av kunskaper och njutbara upplevelser i det vackra landskapet. Duktiga guider gav oss fyllig och intressanta fakta om de tre olika objekten h\u00e4r nedan, som vi bes\u00f6kte.<\/strong><\/p>\n\n\n\n<p class=\"has-medium-font-size\"><strong><strong><em>Dalah\u00e4sten <\/em><\/strong>\u00e4r ju ett m\u00e5ste, och ett bes\u00f6k p\u00e5 fabriken i Nusn\u00e4s stod p\u00e5 v\u00e5r bes\u00f6kslista. Vi fick intressant ber\u00e4ttelse om dalah\u00e4stens historia och fick se tillverkningen. \u00c4ven om b\u00f6rjan av processen utf\u00f6rdes av robot, s\u00e5 kr\u00e4vdes en m\u00e4nsklig hand f\u00f6r det detaljrika arbetet, och vi s\u00e5g duktigt folk, som slipade h\u00e4starna f\u00f6r hand. Etthundra tusen h\u00e4star tillverkas per \u00e5r.<\/strong><\/p>\n\n\n\n<p class=\"has-medium-font-size\"><strong><em>Ett bes\u00f6k p\u00e5 Carl Larsson g\u00e5rden i Sundborn<\/em> lockade med en utst\u00e4llning om v\u00e5r ber\u00f6mde och folkk\u00e4re konstn\u00e4r Carl Larsson och hans kollegor. Vidare kunskap om Carl Larsson och hans hustru, konstn\u00e4ren Karin Larsson.<\/strong><\/p>\n\n\n\n<p class=\"has-medium-font-size\"><strong>Ej att f\u00f6rgl\u00f6mma v\u00e5rt bes\u00f6k vid <em>Falu koppargruva.<\/em> Tyv\u00e4rr var gruvan avst\u00e4ngd f\u00f6r nerfart pga rasrisk, men vi fick en god vy uppifr\u00e5n i samband med, att bussen tog oss runt gruvan, medan guiden ber\u00e4ttade f\u00f6r oss. Gruvdriften avslutades \u00e5r 1992.<\/strong><\/p>\n\n\n\n<p class=\"has-medium-font-size\"><strong>Vi hade tur med v\u00e4dret, som var till st\u00f6rsta bel\u00e5tenhet under hela resan.<br>V\u00e5r hemresa den 30 maj pausades \u00e4ven den i Mariestad f\u00f6r lunchpaus och naturligtvis blev det \u201dbussfika\u201d i v\u00e5r trevliga gemenskap.<\/strong><\/p>\n\n\n\n<p class=\"has-medium-font-size\"><strong>Tack v\u00e5r ordf\u00f6rande Alf Wallin f\u00f6r den h\u00e4r underbara och lyckade resan, som Du har lagt ner s\u00e5 mycket arbete p\u00e5 att ordna f\u00f6r oss.<\/strong><br><strong>Tack den trevliga och duktiga personalen i Mora hotell f\u00f6r behaglig vistelse hos Er, fint bem\u00f6tande och god mat.<br>Tack Urban f\u00f6r Din behagliga och s\u00e4kra k\u00f6rning. Du \u00e4r, som h\u00e4r ovan n\u00e4mnts \u201den i familjen\u201d.<br>Tack alla f\u00f6r gott kompisskap under den h\u00e4r resan.<\/strong><\/p>\n","protected":false},"excerpt":{"rendered":"<p>Strokef\u00f6reningens \u00d6resund\/Nordvesten sommarresa 2025 gick till landskapet Dalarna. Vi deltagande medlemmar hade en f\u00f6rtr\u00e4ff p\u00e5 restaurang Hamnkrogen i H\u00f6gan\u00e4s.V\u00e5r duktige chauff\u00f6r Urban plockade upp oss i sin bekv\u00e4ma och handikappanpassade buss m\u00e5ndagsmorgon den 26 maj 2025, och den behagliga f\u00e4rden &hellip; <a href=\"https:\/\/www.strokeforeningen-helsingborg.se\/?page_id=8089\">L\u00e4s mer <span class=\"meta-nav\">&rarr;<\/span><\/a><\/p>\n","protected":false},"author":2,"featured_media":0,"parent":7879,"menu_order":0,"comment_status":"closed","ping_status":"closed","template":"","meta":{"spay_email":"","_links_to":"","_links_to_target":""},"jetpack_shortlink":"https:\/\/wp.me\/P3JVlQ-26t","jetpack_sharing_enabled":true,"_links":{"self":[{"href":"https:\/\/www.strokeforeningen-helsingborg.se\/index.php?rest_route=\/wp\/v2\/pages\/8089"}],"collection":[{"href":"https:\/\/www.strokeforeningen-helsingborg.se\/index.php?rest_route=\/wp\/v2\/pages"}],"about":[{"href":"https:\/\/www.strokeforeningen-helsingborg.se\/index.php?rest_route=\/wp\/v2\/types\/page"}],"author":[{"embeddable":true,"href":"https:\/\/www.strokeforeningen-helsingborg.se\/index.php?rest_route=\/wp\/v2\/users\/2"}],"replies":[{"embeddable":true,"href":"https:\/\/www.strokeforeningen-helsingborg.se\/index.php?rest_route=%2Fwp%2Fv2%2Fcomments&post=8089"}],"version-history":[{"count":8,"href":"https:\/\/www.strokeforeningen-helsingborg.se\/index.php?rest_route=\/wp\/v2\/pages\/8089\/revisions"}],"predecessor-version":[{"id":8100,"href":"https:\/\/www.strokeforeningen-helsingborg.se\/index.php?rest_route=\/wp\/v2\/pages\/8089\/revisions\/8100"}],"up":[{"embeddable":true,"href":"https:\/\/www.strokeforeningen-helsingborg.se\/index.php?rest_route=\/wp\/v2\/pages\/7879"}],"wp:attachment":[{"href":"https:\/\/www.strokeforeningen-helsingborg.se\/index.php?rest_route=%2Fwp%2Fv2%2Fmedia&parent=8089"}],"curies":[{"name":"wp","href":"https:\/\/api.w.org\/{rel}","templated":true}]}}