{"id":8050,"date":"2025-05-20T13:59:03","date_gmt":"2025-05-20T13:59:03","guid":{"rendered":"https:\/\/www.strokeforeningen-helsingborg.se\/?page_id=8050"},"modified":"2025-05-20T14:31:31","modified_gmt":"2025-05-20T14:31:31","slug":"strokedagen-2025","status":"publish","type":"page","link":"https:\/\/www.strokeforeningen-helsingborg.se\/?page_id=8050","title":{"rendered":"Strokedagen 2025."},"content":{"rendered":"\n<div class=\"wp-block-image\"><figure class=\"aligncenter size-large is-resized\"><a href=\"http:\/\/www.strokeforeningen-helsingborg.se\/wp-content\/uploads\/2025\/05\/Strokedagen-i-HBG-o-ANG-2025-scaled.jpg\"><img loading=\"lazy\" src=\"http:\/\/www.strokeforeningen-helsingborg.se\/wp-content\/uploads\/2025\/05\/Strokedagen-i-HBG-o-ANG-2025-1024x577.jpg\" alt=\"\" class=\"wp-image-8036\" width=\"780\" height=\"439\" srcset=\"https:\/\/www.strokeforeningen-helsingborg.se\/wp-content\/uploads\/2025\/05\/Strokedagen-i-HBG-o-ANG-2025-1024x577.jpg 1024w, https:\/\/www.strokeforeningen-helsingborg.se\/wp-content\/uploads\/2025\/05\/Strokedagen-i-HBG-o-ANG-2025-300x169.jpg 300w, https:\/\/www.strokeforeningen-helsingborg.se\/wp-content\/uploads\/2025\/05\/Strokedagen-i-HBG-o-ANG-2025-768x433.jpg 768w, https:\/\/www.strokeforeningen-helsingborg.se\/wp-content\/uploads\/2025\/05\/Strokedagen-i-HBG-o-ANG-2025-1536x865.jpg 1536w, https:\/\/www.strokeforeningen-helsingborg.se\/wp-content\/uploads\/2025\/05\/Strokedagen-i-HBG-o-ANG-2025-2048x1153.jpg 2048w\" sizes=\"(max-width: 780px) 100vw, 780px\" \/><\/a><\/figure><\/div>\n\n\n\n<p class=\"has-medium-font-size\"><strong>Tisdagen den 13 maj 2025 var det den Internationella Strokedagen.<br>Vi i STROKEF\u00d6RENINGEN NORDVESTEN br\u00f6t den h\u00e4r dagen traditionen med information i \u00c4ngelholms lasarett och f\u00f6rflyttade evenemanget i samarbete med sjukhusets Strokeavdelning till v\u00e5r f\u00f6reningslokal p\u00e5 Torgtr\u00e4ffen i \u00c4ngelholm. \u00d6verl\u00e4karen f\u00f6r Neurologen vid \u00c4ngelholms lasarett Bj\u00f6rn Hedstr\u00f6m var inbjuden att tala om \u201dStroke har m\u00e5nga ansikten\u201d, vilket var Stroke Riksf\u00f6rbundets huvudtema f\u00f6r Strokedagen 2025. Djungeltelegraf och annons medf\u00f6rde fullsatt lokal, d\u00e4r bes\u00f6kare fick prata med oss medlemmar i Strokef\u00f6reningen och delta i fr\u00e5gestund. <br>Tack Bj\u00f6rn Hedstr\u00f6m f\u00f6r ditt deltagande och ditt mycket intressanta f\u00f6redrag.<\/strong><\/p>\n\n\n\n<p class=\"has-medium-font-size\"><strong>I Helsingborg bj\u00f6d STROKEF\u00d6RENINGEN \u00d6RESUND p\u00e5 information i Helsingborgs lasarett. Intresserade och nyfikna kom fram f\u00f6r samtal om Stroke.<br>Lite \u201dgr\u00e4dde p\u00e5 moset\u201d var, att man p\u00e5 lasarettet var i f\u00e4rd med en blodtryckskampanj, d\u00e4r folk tidvis k\u00f6ade f\u00f6r att f\u00e5 taget sitt blodtryck.<\/strong><\/p>\n\n\n\n<p class=\"has-medium-font-size\"><strong>Tack alla medlemmar i v\u00e5ra Strokef\u00f6reningar f\u00f6r n\u00e4rvaro och fina insatser.<\/strong><\/p>\n","protected":false},"excerpt":{"rendered":"<p>Tisdagen den 13 maj 2025 var det den Internationella Strokedagen.Vi i STROKEF\u00d6RENINGEN NORDVESTEN br\u00f6t den h\u00e4r dagen traditionen med information i \u00c4ngelholms lasarett och f\u00f6rflyttade evenemanget i samarbete med sjukhusets Strokeavdelning till v\u00e5r f\u00f6reningslokal p\u00e5 Torgtr\u00e4ffen i \u00c4ngelholm. \u00d6verl\u00e4karen f\u00f6r &hellip; <a href=\"https:\/\/www.strokeforeningen-helsingborg.se\/?page_id=8050\">L\u00e4s mer <span class=\"meta-nav\">&rarr;<\/span><\/a><\/p>\n","protected":false},"author":2,"featured_media":0,"parent":7886,"menu_order":0,"comment_status":"closed","ping_status":"closed","template":"","meta":{"spay_email":"","_links_to":"","_links_to_target":""},"jetpack_shortlink":"https:\/\/wp.me\/P3JVlQ-25Q","jetpack_sharing_enabled":true,"_links":{"self":[{"href":"https:\/\/www.strokeforeningen-helsingborg.se\/index.php?rest_route=\/wp\/v2\/pages\/8050"}],"collection":[{"href":"https:\/\/www.strokeforeningen-helsingborg.se\/index.php?rest_route=\/wp\/v2\/pages"}],"about":[{"href":"https:\/\/www.strokeforeningen-helsingborg.se\/index.php?rest_route=\/wp\/v2\/types\/page"}],"author":[{"embeddable":true,"href":"https:\/\/www.strokeforeningen-helsingborg.se\/index.php?rest_route=\/wp\/v2\/users\/2"}],"replies":[{"embeddable":true,"href":"https:\/\/www.strokeforeningen-helsingborg.se\/index.php?rest_route=%2Fwp%2Fv2%2Fcomments&post=8050"}],"version-history":[{"count":7,"href":"https:\/\/www.strokeforeningen-helsingborg.se\/index.php?rest_route=\/wp\/v2\/pages\/8050\/revisions"}],"predecessor-version":[{"id":8063,"href":"https:\/\/www.strokeforeningen-helsingborg.se\/index.php?rest_route=\/wp\/v2\/pages\/8050\/revisions\/8063"}],"up":[{"embeddable":true,"href":"https:\/\/www.strokeforeningen-helsingborg.se\/index.php?rest_route=\/wp\/v2\/pages\/7886"}],"wp:attachment":[{"href":"https:\/\/www.strokeforeningen-helsingborg.se\/index.php?rest_route=%2Fwp%2Fv2%2Fmedia&parent=8050"}],"curies":[{"name":"wp","href":"https:\/\/api.w.org\/{rel}","templated":true}]}}