{"id":7902,"date":"2025-02-14T09:56:26","date_gmt":"2025-02-14T09:56:26","guid":{"rendered":"https:\/\/www.strokeforeningen-helsingborg.se\/?page_id=7902"},"modified":"2025-02-14T10:09:55","modified_gmt":"2025-02-14T10:09:55","slug":"medlemstraff-i-februari-angelholm","status":"publish","type":"page","link":"https:\/\/www.strokeforeningen-helsingborg.se\/?page_id=7902","title":{"rendered":"Medlemstr\u00e4ff i februari \u00c4ngelholm."},"content":{"rendered":"\n<div class=\"wp-block-image\"><figure class=\"aligncenter size-large is-resized\"><a href=\"https:\/\/www.strokeforeningen-helsingborg.se\/wp-content\/uploads\/2025\/02\/Angelholm12febr2025.jpg\"><img loading=\"lazy\" src=\"https:\/\/www.strokeforeningen-helsingborg.se\/wp-content\/uploads\/2025\/02\/Angelholm12febr2025-718x1024.jpg\" alt=\"\" class=\"wp-image-7910\" width=\"495\" height=\"706\" srcset=\"https:\/\/www.strokeforeningen-helsingborg.se\/wp-content\/uploads\/2025\/02\/Angelholm12febr2025-718x1024.jpg 718w, https:\/\/www.strokeforeningen-helsingborg.se\/wp-content\/uploads\/2025\/02\/Angelholm12febr2025-210x300.jpg 210w, https:\/\/www.strokeforeningen-helsingborg.se\/wp-content\/uploads\/2025\/02\/Angelholm12febr2025-768x1095.jpg 768w, https:\/\/www.strokeforeningen-helsingborg.se\/wp-content\/uploads\/2025\/02\/Angelholm12febr2025-1077x1536.jpg 1077w, https:\/\/www.strokeforeningen-helsingborg.se\/wp-content\/uploads\/2025\/02\/Angelholm12febr2025-1437x2048.jpg 1437w, https:\/\/www.strokeforeningen-helsingborg.se\/wp-content\/uploads\/2025\/02\/Angelholm12febr2025.jpg 1527w\" sizes=\"(max-width: 495px) 100vw, 495px\" \/><\/a><figcaption><strong>Foto<\/strong><em> Dan L\u00f6wenstein<\/em><\/figcaption><\/figure><\/div>\n\n\n\n<p class=\"has-medium-font-size\"><strong>Tisdagen den 11 februari 2025 hade Strokef\u00f6reningen Nordvesten m\u00e5nadsm\u00f6te p\u00e5 Torgtr\u00e4ffen i \u00c4ngelholm. Maj framf\u00f6rde &#8221;Skivor till kaffet&#8221;, d\u00e4r vi i mysig och trevlig st\u00e4mning kn\u00e4ckte musikaliska tanken\u00f6tter till njutbar s\u00e5ng och musik. Till fikat serverades det j\u00e4ttegoda semlor, som Maj(bilden) k\u00f6r fram till borden. Samtals\u00e4mnena blev m\u00e5nga vid kaffestunden, och v\u00e5r ordf\u00f6rande Alf Wallin hade f\u00f6reningsinformation. <\/strong><br><strong>Tack alla f\u00f6r en fin eftermiddag.<\/strong><\/p>\n","protected":false},"excerpt":{"rendered":"<p>Tisdagen den 11 februari 2025 hade Strokef\u00f6reningen Nordvesten m\u00e5nadsm\u00f6te p\u00e5 Torgtr\u00e4ffen i \u00c4ngelholm. Maj framf\u00f6rde &#8221;Skivor till kaffet&#8221;, d\u00e4r vi i mysig och trevlig st\u00e4mning kn\u00e4ckte musikaliska tanken\u00f6tter till njutbar s\u00e5ng och musik. Till fikat serverades det j\u00e4ttegoda semlor, som &hellip; <a href=\"https:\/\/www.strokeforeningen-helsingborg.se\/?page_id=7902\">L\u00e4s mer <span class=\"meta-nav\">&rarr;<\/span><\/a><\/p>\n","protected":false},"author":2,"featured_media":0,"parent":7886,"menu_order":0,"comment_status":"closed","ping_status":"closed","template":"","meta":{"spay_email":"","_links_to":"","_links_to_target":""},"jetpack_shortlink":"https:\/\/wp.me\/P3JVlQ-23s","jetpack_sharing_enabled":true,"_links":{"self":[{"href":"https:\/\/www.strokeforeningen-helsingborg.se\/index.php?rest_route=\/wp\/v2\/pages\/7902"}],"collection":[{"href":"https:\/\/www.strokeforeningen-helsingborg.se\/index.php?rest_route=\/wp\/v2\/pages"}],"about":[{"href":"https:\/\/www.strokeforeningen-helsingborg.se\/index.php?rest_route=\/wp\/v2\/types\/page"}],"author":[{"embeddable":true,"href":"https:\/\/www.strokeforeningen-helsingborg.se\/index.php?rest_route=\/wp\/v2\/users\/2"}],"replies":[{"embeddable":true,"href":"https:\/\/www.strokeforeningen-helsingborg.se\/index.php?rest_route=%2Fwp%2Fv2%2Fcomments&post=7902"}],"version-history":[{"count":7,"href":"https:\/\/www.strokeforeningen-helsingborg.se\/index.php?rest_route=\/wp\/v2\/pages\/7902\/revisions"}],"predecessor-version":[{"id":7912,"href":"https:\/\/www.strokeforeningen-helsingborg.se\/index.php?rest_route=\/wp\/v2\/pages\/7902\/revisions\/7912"}],"up":[{"embeddable":true,"href":"https:\/\/www.strokeforeningen-helsingborg.se\/index.php?rest_route=\/wp\/v2\/pages\/7886"}],"wp:attachment":[{"href":"https:\/\/www.strokeforeningen-helsingborg.se\/index.php?rest_route=%2Fwp%2Fv2%2Fmedia&parent=7902"}],"curies":[{"name":"wp","href":"https:\/\/api.w.org\/{rel}","templated":true}]}}