{"id":7866,"date":"2024-12-17T14:58:55","date_gmt":"2024-12-17T14:58:55","guid":{"rendered":"https:\/\/www.strokeforeningen-helsingborg.se\/?page_id=7866"},"modified":"2024-12-17T14:59:59","modified_gmt":"2024-12-17T14:59:59","slug":"julavslutningar-2024","status":"publish","type":"page","link":"https:\/\/www.strokeforeningen-helsingborg.se\/?page_id=7866","title":{"rendered":"Julavslutningar 2024."},"content":{"rendered":"\n<div class=\"wp-block-image\"><figure class=\"aligncenter size-large is-resized\"><a href=\"http:\/\/www.strokeforeningen-helsingborg.se\/wp-content\/uploads\/2024\/12\/God-jul-2024-scaled.jpg\"><img loading=\"lazy\" src=\"http:\/\/www.strokeforeningen-helsingborg.se\/wp-content\/uploads\/2024\/12\/God-jul-2024-1024x668.jpg\" alt=\"\" class=\"wp-image-7842\" width=\"666\" height=\"433\" srcset=\"https:\/\/www.strokeforeningen-helsingborg.se\/wp-content\/uploads\/2024\/12\/God-jul-2024-1024x668.jpg 1024w, https:\/\/www.strokeforeningen-helsingborg.se\/wp-content\/uploads\/2024\/12\/God-jul-2024-300x196.jpg 300w, https:\/\/www.strokeforeningen-helsingborg.se\/wp-content\/uploads\/2024\/12\/God-jul-2024-768x501.jpg 768w, https:\/\/www.strokeforeningen-helsingborg.se\/wp-content\/uploads\/2024\/12\/God-jul-2024-1536x1001.jpg 1536w, https:\/\/www.strokeforeningen-helsingborg.se\/wp-content\/uploads\/2024\/12\/God-jul-2024-2048x1335.jpg 2048w\" sizes=\"(max-width: 666px) 100vw, 666px\" \/><\/a><figcaption><em>Fotoram fr\u00e5n viptalisman.com<\/em><\/figcaption><\/figure><\/div>\n\n\n\n<p class=\"has-medium-font-size\"><strong>Strokef\u00f6reningarna \u00d6resund\/Nordvesten har f\u00f6r alla sina lokalavdelningar haft \u00e5rsavslutningar i julens tecken. \u00d6resund(inklusive H\u00f6gan\u00e4s) p\u00e5 restaurang Tegel i Rydeb\u00e4ck. Nordvesten(\u00c4ngelholm) p\u00e5 restaurang Erikslund i Varal\u00f6v. Tack alla f\u00f6r ett fint och trevligt f\u00f6renings\u00e5r.<\/strong><\/p>\n","protected":false},"excerpt":{"rendered":"<p>Strokef\u00f6reningarna \u00d6resund\/Nordvesten har f\u00f6r alla sina lokalavdelningar haft \u00e5rsavslutningar i julens tecken. \u00d6resund(inklusive H\u00f6gan\u00e4s) p\u00e5 restaurang Tegel i Rydeb\u00e4ck. Nordvesten(\u00c4ngelholm) p\u00e5 restaurang Erikslund i Varal\u00f6v. Tack alla f\u00f6r ett fint och trevligt f\u00f6renings\u00e5r.<\/p>\n","protected":false},"author":2,"featured_media":0,"parent":7307,"menu_order":0,"comment_status":"closed","ping_status":"closed","template":"","meta":{"spay_email":"","_links_to":"","_links_to_target":""},"jetpack_shortlink":"https:\/\/wp.me\/P3JVlQ-22S","jetpack_sharing_enabled":true,"_links":{"self":[{"href":"https:\/\/www.strokeforeningen-helsingborg.se\/index.php?rest_route=\/wp\/v2\/pages\/7866"}],"collection":[{"href":"https:\/\/www.strokeforeningen-helsingborg.se\/index.php?rest_route=\/wp\/v2\/pages"}],"about":[{"href":"https:\/\/www.strokeforeningen-helsingborg.se\/index.php?rest_route=\/wp\/v2\/types\/page"}],"author":[{"embeddable":true,"href":"https:\/\/www.strokeforeningen-helsingborg.se\/index.php?rest_route=\/wp\/v2\/users\/2"}],"replies":[{"embeddable":true,"href":"https:\/\/www.strokeforeningen-helsingborg.se\/index.php?rest_route=%2Fwp%2Fv2%2Fcomments&post=7866"}],"version-history":[{"count":3,"href":"https:\/\/www.strokeforeningen-helsingborg.se\/index.php?rest_route=\/wp\/v2\/pages\/7866\/revisions"}],"predecessor-version":[{"id":7869,"href":"https:\/\/www.strokeforeningen-helsingborg.se\/index.php?rest_route=\/wp\/v2\/pages\/7866\/revisions\/7869"}],"up":[{"embeddable":true,"href":"https:\/\/www.strokeforeningen-helsingborg.se\/index.php?rest_route=\/wp\/v2\/pages\/7307"}],"wp:attachment":[{"href":"https:\/\/www.strokeforeningen-helsingborg.se\/index.php?rest_route=%2Fwp%2Fv2%2Fmedia&parent=7866"}],"curies":[{"name":"wp","href":"https:\/\/api.w.org\/{rel}","templated":true}]}}