{"id":7682,"date":"2024-09-18T12:57:08","date_gmt":"2024-09-18T12:57:08","guid":{"rendered":"https:\/\/www.strokeforeningen-helsingborg.se\/?page_id=7682"},"modified":"2024-09-18T13:39:28","modified_gmt":"2024-09-18T13:39:28","slug":"hostens-intag-i-september-2024","status":"publish","type":"page","link":"https:\/\/www.strokeforeningen-helsingborg.se\/?page_id=7682","title":{"rendered":"H\u00f6stens int\u00e5g i september 2024."},"content":{"rendered":"\n<div class=\"wp-block-image\"><figure class=\"aligncenter size-large is-resized\"><a href=\"https:\/\/www.strokeforeningen-helsingborg.se\/wp-content\/uploads\/2024\/09\/Hosttraff-2024.jpg\"><img loading=\"lazy\" src=\"https:\/\/www.strokeforeningen-helsingborg.se\/wp-content\/uploads\/2024\/09\/Hosttraff-2024.jpg\" alt=\"\" class=\"wp-image-7687\" width=\"355\" height=\"223\" srcset=\"https:\/\/www.strokeforeningen-helsingborg.se\/wp-content\/uploads\/2024\/09\/Hosttraff-2024.jpg 981w, https:\/\/www.strokeforeningen-helsingborg.se\/wp-content\/uploads\/2024\/09\/Hosttraff-2024-300x189.jpg 300w, https:\/\/www.strokeforeningen-helsingborg.se\/wp-content\/uploads\/2024\/09\/Hosttraff-2024-768x483.jpg 768w\" sizes=\"(max-width: 355px) 100vw, 355px\" \/><\/a><figcaption>Bilderna \u00e4r fr\u00e5n Majs egen samling.<\/figcaption><\/figure><\/div>\n\n\n\n<p class=\"has-medium-font-size\"><strong>Sommaren g\u00e5r mot sitt slut, och h\u00f6sten g\u00f6r sitt int\u00e5g. Vi medlemmar i Strokef\u00f6reningen \u00d6resund\/Nordvesten ser alltid fram emot att d\u00e5 ses igen. Mycket att prata om och k\u00e4ra minnen \u00f6ver en kopp kaffe eller lunch. S\u00e5 h\u00e4r i den tidiga septemberm\u00e5naden tr\u00e4ffades vi &#8221;H\u00f6gan\u00e4sare&#8221; p\u00e5 det fina konditoriet Kakboden i H\u00f6gan\u00e4s. I v\u00e5rt trevliga s\u00e4llskap nj\u00f6t vi av de goda bakverken och gott kaffe.<br>Vi &#8221;\u00c4ngelholmare&#8221; tr\u00e4ffades p\u00e5 v\u00e5rt v\u00e4lbekanta Hotell Erikslund &#8211; ligger mellan \u00c4ngelholm och Helsingborg &#8211; och nj\u00f6t tillsammans av en god lunch.<br>Det h\u00e4r blev en bra s\u00e4songsstart.<\/strong><\/p>\n\n\n\n<p><\/p>\n","protected":false},"excerpt":{"rendered":"<p>Sommaren g\u00e5r mot sitt slut, och h\u00f6sten g\u00f6r sitt int\u00e5g. Vi medlemmar i Strokef\u00f6reningen \u00d6resund\/Nordvesten ser alltid fram emot att d\u00e5 ses igen. Mycket att prata om och k\u00e4ra minnen \u00f6ver en kopp kaffe eller lunch. S\u00e5 h\u00e4r i den &hellip; <a href=\"https:\/\/www.strokeforeningen-helsingborg.se\/?page_id=7682\">L\u00e4s mer <span class=\"meta-nav\">&rarr;<\/span><\/a><\/p>\n","protected":false},"author":2,"featured_media":0,"parent":7307,"menu_order":0,"comment_status":"closed","ping_status":"closed","template":"","meta":{"spay_email":"","_links_to":"","_links_to_target":""},"jetpack_shortlink":"https:\/\/wp.me\/P3JVlQ-1ZU","jetpack_sharing_enabled":true,"_links":{"self":[{"href":"https:\/\/www.strokeforeningen-helsingborg.se\/index.php?rest_route=\/wp\/v2\/pages\/7682"}],"collection":[{"href":"https:\/\/www.strokeforeningen-helsingborg.se\/index.php?rest_route=\/wp\/v2\/pages"}],"about":[{"href":"https:\/\/www.strokeforeningen-helsingborg.se\/index.php?rest_route=\/wp\/v2\/types\/page"}],"author":[{"embeddable":true,"href":"https:\/\/www.strokeforeningen-helsingborg.se\/index.php?rest_route=\/wp\/v2\/users\/2"}],"replies":[{"embeddable":true,"href":"https:\/\/www.strokeforeningen-helsingborg.se\/index.php?rest_route=%2Fwp%2Fv2%2Fcomments&post=7682"}],"version-history":[{"count":7,"href":"https:\/\/www.strokeforeningen-helsingborg.se\/index.php?rest_route=\/wp\/v2\/pages\/7682\/revisions"}],"predecessor-version":[{"id":7691,"href":"https:\/\/www.strokeforeningen-helsingborg.se\/index.php?rest_route=\/wp\/v2\/pages\/7682\/revisions\/7691"}],"up":[{"embeddable":true,"href":"https:\/\/www.strokeforeningen-helsingborg.se\/index.php?rest_route=\/wp\/v2\/pages\/7307"}],"wp:attachment":[{"href":"https:\/\/www.strokeforeningen-helsingborg.se\/index.php?rest_route=%2Fwp%2Fv2%2Fmedia&parent=7682"}],"curies":[{"name":"wp","href":"https:\/\/api.w.org\/{rel}","templated":true}]}}