{"id":7497,"date":"2024-05-19T12:25:27","date_gmt":"2024-05-19T12:25:27","guid":{"rendered":"https:\/\/www.strokeforeningen-helsingborg.se\/?page_id=7497"},"modified":"2024-05-19T12:46:50","modified_gmt":"2024-05-19T12:46:50","slug":"7497-2","status":"publish","type":"page","link":"https:\/\/www.strokeforeningen-helsingborg.se\/?page_id=7497","title":{"rendered":"Strokedagen den 14 maj 2024."},"content":{"rendered":"\n<div class=\"wp-block-image\"><figure class=\"aligncenter size-large is-resized\"><a href=\"https:\/\/www.strokeforeningen-helsingborg.se\/wp-content\/uploads\/2024\/05\/strokedagen-scaled.jpg\"><img loading=\"lazy\" src=\"https:\/\/www.strokeforeningen-helsingborg.se\/wp-content\/uploads\/2024\/05\/strokedagen-1024x575.jpg\" alt=\"\" class=\"wp-image-7498\" width=\"660\" height=\"370\" srcset=\"https:\/\/www.strokeforeningen-helsingborg.se\/wp-content\/uploads\/2024\/05\/strokedagen-1024x575.jpg 1024w, https:\/\/www.strokeforeningen-helsingborg.se\/wp-content\/uploads\/2024\/05\/strokedagen-300x169.jpg 300w, https:\/\/www.strokeforeningen-helsingborg.se\/wp-content\/uploads\/2024\/05\/strokedagen-768x431.jpg 768w, https:\/\/www.strokeforeningen-helsingborg.se\/wp-content\/uploads\/2024\/05\/strokedagen-1536x863.jpg 1536w, https:\/\/www.strokeforeningen-helsingborg.se\/wp-content\/uploads\/2024\/05\/strokedagen-2048x1151.jpg 2048w\" sizes=\"(max-width: 660px) 100vw, 660px\" \/><\/a><figcaption><strong><em>H\u00e4r informerar vi om stroke och hj\u00e4lpmedel.<\/em><\/strong> <em>Klicka f\u00f6r st\u00f6rre bild<\/em><\/figcaption><\/figure><\/div>\n\n\n\n<p class=\"has-medium-font-size\"><strong>Tisdagen den 14 maj 2024 informerade Strokef\u00f6reningen \u00d6resund om stroke och v\u00e5r verksamhet i f\u00f6reningen. Som i tidigare \u00e5r stod vi i lasarettets foaj\u00e9. DHS, som har sin hj\u00e4lpmedelsbutik p\u00e5 Ringstorp, flyttade f\u00f6r dagen ut delar av sin verksamhet tillsammans med oss. Under dagen stannade m\u00e5nga upp och hade fr\u00e5gor och fick svar b\u00e5de om stroke och hj\u00e4lpmedel. V\u00e5r \u00c4ngelholmsgrupp hade informationsbord p\u00e5 lasarettet i \u00c4ngelholm.<\/strong><\/p>\n","protected":false},"excerpt":{"rendered":"<p>Tisdagen den 14 maj 2024 informerade Strokef\u00f6reningen \u00d6resund om stroke och v\u00e5r verksamhet i f\u00f6reningen. Som i tidigare \u00e5r stod vi i lasarettets foaj\u00e9. DHS, som har sin hj\u00e4lpmedelsbutik p\u00e5 Ringstorp, flyttade f\u00f6r dagen ut delar av sin verksamhet tillsammans &hellip; <a href=\"https:\/\/www.strokeforeningen-helsingborg.se\/?page_id=7497\">L\u00e4s mer <span class=\"meta-nav\">&rarr;<\/span><\/a><\/p>\n","protected":false},"author":2,"featured_media":0,"parent":7279,"menu_order":0,"comment_status":"closed","ping_status":"closed","template":"","meta":{"spay_email":"","_links_to":"","_links_to_target":""},"jetpack_shortlink":"https:\/\/wp.me\/P3JVlQ-1WV","jetpack_sharing_enabled":true,"_links":{"self":[{"href":"https:\/\/www.strokeforeningen-helsingborg.se\/index.php?rest_route=\/wp\/v2\/pages\/7497"}],"collection":[{"href":"https:\/\/www.strokeforeningen-helsingborg.se\/index.php?rest_route=\/wp\/v2\/pages"}],"about":[{"href":"https:\/\/www.strokeforeningen-helsingborg.se\/index.php?rest_route=\/wp\/v2\/types\/page"}],"author":[{"embeddable":true,"href":"https:\/\/www.strokeforeningen-helsingborg.se\/index.php?rest_route=\/wp\/v2\/users\/2"}],"replies":[{"embeddable":true,"href":"https:\/\/www.strokeforeningen-helsingborg.se\/index.php?rest_route=%2Fwp%2Fv2%2Fcomments&post=7497"}],"version-history":[{"count":6,"href":"https:\/\/www.strokeforeningen-helsingborg.se\/index.php?rest_route=\/wp\/v2\/pages\/7497\/revisions"}],"predecessor-version":[{"id":7504,"href":"https:\/\/www.strokeforeningen-helsingborg.se\/index.php?rest_route=\/wp\/v2\/pages\/7497\/revisions\/7504"}],"up":[{"embeddable":true,"href":"https:\/\/www.strokeforeningen-helsingborg.se\/index.php?rest_route=\/wp\/v2\/pages\/7279"}],"wp:attachment":[{"href":"https:\/\/www.strokeforeningen-helsingborg.se\/index.php?rest_route=%2Fwp%2Fv2%2Fmedia&parent=7497"}],"curies":[{"name":"wp","href":"https:\/\/api.w.org\/{rel}","templated":true}]}}