{"id":7445,"date":"2024-05-03T05:59:28","date_gmt":"2024-05-03T05:59:28","guid":{"rendered":"https:\/\/www.strokeforeningen-helsingborg.se\/?page_id=7445"},"modified":"2024-05-03T06:06:23","modified_gmt":"2024-05-03T06:06:23","slug":"medlemstraff-helsingborg-i-april","status":"publish","type":"page","link":"https:\/\/www.strokeforeningen-helsingborg.se\/?page_id=7445","title":{"rendered":"Medlemstr\u00e4ff Helsingborg i april."},"content":{"rendered":"\n<figure class=\"wp-block-image size-large is-resized\"><a href=\"http:\/\/www.strokeforeningen-helsingborg.se\/wp-content\/uploads\/2024\/05\/Vart-gamla-Helsingborg-av-Schrewelius-scaled.jpg\"><img loading=\"lazy\" src=\"http:\/\/www.strokeforeningen-helsingborg.se\/wp-content\/uploads\/2024\/05\/Vart-gamla-Helsingborg-av-Schrewelius-1024x578.jpg\" alt=\"\" class=\"wp-image-7446\" width=\"711\" height=\"401\" srcset=\"https:\/\/www.strokeforeningen-helsingborg.se\/wp-content\/uploads\/2024\/05\/Vart-gamla-Helsingborg-av-Schrewelius-1024x578.jpg 1024w, https:\/\/www.strokeforeningen-helsingborg.se\/wp-content\/uploads\/2024\/05\/Vart-gamla-Helsingborg-av-Schrewelius-300x169.jpg 300w, https:\/\/www.strokeforeningen-helsingborg.se\/wp-content\/uploads\/2024\/05\/Vart-gamla-Helsingborg-av-Schrewelius-768x433.jpg 768w, https:\/\/www.strokeforeningen-helsingborg.se\/wp-content\/uploads\/2024\/05\/Vart-gamla-Helsingborg-av-Schrewelius-1536x867.jpg 1536w, https:\/\/www.strokeforeningen-helsingborg.se\/wp-content\/uploads\/2024\/05\/Vart-gamla-Helsingborg-av-Schrewelius-2048x1156.jpg 2048w\" sizes=\"(max-width: 711px) 100vw, 711px\" \/><\/a><figcaption><em>Foto Maj L\u00f6wenstein<\/em><\/figcaption><\/figure>\n\n\n\n<p class=\"has-medium-font-size\"><strong>Tisdagen den 23 april 2024 hade Strokef\u00f6reningen \u00d6resund m\u00e5nadsm\u00f6te p\u00e5 Ringstorp i Helsingborg. Vi hade bjudit in Leif Schrevelius att ber\u00e4tta och visa bilder och film fr\u00e5n \u201dgamla Helsingborg\u201d.<\/strong><\/p>\n\n\n\n<p class=\"has-medium-font-size\"><strong>En enorm bildkollektion visades f\u00f6r oss, d\u00e4r h\u00e4ndelser och m\u00e5nga gamla platser och fastigheter &#8211; fram till 1900-talets mitt &#8211; j\u00e4mf\u00f6rdes med samma objekt i nuvarande skapelse. Bland oss fanns ju gamla helsingborgare, och spontana kommentarer h\u00f6rdes fr\u00e5n publiken. Leif kompletterade med sin breda och mycket intressanta kunskap de olika objekten och h\u00e4ndelserna.<br>Vi tittade ocks\u00e5 p\u00e5 en film fr\u00e5n 1950 &#8211; talets Helsingborg.<br>Vi f\u00e4ngslades av allt, som vi s\u00e5g p\u00e5 den vita duken och Leifs ber\u00e4ttande.<br>V\u00e5r ordf\u00f6rande Alf Wallin hade f\u00f6reningsinformation, och vi hade gott fika.<\/strong><\/p>\n\n\n\n<p class=\"has-medium-font-size\"><strong>Tack Leif Schrevelius f\u00f6r att du tagit med oss till det \u201dgamla Helsingborg\u201d.<br>Tack alla f\u00f6r en trevlig eftermiddag.<\/strong><\/p>\n\n\n\n<p><\/p>\n","protected":false},"excerpt":{"rendered":"<p>Tisdagen den 23 april 2024 hade Strokef\u00f6reningen \u00d6resund m\u00e5nadsm\u00f6te p\u00e5 Ringstorp i Helsingborg. Vi hade bjudit in Leif Schrevelius att ber\u00e4tta och visa bilder och film fr\u00e5n \u201dgamla Helsingborg\u201d. En enorm bildkollektion visades f\u00f6r oss, d\u00e4r h\u00e4ndelser och m\u00e5nga gamla &hellip; <a href=\"https:\/\/www.strokeforeningen-helsingborg.se\/?page_id=7445\">L\u00e4s mer <span class=\"meta-nav\">&rarr;<\/span><\/a><\/p>\n","protected":false},"author":2,"featured_media":0,"parent":7279,"menu_order":0,"comment_status":"closed","ping_status":"closed","template":"","meta":{"spay_email":"","_links_to":"","_links_to_target":""},"jetpack_shortlink":"https:\/\/wp.me\/P3JVlQ-1W5","jetpack_sharing_enabled":true,"_links":{"self":[{"href":"https:\/\/www.strokeforeningen-helsingborg.se\/index.php?rest_route=\/wp\/v2\/pages\/7445"}],"collection":[{"href":"https:\/\/www.strokeforeningen-helsingborg.se\/index.php?rest_route=\/wp\/v2\/pages"}],"about":[{"href":"https:\/\/www.strokeforeningen-helsingborg.se\/index.php?rest_route=\/wp\/v2\/types\/page"}],"author":[{"embeddable":true,"href":"https:\/\/www.strokeforeningen-helsingborg.se\/index.php?rest_route=\/wp\/v2\/users\/2"}],"replies":[{"embeddable":true,"href":"https:\/\/www.strokeforeningen-helsingborg.se\/index.php?rest_route=%2Fwp%2Fv2%2Fcomments&post=7445"}],"version-history":[{"count":7,"href":"https:\/\/www.strokeforeningen-helsingborg.se\/index.php?rest_route=\/wp\/v2\/pages\/7445\/revisions"}],"predecessor-version":[{"id":7453,"href":"https:\/\/www.strokeforeningen-helsingborg.se\/index.php?rest_route=\/wp\/v2\/pages\/7445\/revisions\/7453"}],"up":[{"embeddable":true,"href":"https:\/\/www.strokeforeningen-helsingborg.se\/index.php?rest_route=\/wp\/v2\/pages\/7279"}],"wp:attachment":[{"href":"https:\/\/www.strokeforeningen-helsingborg.se\/index.php?rest_route=%2Fwp%2Fv2%2Fmedia&parent=7445"}],"curies":[{"name":"wp","href":"https:\/\/api.w.org\/{rel}","templated":true}]}}