{"id":7434,"date":"2024-04-19T13:09:49","date_gmt":"2024-04-19T13:09:49","guid":{"rendered":"https:\/\/www.strokeforeningen-helsingborg.se\/?page_id=7434"},"modified":"2024-04-19T13:21:11","modified_gmt":"2024-04-19T13:21:11","slug":"medlemstraff-i-hoganas-april-2024","status":"publish","type":"page","link":"https:\/\/www.strokeforeningen-helsingborg.se\/?page_id=7434","title":{"rendered":"Medlemstr\u00e4ff i H\u00f6gan\u00e4s april 2024"},"content":{"rendered":"\n<div class=\"wp-block-image\"><figure class=\"aligncenter size-large is-resized\"><a href=\"http:\/\/www.strokeforeningen-helsingborg.se\/wp-content\/uploads\/2024\/02\/Gerward.jpg\"><img loading=\"lazy\" src=\"http:\/\/www.strokeforeningen-helsingborg.se\/wp-content\/uploads\/2024\/02\/Gerward.jpg\" alt=\"\" class=\"wp-image-7299\" width=\"256\" height=\"315\" srcset=\"https:\/\/www.strokeforeningen-helsingborg.se\/wp-content\/uploads\/2024\/02\/Gerward.jpg 392w, https:\/\/www.strokeforeningen-helsingborg.se\/wp-content\/uploads\/2024\/02\/Gerward-243x300.jpg 243w\" sizes=\"(max-width: 256px) 100vw, 256px\" \/><\/a><figcaption><strong><em>Torbj\u00f6rn Gerward.<\/em><\/strong><\/figcaption><\/figure><\/div>\n\n\n\n<p class=\"has-medium-font-size\"><strong>M\u00e5ndagen den 8 april 2024 hade Strokef\u00f6reningen \u00d6resunds H\u00f6gan\u00e4sgrupp m\u00e5nadsm\u00f6te p\u00e5 Brorsbacke i H\u00f6gan\u00e4s. Vi hade bjudit in v\u00e5r alltid v\u00e4lkomne Torbj\u00f6rn Gerward att med sin breda kunskap underh\u00e5lla oss med intressanta och l\u00e4rorika f\u00f6redrag. Idag skulle det handla om Gamla H\u00f6gan\u00e4s del 3. H\u00f6gan\u00e4s \u00e4r\u00a0 indelat i \u201dH\u00f6gan\u00e4s nedre\u201d, \u201d\u00f6vre\u201d och \u201dmitten\u201d. Nedre och \u00f6vre har Gerward ber\u00e4ttat om i tidigare Strokem\u00f6ten, som vi d\u00e5 haft tillsammans med Trygghetsboendet Brorsbacke. Idag fick vi h\u00f6ra om H\u00f6gan\u00e4s mitten.<\/strong><\/p>\n\n\n\n<p class=\"has-medium-font-size\"><strong>Naturligtvis gjorde vi det ocks\u00e5 idag tillsammans med Trygghetsboendet. V\u00e5r f\u00f6redragsh\u00e5llare talade till fullt hus och m\u00f6ttes av ivriga lyssnare, varav m\u00e5nga av oss \u201d\u00e4ldre \u00e5rg\u00e5ngar\u201d k\u00e4nde igen sig i det, som ber\u00e4ttades om och illustrerades i ett fint fotokollage. Gammalt j\u00e4mf\u00f6rdes med nytt.<br>Trygghetsv\u00e4rden Annika och hennes personal f\u00f6rgyllde dagen med gott fika. <\/strong><\/p>\n\n\n\n<p class=\"has-medium-font-size\"><strong>Tack Torbj\u00f6rn f\u00f6r ditt mycket intressanta f\u00f6redrag.<br>Tack Annika, personalen och alla \u00f6vriga f\u00f6r en trevlig eftermiddag!<\/strong><br><\/p>\n","protected":false},"excerpt":{"rendered":"<p>M\u00e5ndagen den 8 april 2024 hade Strokef\u00f6reningen \u00d6resunds H\u00f6gan\u00e4sgrupp m\u00e5nadsm\u00f6te p\u00e5 Brorsbacke i H\u00f6gan\u00e4s. Vi hade bjudit in v\u00e5r alltid v\u00e4lkomne Torbj\u00f6rn Gerward att med sin breda kunskap underh\u00e5lla oss med intressanta och l\u00e4rorika f\u00f6redrag. Idag skulle det handla om &hellip; <a href=\"https:\/\/www.strokeforeningen-helsingborg.se\/?page_id=7434\">L\u00e4s mer <span class=\"meta-nav\">&rarr;<\/span><\/a><\/p>\n","protected":false},"author":2,"featured_media":0,"parent":7279,"menu_order":0,"comment_status":"closed","ping_status":"closed","template":"","meta":{"spay_email":"","_links_to":"","_links_to_target":""},"jetpack_shortlink":"https:\/\/wp.me\/P3JVlQ-1VU","jetpack_sharing_enabled":true,"_links":{"self":[{"href":"https:\/\/www.strokeforeningen-helsingborg.se\/index.php?rest_route=\/wp\/v2\/pages\/7434"}],"collection":[{"href":"https:\/\/www.strokeforeningen-helsingborg.se\/index.php?rest_route=\/wp\/v2\/pages"}],"about":[{"href":"https:\/\/www.strokeforeningen-helsingborg.se\/index.php?rest_route=\/wp\/v2\/types\/page"}],"author":[{"embeddable":true,"href":"https:\/\/www.strokeforeningen-helsingborg.se\/index.php?rest_route=\/wp\/v2\/users\/2"}],"replies":[{"embeddable":true,"href":"https:\/\/www.strokeforeningen-helsingborg.se\/index.php?rest_route=%2Fwp%2Fv2%2Fcomments&post=7434"}],"version-history":[{"count":5,"href":"https:\/\/www.strokeforeningen-helsingborg.se\/index.php?rest_route=\/wp\/v2\/pages\/7434\/revisions"}],"predecessor-version":[{"id":7439,"href":"https:\/\/www.strokeforeningen-helsingborg.se\/index.php?rest_route=\/wp\/v2\/pages\/7434\/revisions\/7439"}],"up":[{"embeddable":true,"href":"https:\/\/www.strokeforeningen-helsingborg.se\/index.php?rest_route=\/wp\/v2\/pages\/7279"}],"wp:attachment":[{"href":"https:\/\/www.strokeforeningen-helsingborg.se\/index.php?rest_route=%2Fwp%2Fv2%2Fmedia&parent=7434"}],"curies":[{"name":"wp","href":"https:\/\/api.w.org\/{rel}","templated":true}]}}