{"id":7319,"date":"2024-02-15T14:30:21","date_gmt":"2024-02-15T14:30:21","guid":{"rendered":"https:\/\/www.strokeforeningen-helsingborg.se\/?page_id=7319"},"modified":"2024-02-15T14:51:49","modified_gmt":"2024-02-15T14:51:49","slug":"manadsmote-februari-hoganas","status":"publish","type":"page","link":"https:\/\/www.strokeforeningen-helsingborg.se\/?page_id=7319","title":{"rendered":"Medlemstr\u00e4ff februari i H\u00f6gan\u00e4s."},"content":{"rendered":"\n<div class=\"wp-block-image\"><figure class=\"aligncenter size-large is-resized\"><a href=\"https:\/\/www.strokeforeningen-helsingborg.se\/wp-content\/uploads\/2024\/02\/Skivor-till-kaffet-brorsbacke2.jpg\"><img loading=\"lazy\" src=\"https:\/\/www.strokeforeningen-helsingborg.se\/wp-content\/uploads\/2024\/02\/Skivor-till-kaffet-brorsbacke2-1024x395.jpg\" alt=\"\" class=\"wp-image-7328\" width=\"531\" height=\"205\" srcset=\"https:\/\/www.strokeforeningen-helsingborg.se\/wp-content\/uploads\/2024\/02\/Skivor-till-kaffet-brorsbacke2-1024x395.jpg 1024w, https:\/\/www.strokeforeningen-helsingborg.se\/wp-content\/uploads\/2024\/02\/Skivor-till-kaffet-brorsbacke2-300x116.jpg 300w, https:\/\/www.strokeforeningen-helsingborg.se\/wp-content\/uploads\/2024\/02\/Skivor-till-kaffet-brorsbacke2-768x296.jpg 768w, https:\/\/www.strokeforeningen-helsingborg.se\/wp-content\/uploads\/2024\/02\/Skivor-till-kaffet-brorsbacke2-1536x593.jpg 1536w, https:\/\/www.strokeforeningen-helsingborg.se\/wp-content\/uploads\/2024\/02\/Skivor-till-kaffet-brorsbacke2.jpg 1923w\" sizes=\"(max-width: 531px) 100vw, 531px\" \/><\/a><figcaption><strong><em>Alla f\u00e5r en liten vinst<\/em><\/strong>. <em>Klicka f\u00f6r st\u00f6rre bild.<\/em><\/figcaption><\/figure><\/div>\n\n\n\n<p class=\"has-medium-font-size\"><strong>M\u00e5ndagen den 12 februari 2024 hade Strokef\u00f6reningen \u00d6resunds H\u00f6gan\u00e4sgrupp m\u00e5nadsm\u00f6te, vilket vanligtvis sker p\u00e5 Brorsbacke i H\u00f6gan\u00e4s. Den h\u00e4r g\u00e5ngen i dess stora sal. Tillsammans med\u00a0 Trygghetsboendet kn\u00e4ckte vi tanken\u00f6tter i musikquizen \u201dSkivor till kaffet\u201d. Det \u00e4r en k\u00e4r tradition h\u00e4r sedan m\u00e5nga \u00e5r tillbaka och alltid lika \u00e4lskad. Quizen leddes &#8211; som alltid &#8211; av Maj i v\u00e5r Strokef\u00f6rening, och med sitt framf\u00f6rande f\u00e5r hon med sig den uppskattande publiken och en h\u00f6g st\u00e4mning.<\/strong><\/p>\n\n\n\n<p class=\"has-medium-font-size\"><strong>Annika och hennes personal s\u00e5g &#8211; som vanligt &#8211; med sin medverkan till, att evenemanget kunde genomf\u00f6ras och f\u00f6rs\u00e5g oss med gott fika.<br>Tack Annika och din personal !!<\/strong><\/p>\n\n\n\n<p class=\"has-medium-font-size\"><strong>Tack alla f\u00f6r en trevlig eftermiddag!<\/strong><\/p>\n","protected":false},"excerpt":{"rendered":"<p>M\u00e5ndagen den 12 februari 2024 hade Strokef\u00f6reningen \u00d6resunds H\u00f6gan\u00e4sgrupp m\u00e5nadsm\u00f6te, vilket vanligtvis sker p\u00e5 Brorsbacke i H\u00f6gan\u00e4s. Den h\u00e4r g\u00e5ngen i dess stora sal. Tillsammans med\u00a0 Trygghetsboendet kn\u00e4ckte vi tanken\u00f6tter i musikquizen \u201dSkivor till kaffet\u201d. Det \u00e4r en k\u00e4r tradition &hellip; <a href=\"https:\/\/www.strokeforeningen-helsingborg.se\/?page_id=7319\">L\u00e4s mer <span class=\"meta-nav\">&rarr;<\/span><\/a><\/p>\n","protected":false},"author":2,"featured_media":0,"parent":7279,"menu_order":0,"comment_status":"closed","ping_status":"closed","template":"","meta":{"spay_email":"","_links_to":"","_links_to_target":""},"jetpack_shortlink":"https:\/\/wp.me\/P3JVlQ-1U3","jetpack_sharing_enabled":true,"_links":{"self":[{"href":"https:\/\/www.strokeforeningen-helsingborg.se\/index.php?rest_route=\/wp\/v2\/pages\/7319"}],"collection":[{"href":"https:\/\/www.strokeforeningen-helsingborg.se\/index.php?rest_route=\/wp\/v2\/pages"}],"about":[{"href":"https:\/\/www.strokeforeningen-helsingborg.se\/index.php?rest_route=\/wp\/v2\/types\/page"}],"author":[{"embeddable":true,"href":"https:\/\/www.strokeforeningen-helsingborg.se\/index.php?rest_route=\/wp\/v2\/users\/2"}],"replies":[{"embeddable":true,"href":"https:\/\/www.strokeforeningen-helsingborg.se\/index.php?rest_route=%2Fwp%2Fv2%2Fcomments&post=7319"}],"version-history":[{"count":14,"href":"https:\/\/www.strokeforeningen-helsingborg.se\/index.php?rest_route=\/wp\/v2\/pages\/7319\/revisions"}],"predecessor-version":[{"id":7335,"href":"https:\/\/www.strokeforeningen-helsingborg.se\/index.php?rest_route=\/wp\/v2\/pages\/7319\/revisions\/7335"}],"up":[{"embeddable":true,"href":"https:\/\/www.strokeforeningen-helsingborg.se\/index.php?rest_route=\/wp\/v2\/pages\/7279"}],"wp:attachment":[{"href":"https:\/\/www.strokeforeningen-helsingborg.se\/index.php?rest_route=%2Fwp%2Fv2%2Fmedia&parent=7319"}],"curies":[{"name":"wp","href":"https:\/\/api.w.org\/{rel}","templated":true}]}}