{"id":7142,"date":"2023-10-19T09:20:28","date_gmt":"2023-10-19T09:20:28","guid":{"rendered":"https:\/\/www.strokeforeningen-helsingborg.se\/?page_id=7142"},"modified":"2023-10-19T09:23:23","modified_gmt":"2023-10-19T09:23:23","slug":"medlemsmote-angelholm-i-oktober-2023","status":"publish","type":"page","link":"https:\/\/www.strokeforeningen-helsingborg.se\/?page_id=7142","title":{"rendered":"Medlemsm\u00f6te \u00c4ngelholm i oktober 2023."},"content":{"rendered":"\n<div class=\"wp-block-image\"><figure class=\"aligncenter size-large is-resized\"><a href=\"http:\/\/www.strokeforeningen-helsingborg.se\/wp-content\/uploads\/2023\/10\/Skivor-till-kaffet-host-2023.jpg\"><img loading=\"lazy\" src=\"http:\/\/www.strokeforeningen-helsingborg.se\/wp-content\/uploads\/2023\/10\/Skivor-till-kaffet-host-2023-703x1024.jpg\" alt=\"\" class=\"wp-image-7138\" width=\"411\" height=\"598\" srcset=\"https:\/\/www.strokeforeningen-helsingborg.se\/wp-content\/uploads\/2023\/10\/Skivor-till-kaffet-host-2023-703x1024.jpg 703w, https:\/\/www.strokeforeningen-helsingborg.se\/wp-content\/uploads\/2023\/10\/Skivor-till-kaffet-host-2023-206x300.jpg 206w, https:\/\/www.strokeforeningen-helsingborg.se\/wp-content\/uploads\/2023\/10\/Skivor-till-kaffet-host-2023-768x1119.jpg 768w, https:\/\/www.strokeforeningen-helsingborg.se\/wp-content\/uploads\/2023\/10\/Skivor-till-kaffet-host-2023-1054x1536.jpg 1054w, https:\/\/www.strokeforeningen-helsingborg.se\/wp-content\/uploads\/2023\/10\/Skivor-till-kaffet-host-2023.jpg 1250w\" sizes=\"(max-width: 411px) 100vw, 411px\" \/><\/a><\/figure><\/div>\n\n\n\n<p class=\"has-medium-font-size\"><strong>Tisdagen den 10 oktober 2023 hade Strokef\u00f6reningen Nordvesten m\u00e5nadsm\u00f6te p\u00e5 Torgtr\u00e4ffen i \u00c4ngelholm. <\/strong><br><strong>Maj presenterade musikquizen \u201dskivor till kaffet\u201d, en k\u00e4r och popul\u00e4r tradition.<\/strong> <br><strong>Tack alla f\u00f6r en trevlig eftermiddag!<\/strong><\/p>\n","protected":false},"excerpt":{"rendered":"<p>Tisdagen den 10 oktober 2023 hade Strokef\u00f6reningen Nordvesten m\u00e5nadsm\u00f6te p\u00e5 Torgtr\u00e4ffen i \u00c4ngelholm. Maj presenterade musikquizen \u201dskivor till kaffet\u201d, en k\u00e4r och popul\u00e4r tradition. Tack alla f\u00f6r en trevlig eftermiddag!<\/p>\n","protected":false},"author":2,"featured_media":0,"parent":6750,"menu_order":0,"comment_status":"closed","ping_status":"closed","template":"","meta":{"spay_email":"","_links_to":"","_links_to_target":""},"jetpack_shortlink":"https:\/\/wp.me\/P3JVlQ-1Rc","jetpack_sharing_enabled":true,"_links":{"self":[{"href":"https:\/\/www.strokeforeningen-helsingborg.se\/index.php?rest_route=\/wp\/v2\/pages\/7142"}],"collection":[{"href":"https:\/\/www.strokeforeningen-helsingborg.se\/index.php?rest_route=\/wp\/v2\/pages"}],"about":[{"href":"https:\/\/www.strokeforeningen-helsingborg.se\/index.php?rest_route=\/wp\/v2\/types\/page"}],"author":[{"embeddable":true,"href":"https:\/\/www.strokeforeningen-helsingborg.se\/index.php?rest_route=\/wp\/v2\/users\/2"}],"replies":[{"embeddable":true,"href":"https:\/\/www.strokeforeningen-helsingborg.se\/index.php?rest_route=%2Fwp%2Fv2%2Fcomments&post=7142"}],"version-history":[{"count":3,"href":"https:\/\/www.strokeforeningen-helsingborg.se\/index.php?rest_route=\/wp\/v2\/pages\/7142\/revisions"}],"predecessor-version":[{"id":7145,"href":"https:\/\/www.strokeforeningen-helsingborg.se\/index.php?rest_route=\/wp\/v2\/pages\/7142\/revisions\/7145"}],"up":[{"embeddable":true,"href":"https:\/\/www.strokeforeningen-helsingborg.se\/index.php?rest_route=\/wp\/v2\/pages\/6750"}],"wp:attachment":[{"href":"https:\/\/www.strokeforeningen-helsingborg.se\/index.php?rest_route=%2Fwp%2Fv2%2Fmedia&parent=7142"}],"curies":[{"name":"wp","href":"https:\/\/api.w.org\/{rel}","templated":true}]}}