{"id":6824,"date":"2023-05-21T07:37:46","date_gmt":"2023-05-21T07:37:46","guid":{"rendered":"https:\/\/www.strokeforeningen-helsingborg.se\/?page_id=6824"},"modified":"2023-05-21T07:59:09","modified_gmt":"2023-05-21T07:59:09","slug":"medlemstraff-i-hoganas-i-maj-2023","status":"publish","type":"page","link":"https:\/\/www.strokeforeningen-helsingborg.se\/?page_id=6824","title":{"rendered":"Medlemstr\u00e4ff i H\u00f6gan\u00e4s i maj 2023."},"content":{"rendered":"\n<div class=\"wp-block-image\"><figure class=\"aligncenter size-large is-resized\"><a href=\"https:\/\/www.strokeforeningen-helsingborg.se\/wp-content\/uploads\/2023\/05\/Bowling-Hoganas-scaled.jpg\"><img loading=\"lazy\" src=\"https:\/\/www.strokeforeningen-helsingborg.se\/wp-content\/uploads\/2023\/05\/Bowling-Hoganas-1024x610.jpg\" alt=\"\" class=\"wp-image-6825\" width=\"577\" height=\"343\" srcset=\"https:\/\/www.strokeforeningen-helsingborg.se\/wp-content\/uploads\/2023\/05\/Bowling-Hoganas-1024x610.jpg 1024w, https:\/\/www.strokeforeningen-helsingborg.se\/wp-content\/uploads\/2023\/05\/Bowling-Hoganas-300x179.jpg 300w, https:\/\/www.strokeforeningen-helsingborg.se\/wp-content\/uploads\/2023\/05\/Bowling-Hoganas-768x458.jpg 768w, https:\/\/www.strokeforeningen-helsingborg.se\/wp-content\/uploads\/2023\/05\/Bowling-Hoganas-1536x916.jpg 1536w, https:\/\/www.strokeforeningen-helsingborg.se\/wp-content\/uploads\/2023\/05\/Bowling-Hoganas-2048x1221.jpg 2048w\" sizes=\"(max-width: 577px) 100vw, 577px\" \/><\/a><figcaption><strong>Bowling i H\u00f6gan\u00e4s<\/strong>. <em>Klicka p\u00e5 bild f\u00f6r st\u00f6rre bild<\/em>.<\/figcaption><\/figure><\/div>\n\n\n\n<p class=\"has-medium-font-size\"><strong>M\u00e5ndagen den 8 maj 2023 hade Strokef\u00f6reningen \u00d6resunds H\u00f6gan\u00e4sgrupp sitt m\u00e5nadsm\u00f6te p\u00e5 Brorsbacke. Temat f\u00f6r m\u00f6tet var \u00e5tert\u00e5g till \u00e5r 2012, d\u00e5 v\u00e5r ordf\u00f6rande Alf Walin tilltr\u00e4dde sin post. Ett rikligt bildkollage var ihopsatt, och  p\u00e5 storbildsk\u00e4rm f\u00f6rde Maj oss igenom m\u00e5nga h\u00e4ndelser genom \u00e5ren fram till idag. En upplevelserik tillbakablick till kaffet med de goda bakverken.  En och annan av oss i publiken hade h\u00e4r och var n\u00e5got intressant att till\u00e4gga.<br>Vi tackar f\u00f6r en trevlig och intressant eftermiddag!<\/strong><\/p>\n","protected":false},"excerpt":{"rendered":"<p>M\u00e5ndagen den 8 maj 2023 hade Strokef\u00f6reningen \u00d6resunds H\u00f6gan\u00e4sgrupp sitt m\u00e5nadsm\u00f6te p\u00e5 Brorsbacke. Temat f\u00f6r m\u00f6tet var \u00e5tert\u00e5g till \u00e5r 2012, d\u00e5 v\u00e5r ordf\u00f6rande Alf Walin tilltr\u00e4dde sin post. Ett rikligt bildkollage var ihopsatt, och p\u00e5 storbildsk\u00e4rm f\u00f6rde Maj oss &hellip; <a href=\"https:\/\/www.strokeforeningen-helsingborg.se\/?page_id=6824\">L\u00e4s mer <span class=\"meta-nav\">&rarr;<\/span><\/a><\/p>\n","protected":false},"author":2,"featured_media":0,"parent":6733,"menu_order":0,"comment_status":"closed","ping_status":"closed","template":"","meta":{"spay_email":"","_links_to":"","_links_to_target":""},"jetpack_shortlink":"https:\/\/wp.me\/P3JVlQ-1M4","jetpack_sharing_enabled":true,"_links":{"self":[{"href":"https:\/\/www.strokeforeningen-helsingborg.se\/index.php?rest_route=\/wp\/v2\/pages\/6824"}],"collection":[{"href":"https:\/\/www.strokeforeningen-helsingborg.se\/index.php?rest_route=\/wp\/v2\/pages"}],"about":[{"href":"https:\/\/www.strokeforeningen-helsingborg.se\/index.php?rest_route=\/wp\/v2\/types\/page"}],"author":[{"embeddable":true,"href":"https:\/\/www.strokeforeningen-helsingborg.se\/index.php?rest_route=\/wp\/v2\/users\/2"}],"replies":[{"embeddable":true,"href":"https:\/\/www.strokeforeningen-helsingborg.se\/index.php?rest_route=%2Fwp%2Fv2%2Fcomments&post=6824"}],"version-history":[{"count":6,"href":"https:\/\/www.strokeforeningen-helsingborg.se\/index.php?rest_route=\/wp\/v2\/pages\/6824\/revisions"}],"predecessor-version":[{"id":6831,"href":"https:\/\/www.strokeforeningen-helsingborg.se\/index.php?rest_route=\/wp\/v2\/pages\/6824\/revisions\/6831"}],"up":[{"embeddable":true,"href":"https:\/\/www.strokeforeningen-helsingborg.se\/index.php?rest_route=\/wp\/v2\/pages\/6733"}],"wp:attachment":[{"href":"https:\/\/www.strokeforeningen-helsingborg.se\/index.php?rest_route=%2Fwp%2Fv2%2Fmedia&parent=6824"}],"curies":[{"name":"wp","href":"https:\/\/api.w.org\/{rel}","templated":true}]}}