{"id":6752,"date":"2023-02-11T15:49:13","date_gmt":"2023-02-11T15:49:13","guid":{"rendered":"https:\/\/www.strokeforeningen-helsingborg.se\/?page_id=6752"},"modified":"2023-02-11T16:02:35","modified_gmt":"2023-02-11T16:02:35","slug":"medlemstraff-pa-torgtraffen-den-7-februari-2023","status":"publish","type":"page","link":"https:\/\/www.strokeforeningen-helsingborg.se\/?page_id=6752","title":{"rendered":"Medlemstr\u00e4ff p\u00e5 Torgtr\u00e4ffen den 7 februari 2023."},"content":{"rendered":"\n<div class=\"wp-block-image\"><figure class=\"aligncenter size-medium\"><a href=\"https:\/\/www.strokeforeningen-helsingborg.se\/wp-content\/uploads\/2023\/02\/semlorna.jpg\"><img loading=\"lazy\" width=\"300\" height=\"282\" src=\"https:\/\/www.strokeforeningen-helsingborg.se\/wp-content\/uploads\/2023\/02\/semlorna-300x282.jpg\" alt=\"\" class=\"wp-image-6753\" srcset=\"https:\/\/www.strokeforeningen-helsingborg.se\/wp-content\/uploads\/2023\/02\/semlorna-300x282.jpg 300w, https:\/\/www.strokeforeningen-helsingborg.se\/wp-content\/uploads\/2023\/02\/semlorna-1024x962.jpg 1024w, https:\/\/www.strokeforeningen-helsingborg.se\/wp-content\/uploads\/2023\/02\/semlorna-768x721.jpg 768w, https:\/\/www.strokeforeningen-helsingborg.se\/wp-content\/uploads\/2023\/02\/semlorna-1536x1443.jpg 1536w, https:\/\/www.strokeforeningen-helsingborg.se\/wp-content\/uploads\/2023\/02\/semlorna.jpg 1896w\" sizes=\"(max-width: 300px) 100vw, 300px\" \/><\/a><figcaption><strong><em>H\u00e4r \u00e4r n\u00e5gra av de goda bakverken.<\/em><\/strong><\/figcaption><\/figure><\/div>\n\n\n\n<p class=\"has-medium-font-size\"><strong>Tisdagen den 7 februari 2023 handlade m\u00e5nadsm\u00f6tet hos Strokef\u00f6reningen Nordvesten p\u00e5 Torgtr\u00e4ffen i \u00c4ngelholm om semlan och dess historia. Vi fick ett inledande f\u00f6redrag om semlans ursprung och dess uppkomst. D\u00e4refter ett vackert och konstn\u00e4rligt bildkollage med olika varianter av semlor genom \u00e5ren. <br>Vi tackar Karin och May f\u00f6r de h\u00e4rliga semlorna, som Ni egenh\u00e4ndigt bakat och fyllt med gott inneh\u00e5ll. <\/strong><\/p>\n","protected":false},"excerpt":{"rendered":"<p>Tisdagen den 7 februari 2023 handlade m\u00e5nadsm\u00f6tet hos Strokef\u00f6reningen Nordvesten p\u00e5 Torgtr\u00e4ffen i \u00c4ngelholm om semlan och dess historia. Vi fick ett inledande f\u00f6redrag om semlans ursprung och dess uppkomst. D\u00e4refter ett vackert och konstn\u00e4rligt bildkollage med olika varianter av &hellip; <a href=\"https:\/\/www.strokeforeningen-helsingborg.se\/?page_id=6752\">L\u00e4s mer <span class=\"meta-nav\">&rarr;<\/span><\/a><\/p>\n","protected":false},"author":2,"featured_media":0,"parent":6750,"menu_order":0,"comment_status":"closed","ping_status":"closed","template":"","meta":{"spay_email":"","_links_to":"","_links_to_target":""},"jetpack_shortlink":"https:\/\/wp.me\/P3JVlQ-1KU","jetpack_sharing_enabled":true,"_links":{"self":[{"href":"https:\/\/www.strokeforeningen-helsingborg.se\/index.php?rest_route=\/wp\/v2\/pages\/6752"}],"collection":[{"href":"https:\/\/www.strokeforeningen-helsingborg.se\/index.php?rest_route=\/wp\/v2\/pages"}],"about":[{"href":"https:\/\/www.strokeforeningen-helsingborg.se\/index.php?rest_route=\/wp\/v2\/types\/page"}],"author":[{"embeddable":true,"href":"https:\/\/www.strokeforeningen-helsingborg.se\/index.php?rest_route=\/wp\/v2\/users\/2"}],"replies":[{"embeddable":true,"href":"https:\/\/www.strokeforeningen-helsingborg.se\/index.php?rest_route=%2Fwp%2Fv2%2Fcomments&post=6752"}],"version-history":[{"count":4,"href":"https:\/\/www.strokeforeningen-helsingborg.se\/index.php?rest_route=\/wp\/v2\/pages\/6752\/revisions"}],"predecessor-version":[{"id":6757,"href":"https:\/\/www.strokeforeningen-helsingborg.se\/index.php?rest_route=\/wp\/v2\/pages\/6752\/revisions\/6757"}],"up":[{"embeddable":true,"href":"https:\/\/www.strokeforeningen-helsingborg.se\/index.php?rest_route=\/wp\/v2\/pages\/6750"}],"wp:attachment":[{"href":"https:\/\/www.strokeforeningen-helsingborg.se\/index.php?rest_route=%2Fwp%2Fv2%2Fmedia&parent=6752"}],"curies":[{"name":"wp","href":"https:\/\/api.w.org\/{rel}","templated":true}]}}