{"id":6680,"date":"2022-12-16T15:45:40","date_gmt":"2022-12-16T15:45:40","guid":{"rendered":"https:\/\/www.strokeforeningen-helsingborg.se\/?page_id=6680"},"modified":"2022-12-16T16:01:43","modified_gmt":"2022-12-16T16:01:43","slug":"julavslutningarna-i-stroke-foreningarna-oresund-nordvesten-2022","status":"publish","type":"page","link":"https:\/\/www.strokeforeningen-helsingborg.se\/?page_id=6680","title":{"rendered":"Julavslutningarna i Stroke-f\u00f6reningarna \u00d6resund\/Nordvesten 2022"},"content":{"rendered":"\n<div class=\"wp-block-image\"><figure class=\"aligncenter size-large is-resized\"><a href=\"https:\/\/www.strokeforeningen-helsingborg.se\/wp-content\/uploads\/2022\/12\/Bild2.jpg\"><img loading=\"lazy\" src=\"https:\/\/www.strokeforeningen-helsingborg.se\/wp-content\/uploads\/2022\/12\/Bild2-746x1024.jpg\" alt=\"\" class=\"wp-image-6681\" width=\"411\" height=\"559\"\/><\/a><figcaption><strong><em>Tomten Bengt p\u00e5 bes\u00f6k.<\/em><\/strong><\/figcaption><\/figure><\/div>\n\n\n\n<p class=\"has-medium-font-size\"><strong>December m\u00e5nad 2022 bj\u00f6d som vanligt p\u00e5 julavslutningar f\u00f6r Strokef\u00f6reningen \u00d6resund\/Nordvesten p\u00e5 Ringstorp i Helsingborg, p\u00e5 Brorsbacke i H\u00f6gan\u00e4s samt p\u00e5 Torgtr\u00e4ffen i \u00c4ngelholm. Gl\u00f6gg och pepparkakor, landg\u00e5ng med julens  l\u00e4ckerheter samt julgr\u00f6t och lite fika. Bra och gemytlig st\u00e4mning, och vi alla fick julklappar fr\u00e5n tomten. <br>Vi tackar f\u00f6r ett inneh\u00e5llsrikt och trevligt f\u00f6renings\u00e5r 2022.<\/strong><\/p>\n","protected":false},"excerpt":{"rendered":"<p>December m\u00e5nad 2022 bj\u00f6d som vanligt p\u00e5 julavslutningar f\u00f6r Strokef\u00f6reningen \u00d6resund\/Nordvesten p\u00e5 Ringstorp i Helsingborg, p\u00e5 Brorsbacke i H\u00f6gan\u00e4s samt p\u00e5 Torgtr\u00e4ffen i \u00c4ngelholm. Gl\u00f6gg och pepparkakor, landg\u00e5ng med julens l\u00e4ckerheter samt julgr\u00f6t och lite fika. Bra och gemytlig st\u00e4mning, &hellip; <a href=\"https:\/\/www.strokeforeningen-helsingborg.se\/?page_id=6680\">L\u00e4s mer <span class=\"meta-nav\">&rarr;<\/span><\/a><\/p>\n","protected":false},"author":2,"featured_media":0,"parent":6198,"menu_order":0,"comment_status":"closed","ping_status":"closed","template":"","meta":{"spay_email":"","_links_to":"","_links_to_target":""},"jetpack_shortlink":"https:\/\/wp.me\/P3JVlQ-1JK","jetpack_sharing_enabled":true,"_links":{"self":[{"href":"https:\/\/www.strokeforeningen-helsingborg.se\/index.php?rest_route=\/wp\/v2\/pages\/6680"}],"collection":[{"href":"https:\/\/www.strokeforeningen-helsingborg.se\/index.php?rest_route=\/wp\/v2\/pages"}],"about":[{"href":"https:\/\/www.strokeforeningen-helsingborg.se\/index.php?rest_route=\/wp\/v2\/types\/page"}],"author":[{"embeddable":true,"href":"https:\/\/www.strokeforeningen-helsingborg.se\/index.php?rest_route=\/wp\/v2\/users\/2"}],"replies":[{"embeddable":true,"href":"https:\/\/www.strokeforeningen-helsingborg.se\/index.php?rest_route=%2Fwp%2Fv2%2Fcomments&post=6680"}],"version-history":[{"count":6,"href":"https:\/\/www.strokeforeningen-helsingborg.se\/index.php?rest_route=\/wp\/v2\/pages\/6680\/revisions"}],"predecessor-version":[{"id":6687,"href":"https:\/\/www.strokeforeningen-helsingborg.se\/index.php?rest_route=\/wp\/v2\/pages\/6680\/revisions\/6687"}],"up":[{"embeddable":true,"href":"https:\/\/www.strokeforeningen-helsingborg.se\/index.php?rest_route=\/wp\/v2\/pages\/6198"}],"wp:attachment":[{"href":"https:\/\/www.strokeforeningen-helsingborg.se\/index.php?rest_route=%2Fwp%2Fv2%2Fmedia&parent=6680"}],"curies":[{"name":"wp","href":"https:\/\/api.w.org\/{rel}","templated":true}]}}