{"id":6645,"date":"2022-11-19T14:20:35","date_gmt":"2022-11-19T14:20:35","guid":{"rendered":"https:\/\/www.strokeforeningen-helsingborg.se\/?page_id=6645"},"modified":"2022-11-19T14:31:46","modified_gmt":"2022-11-19T14:31:46","slug":"medlemstraff-i-helsingborg-november-2022","status":"publish","type":"page","link":"https:\/\/www.strokeforeningen-helsingborg.se\/?page_id=6645","title":{"rendered":"Medlemstr\u00e4ff i Helsingborg november 2022."},"content":{"rendered":"\n<div class=\"wp-block-image\"><figure class=\"aligncenter size-medium is-resized\"><a href=\"https:\/\/www.strokeforeningen-helsingborg.se\/wp-content\/uploads\/2022\/11\/Borje.jpg\"><img loading=\"lazy\" src=\"https:\/\/www.strokeforeningen-helsingborg.se\/wp-content\/uploads\/2022\/11\/Borje-213x300.jpg\" alt=\"\" class=\"wp-image-6648\" width=\"310\" height=\"437\" srcset=\"https:\/\/www.strokeforeningen-helsingborg.se\/wp-content\/uploads\/2022\/11\/Borje-213x300.jpg 213w, https:\/\/www.strokeforeningen-helsingborg.se\/wp-content\/uploads\/2022\/11\/Borje-726x1024.jpg 726w, https:\/\/www.strokeforeningen-helsingborg.se\/wp-content\/uploads\/2022\/11\/Borje-768x1084.jpg 768w, https:\/\/www.strokeforeningen-helsingborg.se\/wp-content\/uploads\/2022\/11\/Borje-1089x1536.jpg 1089w, https:\/\/www.strokeforeningen-helsingborg.se\/wp-content\/uploads\/2022\/11\/Borje-1452x2048.jpg 1452w, https:\/\/www.strokeforeningen-helsingborg.se\/wp-content\/uploads\/2022\/11\/Borje.jpg 1650w\" sizes=\"(max-width: 310px) 100vw, 310px\" \/><\/a><figcaption><strong><em>B\u00f6rje Sj\u00f6holm. Klicka f\u00f6r st\u00f6rre bild!<\/em><\/strong><\/figcaption><\/figure><\/div>\n\n\n\n<p class=\"has-normal-font-size\"><strong>Torsdagen den 17 november 2022 hade Strokef\u00f6reningen \u00d6resund m\u00e5nadsm\u00f6te p\u00e5 Ringstorp. Pensionerade poliskommissarien B\u00f6rje Sj\u00f6holm var inbjuden att ber\u00e4tta om sitt polisliv. B\u00f6rje ber\u00e4ttade om, varf\u00f6r polisen blev hans yrkesval. Hans polisbana har varit bred, och ur denna plockade han n\u00e5gra godbitar att ber\u00e4tta om. Dessa illustrerade han med bildmaterial.<\/strong><br><strong>L\u00e4nge var han vid S\u00e4kerhetspolisen, S\u00e4po, och var d\u00e5 livvakt \u00e5t s\u00e5v\u00e4l h\u00f6ga svenska statspersoner i Sverige och vid deras vistelser utanf\u00f6r Sverige s\u00e5som \u00e5t utl\u00e4ndska s\u00e5dana vid deras bes\u00f6k i Sverige. Sp\u00e4nnande episoder och flera tunga statspersoner och diplomater passerade revy i hans ber\u00e4ttelse. En livvakt m\u00e5ste l\u00e4ra och finna sig i olika milj\u00f6er, och en av flera viktiga saker \u00e4r d\u00e5 att kunna \u201d\u00e4ta med kniv och gaffel.\u201d T.ex har han deltagit p\u00e5 Nobelfesten ikl\u00e4dd frack och har flugit med \u00f6verljudsplanet Concorde. F\u00f6rutom livvaktsuppdraget s\u00e5 arbetade B\u00f6rje med andra uppgifter inom S\u00e4po. Han gav oss en klar bild av dess verksamhet och n\u00e5gra av sina sp\u00e4nnande uppdrag i jakten p\u00e5 spioner och terrorister.<\/strong><\/p>\n\n\n\n<p class=\"has-normal-font-size\"><strong>Kommen fr\u00e5n S\u00e4po blev B\u00f6rje chef och ansvarig f\u00f6r grova brott, framf\u00f6r allt mordutredningar. Listan kan g\u00f6ras l\u00e5ng \u00f6ver alla de utredningar, som B\u00f6rje ansvarat f\u00f6r. Ett av dessa var en riksk\u00e4nd seriem\u00f6rdare, d\u00e4r vi detaljrikt fick veta de olika stegen i utredningen fr\u00e5n \u201dscratch\u201d till domstolens utslag \u2013 livstids f\u00e4ngelse. En annan var kriget mellan motorcykelg\u00e4ngen i Sk\u00e5ne p\u00e5 1990-talet.<\/strong><br><br><strong>Fr\u00e5n b\u00f6rjan till slut satt vi alla f\u00e4ngslade av B\u00f6rjes mycket intressanta och sp\u00e4nnande ber\u00e4ttande &#8211; h\u00e4r och var med humoristiska inslag.<\/strong><br><strong>Efter att B\u00f6rje svarat p\u00e5 f\u00f6ljdfr\u00e5gor fr\u00e5n publiken, s\u00e5 fikade vi, och v\u00e5r ordf\u00f6rande Alf gav f\u00f6reningsinformation.<\/strong><\/p>\n\n\n\n<p class=\"has-normal-font-size\"><strong>Tack B\u00f6rje Sj\u00f6holm f\u00f6r en mycket intressant och l\u00e4rorik ber\u00e4ttelse om ditt polisliv, polisen och r\u00e4ttsv\u00e4sendet.<br>Tack f\u00f6r en trevlig eftermiddag!<\/strong><\/p>\n","protected":false},"excerpt":{"rendered":"<p>Torsdagen den 17 november 2022 hade Strokef\u00f6reningen \u00d6resund m\u00e5nadsm\u00f6te p\u00e5 Ringstorp. Pensionerade poliskommissarien B\u00f6rje Sj\u00f6holm var inbjuden att ber\u00e4tta om sitt polisliv. B\u00f6rje ber\u00e4ttade om, varf\u00f6r polisen blev hans yrkesval. Hans polisbana har varit bred, och ur denna plockade han &hellip; <a href=\"https:\/\/www.strokeforeningen-helsingborg.se\/?page_id=6645\">L\u00e4s mer <span class=\"meta-nav\">&rarr;<\/span><\/a><\/p>\n","protected":false},"author":2,"featured_media":0,"parent":6539,"menu_order":0,"comment_status":"closed","ping_status":"closed","template":"","meta":{"spay_email":"","_links_to":"","_links_to_target":""},"jetpack_shortlink":"https:\/\/wp.me\/P3JVlQ-1Jb","jetpack_sharing_enabled":true,"_links":{"self":[{"href":"https:\/\/www.strokeforeningen-helsingborg.se\/index.php?rest_route=\/wp\/v2\/pages\/6645"}],"collection":[{"href":"https:\/\/www.strokeforeningen-helsingborg.se\/index.php?rest_route=\/wp\/v2\/pages"}],"about":[{"href":"https:\/\/www.strokeforeningen-helsingborg.se\/index.php?rest_route=\/wp\/v2\/types\/page"}],"author":[{"embeddable":true,"href":"https:\/\/www.strokeforeningen-helsingborg.se\/index.php?rest_route=\/wp\/v2\/users\/2"}],"replies":[{"embeddable":true,"href":"https:\/\/www.strokeforeningen-helsingborg.se\/index.php?rest_route=%2Fwp%2Fv2%2Fcomments&post=6645"}],"version-history":[{"count":10,"href":"https:\/\/www.strokeforeningen-helsingborg.se\/index.php?rest_route=\/wp\/v2\/pages\/6645\/revisions"}],"predecessor-version":[{"id":6656,"href":"https:\/\/www.strokeforeningen-helsingborg.se\/index.php?rest_route=\/wp\/v2\/pages\/6645\/revisions\/6656"}],"up":[{"embeddable":true,"href":"https:\/\/www.strokeforeningen-helsingborg.se\/index.php?rest_route=\/wp\/v2\/pages\/6539"}],"wp:attachment":[{"href":"https:\/\/www.strokeforeningen-helsingborg.se\/index.php?rest_route=%2Fwp%2Fv2%2Fmedia&parent=6645"}],"curies":[{"name":"wp","href":"https:\/\/api.w.org\/{rel}","templated":true}]}}