{"id":6563,"date":"2022-09-23T12:14:54","date_gmt":"2022-09-23T12:14:54","guid":{"rendered":"https:\/\/www.strokeforeningen-helsingborg.se\/?page_id=6563"},"modified":"2022-09-23T12:24:52","modified_gmt":"2022-09-23T12:24:52","slug":"manadsmote-i-helsingborg-september-2022","status":"publish","type":"page","link":"https:\/\/www.strokeforeningen-helsingborg.se\/?page_id=6563","title":{"rendered":"M\u00e5nadsm\u00f6te i Helsingborg september 2022."},"content":{"rendered":"\n<div class=\"wp-block-image\"><figure class=\"aligncenter size-large is-resized\"><a href=\"https:\/\/www.strokeforeningen-helsingborg.se\/wp-content\/uploads\/2022\/09\/Astorps-seniorkor2-scaled.jpg\"><img loading=\"lazy\" src=\"https:\/\/www.strokeforeningen-helsingborg.se\/wp-content\/uploads\/2022\/09\/Astorps-seniorkor2-1024x806.jpg\" alt=\"\" class=\"wp-image-6564\" width=\"713\" height=\"561\" srcset=\"https:\/\/www.strokeforeningen-helsingborg.se\/wp-content\/uploads\/2022\/09\/Astorps-seniorkor2-1024x806.jpg 1024w, https:\/\/www.strokeforeningen-helsingborg.se\/wp-content\/uploads\/2022\/09\/Astorps-seniorkor2-300x236.jpg 300w, https:\/\/www.strokeforeningen-helsingborg.se\/wp-content\/uploads\/2022\/09\/Astorps-seniorkor2-768x604.jpg 768w, https:\/\/www.strokeforeningen-helsingborg.se\/wp-content\/uploads\/2022\/09\/Astorps-seniorkor2-1536x1209.jpg 1536w, https:\/\/www.strokeforeningen-helsingborg.se\/wp-content\/uploads\/2022\/09\/Astorps-seniorkor2-2048x1611.jpg 2048w\" sizes=\"(max-width: 713px) 100vw, 713px\" \/><\/a><figcaption><em><strong>\u00c5storps Seniork\u00f6r. Klicka p\u00e5 bilden f\u00f6r st\u00f6rre bild.<\/strong><\/em><\/figcaption><\/figure><\/div>\n\n\n\n<p class=\"has-medium-font-size\"><strong>\u00c4nnu klingar i mina \u00f6ron den vackra s\u00e5ngen och musiken, som livs levande Seniork\u00f6ren fr\u00e5n \u00c5storp \u00e4nnu en g\u00e5ng ig\u00e5r framf\u00f6rde torsdagen <em>den 22<\/em> <em>september 2022 vid v\u00e5rt &#8211; Strokef\u00f6reningen \u00d6resund &#8211; m\u00e5nadsm\u00f6te<\/em> <em>p\u00e5 Ringstorp<\/em>. Popul\u00e4ra och goa l\u00e5tar n\u00e5dde v\u00e5ra sinnen, och st\u00e4mningen var god. Gott fika hade vi, och v\u00e5r ordf\u00f6rande Alf Wallin gav f\u00f6reningsinformation samt Marie informerade om DHS(De Handikappades Samarbetskommitt\u00e9), till vilken Strokef\u00f6reningen \u00e4r ansluten.<br>Tack Seniork\u00f6ren f\u00f6r den mycket trevliga och njutbara eftermiddagen<\/strong>!<\/p>\n","protected":false},"excerpt":{"rendered":"<p>\u00c4nnu klingar i mina \u00f6ron den vackra s\u00e5ngen och musiken, som livs levande Seniork\u00f6ren fr\u00e5n \u00c5storp \u00e4nnu en g\u00e5ng ig\u00e5r framf\u00f6rde torsdagen den 22 september 2022 vid v\u00e5rt &#8211; Strokef\u00f6reningen \u00d6resund &#8211; m\u00e5nadsm\u00f6te p\u00e5 Ringstorp. Popul\u00e4ra och goa l\u00e5tar n\u00e5dde &hellip; <a href=\"https:\/\/www.strokeforeningen-helsingborg.se\/?page_id=6563\">L\u00e4s mer <span class=\"meta-nav\">&rarr;<\/span><\/a><\/p>\n","protected":false},"author":2,"featured_media":0,"parent":6539,"menu_order":0,"comment_status":"closed","ping_status":"closed","template":"","meta":{"spay_email":"","_links_to":"","_links_to_target":""},"jetpack_shortlink":"https:\/\/wp.me\/P3JVlQ-1HR","jetpack_sharing_enabled":true,"_links":{"self":[{"href":"https:\/\/www.strokeforeningen-helsingborg.se\/index.php?rest_route=\/wp\/v2\/pages\/6563"}],"collection":[{"href":"https:\/\/www.strokeforeningen-helsingborg.se\/index.php?rest_route=\/wp\/v2\/pages"}],"about":[{"href":"https:\/\/www.strokeforeningen-helsingborg.se\/index.php?rest_route=\/wp\/v2\/types\/page"}],"author":[{"embeddable":true,"href":"https:\/\/www.strokeforeningen-helsingborg.se\/index.php?rest_route=\/wp\/v2\/users\/2"}],"replies":[{"embeddable":true,"href":"https:\/\/www.strokeforeningen-helsingborg.se\/index.php?rest_route=%2Fwp%2Fv2%2Fcomments&post=6563"}],"version-history":[{"count":8,"href":"https:\/\/www.strokeforeningen-helsingborg.se\/index.php?rest_route=\/wp\/v2\/pages\/6563\/revisions"}],"predecessor-version":[{"id":6572,"href":"https:\/\/www.strokeforeningen-helsingborg.se\/index.php?rest_route=\/wp\/v2\/pages\/6563\/revisions\/6572"}],"up":[{"embeddable":true,"href":"https:\/\/www.strokeforeningen-helsingborg.se\/index.php?rest_route=\/wp\/v2\/pages\/6539"}],"wp:attachment":[{"href":"https:\/\/www.strokeforeningen-helsingborg.se\/index.php?rest_route=%2Fwp%2Fv2%2Fmedia&parent=6563"}],"curies":[{"name":"wp","href":"https:\/\/api.w.org\/{rel}","templated":true}]}}