{"id":6390,"date":"2022-05-28T12:57:35","date_gmt":"2022-05-28T12:57:35","guid":{"rendered":"https:\/\/www.strokeforeningen-helsingborg.se\/?page_id=6390"},"modified":"2022-05-28T13:11:05","modified_gmt":"2022-05-28T13:11:05","slug":"skivor-till-kaffet-i-hoganas-i-maj","status":"publish","type":"page","link":"https:\/\/www.strokeforeningen-helsingborg.se\/?page_id=6390","title":{"rendered":"Skivor till kaffet i H\u00f6gan\u00e4s i maj"},"content":{"rendered":"\n<figure class=\"wp-block-image size-large is-resized\"><a href=\"https:\/\/www.strokeforeningen-helsingborg.se\/wp-content\/uploads\/2022\/05\/skivor-i-Hoganas.jpg\"><img loading=\"lazy\" src=\"https:\/\/www.strokeforeningen-helsingborg.se\/wp-content\/uploads\/2022\/05\/skivor-i-Hoganas-947x1024.jpg\" alt=\"\" class=\"wp-image-6391\" width=\"474\" height=\"512\" srcset=\"https:\/\/www.strokeforeningen-helsingborg.se\/wp-content\/uploads\/2022\/05\/skivor-i-Hoganas-947x1024.jpg 947w, https:\/\/www.strokeforeningen-helsingborg.se\/wp-content\/uploads\/2022\/05\/skivor-i-Hoganas-277x300.jpg 277w, https:\/\/www.strokeforeningen-helsingborg.se\/wp-content\/uploads\/2022\/05\/skivor-i-Hoganas-768x830.jpg 768w, https:\/\/www.strokeforeningen-helsingborg.se\/wp-content\/uploads\/2022\/05\/skivor-i-Hoganas-1421x1536.jpg 1421w, https:\/\/www.strokeforeningen-helsingborg.se\/wp-content\/uploads\/2022\/05\/skivor-i-Hoganas.jpg 1871w\" sizes=\"(max-width: 474px) 100vw, 474px\" \/><\/a><\/figure>\n\n\n\n<p class=\"has-medium-font-size\"><strong>M\u00e5ndagen den 23 maj 2022 var det \u00e5ter dags f\u00f6r &#8221;skivor till kaffet&#8221; p\u00e5 Brorsbacke i H\u00f6gan\u00e4s. En fler\u00e5rig tradition med musikaliska tanken\u00f6tter, som vi i Strokef\u00f6reningen H\u00f6gan\u00e4sgrupp har tillsammans med Trygghetsboendet. Som alltid ledd av Maj(p\u00e5 bilden) med en entusiastisk publik i den fullsatta salen. Trygghetsv\u00e4rden Annika bj\u00f6d p\u00e5 gott fika. Tack f\u00f6r en trevlig eftermiddag!<\/strong><\/p>\n","protected":false},"excerpt":{"rendered":"<p>M\u00e5ndagen den 23 maj 2022 var det \u00e5ter dags f\u00f6r &#8221;skivor till kaffet&#8221; p\u00e5 Brorsbacke i H\u00f6gan\u00e4s. En fler\u00e5rig tradition med musikaliska tanken\u00f6tter, som vi i Strokef\u00f6reningen H\u00f6gan\u00e4sgrupp har tillsammans med Trygghetsboendet. Som alltid ledd av Maj(p\u00e5 bilden) med en &hellip; <a href=\"https:\/\/www.strokeforeningen-helsingborg.se\/?page_id=6390\">L\u00e4s mer <span class=\"meta-nav\">&rarr;<\/span><\/a><\/p>\n","protected":false},"author":2,"featured_media":0,"parent":6202,"menu_order":0,"comment_status":"closed","ping_status":"closed","template":"","meta":{"spay_email":"","_links_to":"","_links_to_target":""},"jetpack_shortlink":"https:\/\/wp.me\/P3JVlQ-1F4","jetpack_sharing_enabled":true,"_links":{"self":[{"href":"https:\/\/www.strokeforeningen-helsingborg.se\/index.php?rest_route=\/wp\/v2\/pages\/6390"}],"collection":[{"href":"https:\/\/www.strokeforeningen-helsingborg.se\/index.php?rest_route=\/wp\/v2\/pages"}],"about":[{"href":"https:\/\/www.strokeforeningen-helsingborg.se\/index.php?rest_route=\/wp\/v2\/types\/page"}],"author":[{"embeddable":true,"href":"https:\/\/www.strokeforeningen-helsingborg.se\/index.php?rest_route=\/wp\/v2\/users\/2"}],"replies":[{"embeddable":true,"href":"https:\/\/www.strokeforeningen-helsingborg.se\/index.php?rest_route=%2Fwp%2Fv2%2Fcomments&post=6390"}],"version-history":[{"count":3,"href":"https:\/\/www.strokeforeningen-helsingborg.se\/index.php?rest_route=\/wp\/v2\/pages\/6390\/revisions"}],"predecessor-version":[{"id":6394,"href":"https:\/\/www.strokeforeningen-helsingborg.se\/index.php?rest_route=\/wp\/v2\/pages\/6390\/revisions\/6394"}],"up":[{"embeddable":true,"href":"https:\/\/www.strokeforeningen-helsingborg.se\/index.php?rest_route=\/wp\/v2\/pages\/6202"}],"wp:attachment":[{"href":"https:\/\/www.strokeforeningen-helsingborg.se\/index.php?rest_route=%2Fwp%2Fv2%2Fmedia&parent=6390"}],"curies":[{"name":"wp","href":"https:\/\/api.w.org\/{rel}","templated":true}]}}