{"id":6383,"date":"2022-05-28T12:47:10","date_gmt":"2022-05-28T12:47:10","guid":{"rendered":"https:\/\/www.strokeforeningen-helsingborg.se\/?page_id=6383"},"modified":"2022-05-28T12:54:18","modified_gmt":"2022-05-28T12:54:18","slug":"hamnkrogen-i-hoganas-den-12-maj","status":"publish","type":"page","link":"https:\/\/www.strokeforeningen-helsingborg.se\/?page_id=6383","title":{"rendered":"Hamnkrogen i H\u00f6gan\u00e4s den 12 maj."},"content":{"rendered":"\n<div class=\"wp-block-image\"><figure class=\"aligncenter size-medium is-resized\"><a href=\"https:\/\/www.strokeforeningen-helsingborg.se\/wp-content\/uploads\/2022\/05\/hamnkrogen-scaled.jpg\"><img loading=\"lazy\" src=\"https:\/\/www.strokeforeningen-helsingborg.se\/wp-content\/uploads\/2022\/05\/hamnkrogen-300x178.jpg\" alt=\"\" class=\"wp-image-6385\" width=\"413\" height=\"242\"\/><\/a><figcaption><em><strong>Klicka p\u00e5 bilden f\u00f6r st\u00f6rre bild.<\/strong><\/em><\/figcaption><\/figure><\/div>\n\n\n\n<p class=\"has-medium-font-size\"><strong>Torsdagen den 12 maj 2022 tr\u00e4ffades vi i Strokef\u00f6reningen \u00d6resunds H\u00f6gan\u00e4sgrupp p\u00e5 Hamnkrogen i H\u00f6gan\u00e4s. I den vackra sj\u00f6utsikten nj\u00f6t vi av en god lunch. Tack f\u00f6r en trevlig eftermiddag.<\/strong><\/p>\n","protected":false},"excerpt":{"rendered":"<p>Torsdagen den 12 maj 2022 tr\u00e4ffades vi i Strokef\u00f6reningen \u00d6resunds H\u00f6gan\u00e4sgrupp p\u00e5 Hamnkrogen i H\u00f6gan\u00e4s. I den vackra sj\u00f6utsikten nj\u00f6t vi av en god lunch. Tack f\u00f6r en trevlig eftermiddag.<\/p>\n","protected":false},"author":2,"featured_media":0,"parent":6202,"menu_order":0,"comment_status":"closed","ping_status":"closed","template":"","meta":{"spay_email":"","_links_to":"","_links_to_target":""},"jetpack_shortlink":"https:\/\/wp.me\/P3JVlQ-1EX","jetpack_sharing_enabled":true,"_links":{"self":[{"href":"https:\/\/www.strokeforeningen-helsingborg.se\/index.php?rest_route=\/wp\/v2\/pages\/6383"}],"collection":[{"href":"https:\/\/www.strokeforeningen-helsingborg.se\/index.php?rest_route=\/wp\/v2\/pages"}],"about":[{"href":"https:\/\/www.strokeforeningen-helsingborg.se\/index.php?rest_route=\/wp\/v2\/types\/page"}],"author":[{"embeddable":true,"href":"https:\/\/www.strokeforeningen-helsingborg.se\/index.php?rest_route=\/wp\/v2\/users\/2"}],"replies":[{"embeddable":true,"href":"https:\/\/www.strokeforeningen-helsingborg.se\/index.php?rest_route=%2Fwp%2Fv2%2Fcomments&post=6383"}],"version-history":[{"count":5,"href":"https:\/\/www.strokeforeningen-helsingborg.se\/index.php?rest_route=\/wp\/v2\/pages\/6383\/revisions"}],"predecessor-version":[{"id":6389,"href":"https:\/\/www.strokeforeningen-helsingborg.se\/index.php?rest_route=\/wp\/v2\/pages\/6383\/revisions\/6389"}],"up":[{"embeddable":true,"href":"https:\/\/www.strokeforeningen-helsingborg.se\/index.php?rest_route=\/wp\/v2\/pages\/6202"}],"wp:attachment":[{"href":"https:\/\/www.strokeforeningen-helsingborg.se\/index.php?rest_route=%2Fwp%2Fv2%2Fmedia&parent=6383"}],"curies":[{"name":"wp","href":"https:\/\/api.w.org\/{rel}","templated":true}]}}