{"id":6373,"date":"2022-05-27T13:49:03","date_gmt":"2022-05-27T13:49:03","guid":{"rendered":"https:\/\/www.strokeforeningen-helsingborg.se\/?page_id=6373"},"modified":"2022-05-27T14:50:59","modified_gmt":"2022-05-27T14:50:59","slug":"strokedagen-den-10-maj-2022","status":"publish","type":"page","link":"https:\/\/www.strokeforeningen-helsingborg.se\/?page_id=6373","title":{"rendered":"Strokedagen den 10 maj 2022"},"content":{"rendered":"\n<div class=\"wp-block-image\"><figure class=\"aligncenter size-large\"><a href=\"http:\/\/www.strokeforeningen-helsingborg.se\/wp-content\/uploads\/2022\/05\/Strokedagen2022AA-scaled.jpg\"><img loading=\"lazy\" width=\"1024\" height=\"283\" src=\"https:\/\/www.strokeforeningen-helsingborg.se\/wp-content\/uploads\/2022\/05\/Strokedagen2022AA-1024x283.jpg\" alt=\"\" class=\"wp-image-6368\" srcset=\"https:\/\/www.strokeforeningen-helsingborg.se\/wp-content\/uploads\/2022\/05\/Strokedagen2022AA-1024x283.jpg 1024w, https:\/\/www.strokeforeningen-helsingborg.se\/wp-content\/uploads\/2022\/05\/Strokedagen2022AA-300x83.jpg 300w, https:\/\/www.strokeforeningen-helsingborg.se\/wp-content\/uploads\/2022\/05\/Strokedagen2022AA-768x212.jpg 768w, https:\/\/www.strokeforeningen-helsingborg.se\/wp-content\/uploads\/2022\/05\/Strokedagen2022AA-1536x424.jpg 1536w, https:\/\/www.strokeforeningen-helsingborg.se\/wp-content\/uploads\/2022\/05\/Strokedagen2022AA-2048x565.jpg 2048w\" sizes=\"(max-width: 1024px) 100vw, 1024px\" \/><\/a><figcaption><strong><em>Klicka p\u00e5 bilden f\u00f6r st\u00f6rre bild.<\/em><\/strong><\/figcaption><\/figure><\/div>\n\n\n\n<p class=\"has-medium-font-size\"><strong><strong>Tisdagen den 10 maj 2022 uppm\u00e4rksammade vi i Strokef\u00f6reningen \u00d6resund\/Nordvesten den Internationella Strokedagen med aktivitet p\u00e5 v\u00e5ra respektive sjukhus. &#8221;\u00d6resundarna&#8221; p\u00e5 lasarettet i Helsingborg (bilden t.v.) och Nordvesten p\u00e5 lasarettet i \u00c4ngelholm (bilden t.h.). Med informationsbord om Stroke riktade vi oss till lasarettsbes\u00f6kare i de tv\u00e5 sjukhusen. I Helsingborg deltog \u00e4ven DHS Hj\u00e4lpmedelsbutik och Patientutbildningscentrum. H\u00e4r vill vi framh\u00e4va \u00c4ngelholm med sitt utbyggda sjukhus (H\u00e4lsostaden) med alla dess v\u00e5rdomr\u00e5den.<\/strong><\/strong><\/p>\n","protected":false},"excerpt":{"rendered":"<p>Tisdagen den 10 maj 2022 uppm\u00e4rksammade vi i Strokef\u00f6reningen \u00d6resund\/Nordvesten den Internationella Strokedagen med aktivitet p\u00e5 v\u00e5ra respektive sjukhus. &#8221;\u00d6resundarna&#8221; p\u00e5 lasarettet i Helsingborg (bilden t.v.) och Nordvesten p\u00e5 lasarettet i \u00c4ngelholm (bilden t.h.). Med informationsbord om Stroke riktade vi &hellip; <a href=\"https:\/\/www.strokeforeningen-helsingborg.se\/?page_id=6373\">L\u00e4s mer <span class=\"meta-nav\">&rarr;<\/span><\/a><\/p>\n","protected":false},"author":2,"featured_media":0,"parent":6202,"menu_order":0,"comment_status":"closed","ping_status":"closed","template":"","meta":{"spay_email":"","_links_to":"","_links_to_target":""},"jetpack_shortlink":"https:\/\/wp.me\/P3JVlQ-1EN","jetpack_sharing_enabled":true,"_links":{"self":[{"href":"https:\/\/www.strokeforeningen-helsingborg.se\/index.php?rest_route=\/wp\/v2\/pages\/6373"}],"collection":[{"href":"https:\/\/www.strokeforeningen-helsingborg.se\/index.php?rest_route=\/wp\/v2\/pages"}],"about":[{"href":"https:\/\/www.strokeforeningen-helsingborg.se\/index.php?rest_route=\/wp\/v2\/types\/page"}],"author":[{"embeddable":true,"href":"https:\/\/www.strokeforeningen-helsingborg.se\/index.php?rest_route=\/wp\/v2\/users\/2"}],"replies":[{"embeddable":true,"href":"https:\/\/www.strokeforeningen-helsingborg.se\/index.php?rest_route=%2Fwp%2Fv2%2Fcomments&post=6373"}],"version-history":[{"count":5,"href":"https:\/\/www.strokeforeningen-helsingborg.se\/index.php?rest_route=\/wp\/v2\/pages\/6373\/revisions"}],"predecessor-version":[{"id":6382,"href":"https:\/\/www.strokeforeningen-helsingborg.se\/index.php?rest_route=\/wp\/v2\/pages\/6373\/revisions\/6382"}],"up":[{"embeddable":true,"href":"https:\/\/www.strokeforeningen-helsingborg.se\/index.php?rest_route=\/wp\/v2\/pages\/6202"}],"wp:attachment":[{"href":"https:\/\/www.strokeforeningen-helsingborg.se\/index.php?rest_route=%2Fwp%2Fv2%2Fmedia&parent=6373"}],"curies":[{"name":"wp","href":"https:\/\/api.w.org\/{rel}","templated":true}]}}