{"id":6354,"date":"2022-05-26T12:21:33","date_gmt":"2022-05-26T12:21:33","guid":{"rendered":"https:\/\/www.strokeforeningen-helsingborg.se\/?page_id=6354"},"modified":"2022-06-02T07:03:23","modified_gmt":"2022-06-02T07:03:23","slug":"6354-2","status":"publish","type":"page","link":"https:\/\/www.strokeforeningen-helsingborg.se\/?page_id=6354","title":{"rendered":"Hembygdsparken den 12 april 2022"},"content":{"rendered":"\n<div class=\"wp-block-image\"><figure class=\"aligncenter size-medium\"><a href=\"https:\/\/www.strokeforeningen-helsingborg.se\/wp-content\/uploads\/2022\/05\/Hembygdsparken.jpg\"><img loading=\"lazy\" width=\"227\" height=\"300\" src=\"https:\/\/www.strokeforeningen-helsingborg.se\/wp-content\/uploads\/2022\/05\/Hembygdsparken-227x300.jpg\" alt=\"\" class=\"wp-image-6355\" srcset=\"https:\/\/www.strokeforeningen-helsingborg.se\/wp-content\/uploads\/2022\/05\/Hembygdsparken-227x300.jpg 227w, https:\/\/www.strokeforeningen-helsingborg.se\/wp-content\/uploads\/2022\/05\/Hembygdsparken-773x1024.jpg 773w, https:\/\/www.strokeforeningen-helsingborg.se\/wp-content\/uploads\/2022\/05\/Hembygdsparken-768x1017.jpg 768w, https:\/\/www.strokeforeningen-helsingborg.se\/wp-content\/uploads\/2022\/05\/Hembygdsparken-1160x1536.jpg 1160w, https:\/\/www.strokeforeningen-helsingborg.se\/wp-content\/uploads\/2022\/05\/Hembygdsparken-1547x2048.jpg 1547w, https:\/\/www.strokeforeningen-helsingborg.se\/wp-content\/uploads\/2022\/05\/Hembygdsparken.jpg 1869w\" sizes=\"(max-width: 227px) 100vw, 227px\" \/><\/a><figcaption><strong>Kl<em>icka p\u00e5 bilden f\u00f6r st\u00f6rre bild<\/em><\/strong><em>!<\/em><\/figcaption><\/figure><\/div>\n\n\n\n<p class=\"has-medium-font-size\"><strong>Tisdagen den 12 april 2022 hade Strokef\u00f6reningen Nordvesten m\u00e5nadsm\u00f6te, och vi m\u00f6tte v\u00e5ren i \u00c4ngelholms Hembygdspark med en god lunch. I den trevliga milj\u00f6n och i gott s\u00e4llskap hade vi mycket att prata om. Tack f\u00f6r fin eftermiddag. <\/strong><\/p>\n","protected":false},"excerpt":{"rendered":"<p>Tisdagen den 12 april 2022 hade Strokef\u00f6reningen Nordvesten m\u00e5nadsm\u00f6te, och vi m\u00f6tte v\u00e5ren i \u00c4ngelholms Hembygdspark med en god lunch. I den trevliga milj\u00f6n och i gott s\u00e4llskap hade vi mycket att prata om. Tack f\u00f6r fin eftermiddag.<\/p>\n","protected":false},"author":2,"featured_media":0,"parent":6198,"menu_order":0,"comment_status":"closed","ping_status":"closed","template":"","meta":{"spay_email":"","_links_to":"","_links_to_target":""},"jetpack_shortlink":"https:\/\/wp.me\/P3JVlQ-1Eu","jetpack_sharing_enabled":true,"_links":{"self":[{"href":"https:\/\/www.strokeforeningen-helsingborg.se\/index.php?rest_route=\/wp\/v2\/pages\/6354"}],"collection":[{"href":"https:\/\/www.strokeforeningen-helsingborg.se\/index.php?rest_route=\/wp\/v2\/pages"}],"about":[{"href":"https:\/\/www.strokeforeningen-helsingborg.se\/index.php?rest_route=\/wp\/v2\/types\/page"}],"author":[{"embeddable":true,"href":"https:\/\/www.strokeforeningen-helsingborg.se\/index.php?rest_route=\/wp\/v2\/users\/2"}],"replies":[{"embeddable":true,"href":"https:\/\/www.strokeforeningen-helsingborg.se\/index.php?rest_route=%2Fwp%2Fv2%2Fcomments&post=6354"}],"version-history":[{"count":10,"href":"https:\/\/www.strokeforeningen-helsingborg.se\/index.php?rest_route=\/wp\/v2\/pages\/6354\/revisions"}],"predecessor-version":[{"id":6418,"href":"https:\/\/www.strokeforeningen-helsingborg.se\/index.php?rest_route=\/wp\/v2\/pages\/6354\/revisions\/6418"}],"up":[{"embeddable":true,"href":"https:\/\/www.strokeforeningen-helsingborg.se\/index.php?rest_route=\/wp\/v2\/pages\/6198"}],"wp:attachment":[{"href":"https:\/\/www.strokeforeningen-helsingborg.se\/index.php?rest_route=%2Fwp%2Fv2%2Fmedia&parent=6354"}],"curies":[{"name":"wp","href":"https:\/\/api.w.org\/{rel}","templated":true}]}}