{"id":6296,"date":"2022-04-24T14:27:36","date_gmt":"2022-04-24T14:27:36","guid":{"rendered":"https:\/\/www.strokeforeningen-helsingborg.se\/?page_id=6296"},"modified":"2022-04-24T14:46:56","modified_gmt":"2022-04-24T14:46:56","slug":"6296-2","status":"publish","type":"page","link":"https:\/\/www.strokeforeningen-helsingborg.se\/?page_id=6296","title":{"rendered":"Medlemstr\u00e4ff april 2022 i Helsingborg"},"content":{"rendered":"\n<p class=\"has-normal-font-size\"><\/p>\n\n\n\n<div class=\"wp-block-image is-style-default\"><figure class=\"aligncenter size-large is-resized\"><a href=\"https:\/\/www.strokeforeningen-helsingborg.se\/wp-content\/uploads\/2022\/04\/ulf-berattar-scaled.jpg\"><img loading=\"lazy\" src=\"https:\/\/www.strokeforeningen-helsingborg.se\/wp-content\/uploads\/2022\/04\/ulf-berattar-1024x694.jpg\" alt=\"\" class=\"wp-image-6300\" width=\"496\" height=\"336\" srcset=\"https:\/\/www.strokeforeningen-helsingborg.se\/wp-content\/uploads\/2022\/04\/ulf-berattar-1024x694.jpg 1024w, https:\/\/www.strokeforeningen-helsingborg.se\/wp-content\/uploads\/2022\/04\/ulf-berattar-300x203.jpg 300w, https:\/\/www.strokeforeningen-helsingborg.se\/wp-content\/uploads\/2022\/04\/ulf-berattar-768x521.jpg 768w, https:\/\/www.strokeforeningen-helsingborg.se\/wp-content\/uploads\/2022\/04\/ulf-berattar-1536x1041.jpg 1536w, https:\/\/www.strokeforeningen-helsingborg.se\/wp-content\/uploads\/2022\/04\/ulf-berattar-2048x1388.jpg 2048w\" sizes=\"(max-width: 496px) 100vw, 496px\" \/><\/a><figcaption><em>Klicka p\u00e5 bilden f\u00f6r st\u00f6rre bild.<\/em><\/figcaption><\/figure><\/div>\n\n\n\n<p class=\"has-medium-font-size\"><em>\u201d<\/em><strong><em>Det \u00e4r mycket med det elektriska\u201d<\/em>, och \u00e4nd\u00e5 vet vi s\u00e5 lite om det.<br>K\u00e4nns uttrycket igen?\u00a0 Ja, s\u00e4kert\u2026.och vi i Strokef\u00f6reningen \u00d6resund ville \u00f6ka kunskapen om detta dagliga och breda anv\u00e4ndningsomr\u00e5de. D\u00e4rf\u00f6r bj\u00f6d vi in eln\u00e4tschefen Ulf Liljefors vid H\u00f6gan\u00e4s Energi till v\u00e5rt m\u00e5nadsm\u00f6te p\u00e5 Ringstorp torsdagen den 21 april 2022<br><br>\u00c4r det n\u00e5got, som sp\u00f6kar med okunskap i v\u00e5ra hj\u00e4rnceller, s\u00e5 \u00e4r det elektricitetens \u201dvolt, watt, elhandel, eln\u00e4t, jordfelsbrytare\u201d och mycket annat. Elr\u00e4kningen f\u00e5r v\u00e4l tillsammans med lagboken vara de klurigaste skrivelser.<br>Ulf r\u00e4tade dock &#8211; kombinerat med fin bildillustration &#8211; mycket kunnigt, intressant och f\u00f6rst\u00e5eligt ut varje fr\u00e5getecken fr\u00e5n lilla l\u00e4slampan upp till Europas sammanh\u00e4ngande elf\u00f6rs\u00f6rjning &#8211; hur allt h\u00e4nger samman och str\u00f6mmens v\u00e4g fr\u00e5n olika k\u00e4llor till brukare. Vi \u201dhemelektriker\u201d fick information och f\u00f6rmaningar, vad vi sj\u00e4lva f\u00e5r g\u00f6ra och inte g\u00f6ra.<br>Vid efterf\u00f6ljande kaffestund kom samtalet att handla om det elektriska, och Ulf fick m\u00e5nga fr\u00e5gor.<\/strong><\/p>\n\n\n\n<p class=\"has-medium-font-size\"><strong>Tack Ulf f\u00f6r en trevlig, intressant och kunskapsgivande eftermiddag<\/strong>.<\/p>\n","protected":false},"excerpt":{"rendered":"<p>\u201dDet \u00e4r mycket med det elektriska\u201d, och \u00e4nd\u00e5 vet vi s\u00e5 lite om det.K\u00e4nns uttrycket igen?\u00a0 Ja, s\u00e4kert\u2026.och vi i Strokef\u00f6reningen \u00d6resund ville \u00f6ka kunskapen om detta dagliga och breda anv\u00e4ndningsomr\u00e5de. D\u00e4rf\u00f6r bj\u00f6d vi in eln\u00e4tschefen Ulf Liljefors vid H\u00f6gan\u00e4s &hellip; <a href=\"https:\/\/www.strokeforeningen-helsingborg.se\/?page_id=6296\">L\u00e4s mer <span class=\"meta-nav\">&rarr;<\/span><\/a><\/p>\n","protected":false},"author":2,"featured_media":0,"parent":6202,"menu_order":0,"comment_status":"closed","ping_status":"closed","template":"","meta":{"spay_email":"","_links_to":"","_links_to_target":""},"jetpack_shortlink":"https:\/\/wp.me\/P3JVlQ-1Dy","jetpack_sharing_enabled":true,"_links":{"self":[{"href":"https:\/\/www.strokeforeningen-helsingborg.se\/index.php?rest_route=\/wp\/v2\/pages\/6296"}],"collection":[{"href":"https:\/\/www.strokeforeningen-helsingborg.se\/index.php?rest_route=\/wp\/v2\/pages"}],"about":[{"href":"https:\/\/www.strokeforeningen-helsingborg.se\/index.php?rest_route=\/wp\/v2\/types\/page"}],"author":[{"embeddable":true,"href":"https:\/\/www.strokeforeningen-helsingborg.se\/index.php?rest_route=\/wp\/v2\/users\/2"}],"replies":[{"embeddable":true,"href":"https:\/\/www.strokeforeningen-helsingborg.se\/index.php?rest_route=%2Fwp%2Fv2%2Fcomments&post=6296"}],"version-history":[{"count":9,"href":"https:\/\/www.strokeforeningen-helsingborg.se\/index.php?rest_route=\/wp\/v2\/pages\/6296\/revisions"}],"predecessor-version":[{"id":6307,"href":"https:\/\/www.strokeforeningen-helsingborg.se\/index.php?rest_route=\/wp\/v2\/pages\/6296\/revisions\/6307"}],"up":[{"embeddable":true,"href":"https:\/\/www.strokeforeningen-helsingborg.se\/index.php?rest_route=\/wp\/v2\/pages\/6202"}],"wp:attachment":[{"href":"https:\/\/www.strokeforeningen-helsingborg.se\/index.php?rest_route=%2Fwp%2Fv2%2Fmedia&parent=6296"}],"curies":[{"name":"wp","href":"https:\/\/api.w.org\/{rel}","templated":true}]}}