{"id":6251,"date":"2022-03-23T09:34:17","date_gmt":"2022-03-23T09:34:17","guid":{"rendered":"https:\/\/www.strokeforeningen-helsingborg.se\/?page_id=6251"},"modified":"2022-03-23T09:50:50","modified_gmt":"2022-03-23T09:50:50","slug":"arsmote-oresund-nordvesten-mars-2022","status":"publish","type":"page","link":"https:\/\/www.strokeforeningen-helsingborg.se\/?page_id=6251","title":{"rendered":"\u00c5rsm\u00f6te \u00d6resund\/Nordvesten mars 2022"},"content":{"rendered":"\n<figure class=\"wp-block-image size-medium is-resized\"><a href=\"https:\/\/www.strokeforeningen-helsingborg.se\/wp-content\/uploads\/2022\/03\/ordforandeklubba-med-visitkort.png\"><img loading=\"lazy\" src=\"https:\/\/www.strokeforeningen-helsingborg.se\/wp-content\/uploads\/2022\/03\/ordforandeklubba-med-visitkort-300x211.png\" alt=\"\" class=\"wp-image-6252\" width=\"300\" height=\"211\" srcset=\"https:\/\/www.strokeforeningen-helsingborg.se\/wp-content\/uploads\/2022\/03\/ordforandeklubba-med-visitkort-300x211.png 300w, https:\/\/www.strokeforeningen-helsingborg.se\/wp-content\/uploads\/2022\/03\/ordforandeklubba-med-visitkort-1024x719.png 1024w, https:\/\/www.strokeforeningen-helsingborg.se\/wp-content\/uploads\/2022\/03\/ordforandeklubba-med-visitkort-768x539.png 768w, https:\/\/www.strokeforeningen-helsingborg.se\/wp-content\/uploads\/2022\/03\/ordforandeklubba-med-visitkort-1536x1079.png 1536w, https:\/\/www.strokeforeningen-helsingborg.se\/wp-content\/uploads\/2022\/03\/ordforandeklubba-med-visitkort-2048x1438.png 2048w\" sizes=\"(max-width: 300px) 100vw, 300px\" \/><\/a><\/figure>\n\n\n\n<p class=\"has-medium-font-size\"><strong>Strokef\u00f6reningarna \u00d6resund\/Nordvesten har i mars 2022 h\u00e5llit sina respektive \u00e5rsm\u00f6ten. Vi tackar Bj\u00f6rn och Bengt f\u00f6r fint h\u00e5llna m\u00f6ten. \u00c4ven tack till v\u00e5r f\u00f6reningsordf\u00f6rande i \u00d6resund och Nordvesten, Alf Wallin, f\u00f6r ett fint f\u00f6renings\u00e5r 2021. Efter avslutade m\u00f6tesf\u00f6rhandlingar &#8221;lyxade&#8221; vi b\u00e5da f\u00f6reningar till det med r\u00e4kmacka, kaffe och kaka. Nu ser vi fram mot ett nytt \u00e5r och f\u00f6rhoppningsvis utan pandemipauser.<\/strong><\/p>\n","protected":false},"excerpt":{"rendered":"<p>Strokef\u00f6reningarna \u00d6resund\/Nordvesten har i mars 2022 h\u00e5llit sina respektive \u00e5rsm\u00f6ten. Vi tackar Bj\u00f6rn och Bengt f\u00f6r fint h\u00e5llna m\u00f6ten. \u00c4ven tack till v\u00e5r f\u00f6reningsordf\u00f6rande i \u00d6resund och Nordvesten, Alf Wallin, f\u00f6r ett fint f\u00f6renings\u00e5r 2021. Efter avslutade m\u00f6tesf\u00f6rhandlingar &#8221;lyxade&#8221; vi &hellip; <a href=\"https:\/\/www.strokeforeningen-helsingborg.se\/?page_id=6251\">L\u00e4s mer <span class=\"meta-nav\">&rarr;<\/span><\/a><\/p>\n","protected":false},"author":2,"featured_media":0,"parent":6202,"menu_order":0,"comment_status":"closed","ping_status":"closed","template":"","meta":{"spay_email":"","_links_to":"","_links_to_target":""},"jetpack_shortlink":"https:\/\/wp.me\/P3JVlQ-1CP","jetpack_sharing_enabled":true,"_links":{"self":[{"href":"https:\/\/www.strokeforeningen-helsingborg.se\/index.php?rest_route=\/wp\/v2\/pages\/6251"}],"collection":[{"href":"https:\/\/www.strokeforeningen-helsingborg.se\/index.php?rest_route=\/wp\/v2\/pages"}],"about":[{"href":"https:\/\/www.strokeforeningen-helsingborg.se\/index.php?rest_route=\/wp\/v2\/types\/page"}],"author":[{"embeddable":true,"href":"https:\/\/www.strokeforeningen-helsingborg.se\/index.php?rest_route=\/wp\/v2\/users\/2"}],"replies":[{"embeddable":true,"href":"https:\/\/www.strokeforeningen-helsingborg.se\/index.php?rest_route=%2Fwp%2Fv2%2Fcomments&post=6251"}],"version-history":[{"count":4,"href":"https:\/\/www.strokeforeningen-helsingborg.se\/index.php?rest_route=\/wp\/v2\/pages\/6251\/revisions"}],"predecessor-version":[{"id":6256,"href":"https:\/\/www.strokeforeningen-helsingborg.se\/index.php?rest_route=\/wp\/v2\/pages\/6251\/revisions\/6256"}],"up":[{"embeddable":true,"href":"https:\/\/www.strokeforeningen-helsingborg.se\/index.php?rest_route=\/wp\/v2\/pages\/6202"}],"wp:attachment":[{"href":"https:\/\/www.strokeforeningen-helsingborg.se\/index.php?rest_route=%2Fwp%2Fv2%2Fmedia&parent=6251"}],"curies":[{"name":"wp","href":"https:\/\/api.w.org\/{rel}","templated":true}]}}