{"id":6204,"date":"2022-02-22T09:18:56","date_gmt":"2022-02-22T09:18:56","guid":{"rendered":"https:\/\/www.strokeforeningen-helsingborg.se\/?page_id=6204"},"modified":"2022-02-22T09:20:08","modified_gmt":"2022-02-22T09:20:08","slug":"medlemstraff-i-februari-i-hoganas","status":"publish","type":"page","link":"https:\/\/www.strokeforeningen-helsingborg.se\/?page_id=6204","title":{"rendered":"Medlemstr\u00e4ff februari i H\u00f6gan\u00e4s."},"content":{"rendered":"\n<p class=\"has-medium-font-size\"><strong>M\u00e5ndagen den 7 februari 2022 tr\u00e4ffades Strokef\u00f6reingens H\u00f6gan\u00e4sgrupp p\u00e5 den strandn\u00e4ra restaurangen Hamnkrogen i H\u00f6gan\u00e4s. Trevlig st\u00e4mning och god mat bidrog till en trevlig eftermiddag.<br>M\u00e5nga tack!!<\/strong><\/p>\n","protected":false},"excerpt":{"rendered":"<p>M\u00e5ndagen den 7 februari 2022 tr\u00e4ffades Strokef\u00f6reingens H\u00f6gan\u00e4sgrupp p\u00e5 den strandn\u00e4ra restaurangen Hamnkrogen i H\u00f6gan\u00e4s. Trevlig st\u00e4mning och god mat bidrog till en trevlig eftermiddag.M\u00e5nga tack!!<\/p>\n","protected":false},"author":2,"featured_media":0,"parent":6202,"menu_order":0,"comment_status":"closed","ping_status":"closed","template":"","meta":{"spay_email":"","_links_to":"","_links_to_target":""},"jetpack_shortlink":"https:\/\/wp.me\/P3JVlQ-1C4","jetpack_sharing_enabled":true,"_links":{"self":[{"href":"https:\/\/www.strokeforeningen-helsingborg.se\/index.php?rest_route=\/wp\/v2\/pages\/6204"}],"collection":[{"href":"https:\/\/www.strokeforeningen-helsingborg.se\/index.php?rest_route=\/wp\/v2\/pages"}],"about":[{"href":"https:\/\/www.strokeforeningen-helsingborg.se\/index.php?rest_route=\/wp\/v2\/types\/page"}],"author":[{"embeddable":true,"href":"https:\/\/www.strokeforeningen-helsingborg.se\/index.php?rest_route=\/wp\/v2\/users\/2"}],"replies":[{"embeddable":true,"href":"https:\/\/www.strokeforeningen-helsingborg.se\/index.php?rest_route=%2Fwp%2Fv2%2Fcomments&post=6204"}],"version-history":[{"count":2,"href":"https:\/\/www.strokeforeningen-helsingborg.se\/index.php?rest_route=\/wp\/v2\/pages\/6204\/revisions"}],"predecessor-version":[{"id":6206,"href":"https:\/\/www.strokeforeningen-helsingborg.se\/index.php?rest_route=\/wp\/v2\/pages\/6204\/revisions\/6206"}],"up":[{"embeddable":true,"href":"https:\/\/www.strokeforeningen-helsingborg.se\/index.php?rest_route=\/wp\/v2\/pages\/6202"}],"wp:attachment":[{"href":"https:\/\/www.strokeforeningen-helsingborg.se\/index.php?rest_route=%2Fwp%2Fv2%2Fmedia&parent=6204"}],"curies":[{"name":"wp","href":"https:\/\/api.w.org\/{rel}","templated":true}]}}