{"id":6119,"date":"2021-12-15T17:53:59","date_gmt":"2021-12-15T17:53:59","guid":{"rendered":"https:\/\/www.strokeforeningen-helsingborg.se\/?page_id=6119"},"modified":"2021-12-15T18:01:39","modified_gmt":"2021-12-15T18:01:39","slug":"julavslutningarna-i-stroke-foreningarna-oresund-nordvesten-2021","status":"publish","type":"page","link":"https:\/\/www.strokeforeningen-helsingborg.se\/?page_id=6119","title":{"rendered":"Julavslutningarna i Stroke-f\u00f6reningarna \u00d6resund\/Nordvesten 2021"},"content":{"rendered":"\n<p class=\"has-medium-font-size\"><strong>I det vackra decemberm\u00f6rkret \u00e5r 2021 hade vi i Strokef\u00f6reningen \u00d6resund\/Nordvesten v\u00e5ra traditionsenliga julfester. <em>\u00d6resund<\/em> p\u00e5 Ringstorp den 9 december, <em>H\u00f6gan\u00e4sgruppen<\/em> p\u00e5 Hamnkrogen i H\u00f6gan\u00e4s den 13 december och <em>Nordvesten(<\/em>\u00c4ngelholm) p\u00e5 Torgtr\u00e4ffen den 14 december. Gl\u00f6gg och fina julanr\u00e4ttningar i trevlig st\u00e4mning fyllde v\u00e5ra inre. Samtals\u00e4mnena kring respektive borden var m\u00e5nga, och vi skildes med att \u00f6nska varandra en God Jul och ett Gott nytt \u00e5r.<br>Tack Alf och alla medlemmar f\u00f6r ett fint f\u00f6renings\u00e5r<\/strong>!<\/p>\n\n\n\n<figure class=\"wp-block-image size-medium\"><a href=\"http:\/\/www.strokeforeningen-helsingborg.se\/wp-content\/uploads\/2021\/12\/Julavslutningar2021-scaled.jpg\"><img loading=\"lazy\" width=\"300\" height=\"280\" src=\"https:\/\/www.strokeforeningen-helsingborg.se\/wp-content\/uploads\/2021\/12\/Julavslutningar2021-300x280.jpg\" alt=\"\" class=\"wp-image-6110\" srcset=\"https:\/\/www.strokeforeningen-helsingborg.se\/wp-content\/uploads\/2021\/12\/Julavslutningar2021-300x280.jpg 300w, https:\/\/www.strokeforeningen-helsingborg.se\/wp-content\/uploads\/2021\/12\/Julavslutningar2021-1024x956.jpg 1024w, https:\/\/www.strokeforeningen-helsingborg.se\/wp-content\/uploads\/2021\/12\/Julavslutningar2021-768x717.jpg 768w, https:\/\/www.strokeforeningen-helsingborg.se\/wp-content\/uploads\/2021\/12\/Julavslutningar2021-1536x1435.jpg 1536w, https:\/\/www.strokeforeningen-helsingborg.se\/wp-content\/uploads\/2021\/12\/Julavslutningar2021-2048x1913.jpg 2048w\" sizes=\"(max-width: 300px) 100vw, 300px\" \/><\/a><figcaption><strong><em>V\u00e5r ordf\u00f6rande Alf Wallin i tomtetagen. Klicka p\u00e5 bilden f\u00f6r st\u00f6rre bild.<\/em><\/strong><\/figcaption><\/figure>\n","protected":false},"excerpt":{"rendered":"<p>I det vackra decemberm\u00f6rkret \u00e5r 2021 hade vi i Strokef\u00f6reningen \u00d6resund\/Nordvesten v\u00e5ra traditionsenliga julfester. \u00d6resund p\u00e5 Ringstorp den 9 december, H\u00f6gan\u00e4sgruppen p\u00e5 Hamnkrogen i H\u00f6gan\u00e4s den 13 december och Nordvesten(\u00c4ngelholm) p\u00e5 Torgtr\u00e4ffen den 14 december. Gl\u00f6gg och fina julanr\u00e4ttningar i &hellip; <a href=\"https:\/\/www.strokeforeningen-helsingborg.se\/?page_id=6119\">L\u00e4s mer <span class=\"meta-nav\">&rarr;<\/span><\/a><\/p>\n","protected":false},"author":2,"featured_media":0,"parent":5707,"menu_order":0,"comment_status":"closed","ping_status":"closed","template":"","meta":{"spay_email":"","_links_to":"","_links_to_target":""},"jetpack_shortlink":"https:\/\/wp.me\/P3JVlQ-1AH","jetpack_sharing_enabled":true,"_links":{"self":[{"href":"https:\/\/www.strokeforeningen-helsingborg.se\/index.php?rest_route=\/wp\/v2\/pages\/6119"}],"collection":[{"href":"https:\/\/www.strokeforeningen-helsingborg.se\/index.php?rest_route=\/wp\/v2\/pages"}],"about":[{"href":"https:\/\/www.strokeforeningen-helsingborg.se\/index.php?rest_route=\/wp\/v2\/types\/page"}],"author":[{"embeddable":true,"href":"https:\/\/www.strokeforeningen-helsingborg.se\/index.php?rest_route=\/wp\/v2\/users\/2"}],"replies":[{"embeddable":true,"href":"https:\/\/www.strokeforeningen-helsingborg.se\/index.php?rest_route=%2Fwp%2Fv2%2Fcomments&post=6119"}],"version-history":[{"count":4,"href":"https:\/\/www.strokeforeningen-helsingborg.se\/index.php?rest_route=\/wp\/v2\/pages\/6119\/revisions"}],"predecessor-version":[{"id":6123,"href":"https:\/\/www.strokeforeningen-helsingborg.se\/index.php?rest_route=\/wp\/v2\/pages\/6119\/revisions\/6123"}],"up":[{"embeddable":true,"href":"https:\/\/www.strokeforeningen-helsingborg.se\/index.php?rest_route=\/wp\/v2\/pages\/5707"}],"wp:attachment":[{"href":"https:\/\/www.strokeforeningen-helsingborg.se\/index.php?rest_route=%2Fwp%2Fv2%2Fmedia&parent=6119"}],"curies":[{"name":"wp","href":"https:\/\/api.w.org\/{rel}","templated":true}]}}