{"id":6024,"date":"2021-10-22T14:07:18","date_gmt":"2021-10-22T14:07:18","guid":{"rendered":"https:\/\/www.strokeforeningen-helsingborg.se\/?page_id=6024"},"modified":"2021-10-24T09:23:31","modified_gmt":"2021-10-24T09:23:31","slug":"medlemstraff-i-helsingborg-oktober-2021","status":"publish","type":"page","link":"https:\/\/www.strokeforeningen-helsingborg.se\/?page_id=6024","title":{"rendered":"Medlemstr\u00e4ff i Helsingborg oktober 2021"},"content":{"rendered":"\n<figure class=\"wp-block-image size-large is-resized\"><a href=\"https:\/\/www.strokeforeningen-helsingborg.se\/wp-content\/uploads\/2021\/10\/Brottsofferjourenbild1.jpg\"><img loading=\"lazy\" src=\"https:\/\/www.strokeforeningen-helsingborg.se\/wp-content\/uploads\/2021\/10\/Brottsofferjourenbild1-1024x795.jpg\" alt=\"\" class=\"wp-image-6025\" width=\"459\" height=\"356\" srcset=\"https:\/\/www.strokeforeningen-helsingborg.se\/wp-content\/uploads\/2021\/10\/Brottsofferjourenbild1-1024x795.jpg 1024w, https:\/\/www.strokeforeningen-helsingborg.se\/wp-content\/uploads\/2021\/10\/Brottsofferjourenbild1-300x233.jpg 300w, https:\/\/www.strokeforeningen-helsingborg.se\/wp-content\/uploads\/2021\/10\/Brottsofferjourenbild1-768x597.jpg 768w, https:\/\/www.strokeforeningen-helsingborg.se\/wp-content\/uploads\/2021\/10\/Brottsofferjourenbild1-1536x1193.jpg 1536w, https:\/\/www.strokeforeningen-helsingborg.se\/wp-content\/uploads\/2021\/10\/Brottsofferjourenbild1.jpg 1564w\" sizes=\"(max-width: 459px) 100vw, 459px\" \/><\/a><\/figure>\n\n\n\n<p class=\"has-medium-font-size\"><strong>Torsdagen den 21 oktober 2021 hade Strokef\u00f6reningen \u00d6resund m\u00e5nadsm\u00f6te p\u00e5 Ringstorp med rubriken \u201d<em>F\u00f6rs\u00f6k inte lura mig<\/em>\u201d, och Britta Eliasson fr\u00e5n Brottsofferjouren var inbjuden att ber\u00e4tta om sin verksamhet.<br>F\u00f6r flertalet av oss \u00e4r ju R\u00e4ttssystemet fr\u00e4mmande och ibland en skr\u00e4mmande v\u00e4rld. Brottsofferjouren finns f\u00f6r att hj\u00e4lpa, st\u00f6tta och ge dig trygghet, om du t.ex. m\u00e5ste delta som vittne eller brottsdrabbad i en domstolsr\u00e4tteg\u00e5ng.<br>Vi \u00e5h\u00f6rare tillh\u00f6rde alla gruppen \u201dgamlingar\u201d, och Britta ber\u00e4ttade vidare om bedr\u00e4gerier och st\u00f6lder mot framf\u00f6r allt \u00e4ldre. Vi f\u00f6rfasades \u00f6ver och fick gedigna l\u00e4rdomar om alla de knep, som dessa brott utf\u00f6rs p\u00e5.<br>Britta ber\u00e4ttade kunnigt, intressant och illustrerade sina ber\u00e4ttelser med filmavsnitt. Vid den efterf\u00f6ljande kaffestunden kunde vi st\u00e4lla fr\u00e5gor till henne.<br>V\u00e5r ordf\u00f6rande Alf Wallin hade f\u00f6reningsinformation. Tack Britta f\u00f6r en mycket intressant, trevlig och givande eftermiddag.<\/strong><\/p>\n\n\n\n<figure class=\"wp-block-image size-large is-resized\"><a href=\"https:\/\/www.strokeforeningen-helsingborg.se\/wp-content\/uploads\/2021\/10\/Brottsofferjourenbild.jpg\"><img loading=\"lazy\" src=\"https:\/\/www.strokeforeningen-helsingborg.se\/wp-content\/uploads\/2021\/10\/Brottsofferjourenbild-1024x748.jpg\" alt=\"\" class=\"wp-image-6026\" width=\"565\" height=\"412\" srcset=\"https:\/\/www.strokeforeningen-helsingborg.se\/wp-content\/uploads\/2021\/10\/Brottsofferjourenbild-1024x748.jpg 1024w, https:\/\/www.strokeforeningen-helsingborg.se\/wp-content\/uploads\/2021\/10\/Brottsofferjourenbild-300x219.jpg 300w, https:\/\/www.strokeforeningen-helsingborg.se\/wp-content\/uploads\/2021\/10\/Brottsofferjourenbild-768x561.jpg 768w, https:\/\/www.strokeforeningen-helsingborg.se\/wp-content\/uploads\/2021\/10\/Brottsofferjourenbild-1536x1122.jpg 1536w, https:\/\/www.strokeforeningen-helsingborg.se\/wp-content\/uploads\/2021\/10\/Brottsofferjourenbild.jpg 1950w\" sizes=\"(max-width: 565px) 100vw, 565px\" \/><\/a><figcaption><strong><em>Klicka p\u00e5 bilden s\u00e5 f\u00f6rstorar du den.<\/em><\/strong><\/figcaption><\/figure>\n","protected":false},"excerpt":{"rendered":"<p>Torsdagen den 21 oktober 2021 hade Strokef\u00f6reningen \u00d6resund m\u00e5nadsm\u00f6te p\u00e5 Ringstorp med rubriken \u201dF\u00f6rs\u00f6k inte lura mig\u201d, och Britta Eliasson fr\u00e5n Brottsofferjouren var inbjuden att ber\u00e4tta om sin verksamhet.F\u00f6r flertalet av oss \u00e4r ju R\u00e4ttssystemet fr\u00e4mmande och ibland en skr\u00e4mmande &hellip; <a href=\"https:\/\/www.strokeforeningen-helsingborg.se\/?page_id=6024\">L\u00e4s mer <span class=\"meta-nav\">&rarr;<\/span><\/a><\/p>\n","protected":false},"author":2,"featured_media":0,"parent":5688,"menu_order":0,"comment_status":"closed","ping_status":"closed","template":"","meta":{"spay_email":"","_links_to":"","_links_to_target":""},"jetpack_shortlink":"https:\/\/wp.me\/P3JVlQ-1za","jetpack_sharing_enabled":true,"_links":{"self":[{"href":"https:\/\/www.strokeforeningen-helsingborg.se\/index.php?rest_route=\/wp\/v2\/pages\/6024"}],"collection":[{"href":"https:\/\/www.strokeforeningen-helsingborg.se\/index.php?rest_route=\/wp\/v2\/pages"}],"about":[{"href":"https:\/\/www.strokeforeningen-helsingborg.se\/index.php?rest_route=\/wp\/v2\/types\/page"}],"author":[{"embeddable":true,"href":"https:\/\/www.strokeforeningen-helsingborg.se\/index.php?rest_route=\/wp\/v2\/users\/2"}],"replies":[{"embeddable":true,"href":"https:\/\/www.strokeforeningen-helsingborg.se\/index.php?rest_route=%2Fwp%2Fv2%2Fcomments&post=6024"}],"version-history":[{"count":3,"href":"https:\/\/www.strokeforeningen-helsingborg.se\/index.php?rest_route=\/wp\/v2\/pages\/6024\/revisions"}],"predecessor-version":[{"id":6029,"href":"https:\/\/www.strokeforeningen-helsingborg.se\/index.php?rest_route=\/wp\/v2\/pages\/6024\/revisions\/6029"}],"up":[{"embeddable":true,"href":"https:\/\/www.strokeforeningen-helsingborg.se\/index.php?rest_route=\/wp\/v2\/pages\/5688"}],"wp:attachment":[{"href":"https:\/\/www.strokeforeningen-helsingborg.se\/index.php?rest_route=%2Fwp%2Fv2%2Fmedia&parent=6024"}],"curies":[{"name":"wp","href":"https:\/\/api.w.org\/{rel}","templated":true}]}}