{"id":6021,"date":"2021-10-22T13:59:49","date_gmt":"2021-10-22T13:59:49","guid":{"rendered":"https:\/\/www.strokeforeningen-helsingborg.se\/?page_id=6021"},"modified":"2021-10-22T13:59:49","modified_gmt":"2021-10-22T13:59:49","slug":"medlemstraff-i-hoganas-oktober-2021","status":"publish","type":"page","link":"https:\/\/www.strokeforeningen-helsingborg.se\/?page_id=6021","title":{"rendered":"Medlemstr\u00e4ff i H\u00f6gan\u00e4s oktober 2021"},"content":{"rendered":"\n<figure class=\"wp-block-image size-large is-resized\"><a href=\"https:\/\/www.strokeforeningen-helsingborg.se\/wp-content\/uploads\/2021\/10\/Ciabatta.jpg\"><img loading=\"lazy\" src=\"https:\/\/www.strokeforeningen-helsingborg.se\/wp-content\/uploads\/2021\/10\/Ciabatta-768x1024.jpg\" alt=\"\" class=\"wp-image-6022\" width=\"384\" height=\"512\" srcset=\"https:\/\/www.strokeforeningen-helsingborg.se\/wp-content\/uploads\/2021\/10\/Ciabatta-768x1024.jpg 768w, https:\/\/www.strokeforeningen-helsingborg.se\/wp-content\/uploads\/2021\/10\/Ciabatta-225x300.jpg 225w, https:\/\/www.strokeforeningen-helsingborg.se\/wp-content\/uploads\/2021\/10\/Ciabatta-1152x1536.jpg 1152w, https:\/\/www.strokeforeningen-helsingborg.se\/wp-content\/uploads\/2021\/10\/Ciabatta-1536x2048.jpg 1536w, https:\/\/www.strokeforeningen-helsingborg.se\/wp-content\/uploads\/2021\/10\/Ciabatta.jpg 1700w\" sizes=\"(max-width: 384px) 100vw, 384px\" \/><\/a><\/figure>\n\n\n\n<p class=\"has-medium-font-size\"><strong>M\u00e5ndagen den 18 oktober 2021 f\u00f6rlade vi v\u00e5rt m\u00e5nadsm\u00f6te f\u00f6r Strokef\u00f6reningen \u00d6resunds H\u00f6gan\u00e4sgrupp p\u00e5 Caf\u00e9 Ciabatta i H\u00f6gan\u00e4s. L\u00e4ckra bakverk till det goda kaffet bidrog till st\u00e4mningen under v\u00e5rt samkv\u00e4m i det trevliga caf\u00e9et.<br>Tack f\u00f6r en trevlig eftermiddag.<\/strong><\/p>\n","protected":false},"excerpt":{"rendered":"<p>M\u00e5ndagen den 18 oktober 2021 f\u00f6rlade vi v\u00e5rt m\u00e5nadsm\u00f6te f\u00f6r Strokef\u00f6reningen \u00d6resunds H\u00f6gan\u00e4sgrupp p\u00e5 Caf\u00e9 Ciabatta i H\u00f6gan\u00e4s. L\u00e4ckra bakverk till det goda kaffet bidrog till st\u00e4mningen under v\u00e5rt samkv\u00e4m i det trevliga caf\u00e9et.Tack f\u00f6r en trevlig eftermiddag.<\/p>\n","protected":false},"author":2,"featured_media":0,"parent":5688,"menu_order":0,"comment_status":"closed","ping_status":"closed","template":"","meta":{"spay_email":"","_links_to":"","_links_to_target":""},"jetpack_shortlink":"https:\/\/wp.me\/P3JVlQ-1z7","jetpack_sharing_enabled":true,"_links":{"self":[{"href":"https:\/\/www.strokeforeningen-helsingborg.se\/index.php?rest_route=\/wp\/v2\/pages\/6021"}],"collection":[{"href":"https:\/\/www.strokeforeningen-helsingborg.se\/index.php?rest_route=\/wp\/v2\/pages"}],"about":[{"href":"https:\/\/www.strokeforeningen-helsingborg.se\/index.php?rest_route=\/wp\/v2\/types\/page"}],"author":[{"embeddable":true,"href":"https:\/\/www.strokeforeningen-helsingborg.se\/index.php?rest_route=\/wp\/v2\/users\/2"}],"replies":[{"embeddable":true,"href":"https:\/\/www.strokeforeningen-helsingborg.se\/index.php?rest_route=%2Fwp%2Fv2%2Fcomments&post=6021"}],"version-history":[{"count":1,"href":"https:\/\/www.strokeforeningen-helsingborg.se\/index.php?rest_route=\/wp\/v2\/pages\/6021\/revisions"}],"predecessor-version":[{"id":6023,"href":"https:\/\/www.strokeforeningen-helsingborg.se\/index.php?rest_route=\/wp\/v2\/pages\/6021\/revisions\/6023"}],"up":[{"embeddable":true,"href":"https:\/\/www.strokeforeningen-helsingborg.se\/index.php?rest_route=\/wp\/v2\/pages\/5688"}],"wp:attachment":[{"href":"https:\/\/www.strokeforeningen-helsingborg.se\/index.php?rest_route=%2Fwp%2Fv2%2Fmedia&parent=6021"}],"curies":[{"name":"wp","href":"https:\/\/api.w.org\/{rel}","templated":true}]}}