{"id":5992,"date":"2021-10-13T12:46:07","date_gmt":"2021-10-13T12:46:07","guid":{"rendered":"https:\/\/www.strokeforeningen-helsingborg.se\/?page_id=5992"},"modified":"2021-10-13T13:02:45","modified_gmt":"2021-10-13T13:02:45","slug":"medlemstraff-23-september-2021","status":"publish","type":"page","link":"https:\/\/www.strokeforeningen-helsingborg.se\/?page_id=5992","title":{"rendered":"Medlemstr\u00e4ff 23 september 2021"},"content":{"rendered":"\n<figure class=\"wp-block-image size-large is-style-default\"><a href=\"https:\/\/www.strokeforeningen-helsingborg.se\/wp-content\/uploads\/2021\/10\/Hjart-o-lungraddning1A-1.jpg\"><img loading=\"lazy\" width=\"494\" height=\"532\" src=\"https:\/\/www.strokeforeningen-helsingborg.se\/wp-content\/uploads\/2021\/10\/Hjart-o-lungraddning1A-1.jpg\" alt=\"\" class=\"wp-image-5998\" srcset=\"https:\/\/www.strokeforeningen-helsingborg.se\/wp-content\/uploads\/2021\/10\/Hjart-o-lungraddning1A-1.jpg 494w, https:\/\/www.strokeforeningen-helsingborg.se\/wp-content\/uploads\/2021\/10\/Hjart-o-lungraddning1A-1-279x300.jpg 279w\" sizes=\"(max-width: 494px) 100vw, 494px\" \/><\/a><\/figure>\n\n\n\n<p class=\"has-medium-font-size\"><strong>Torsdagen den 23 september 2021 hade vi m\u00e5nadsm\u00f6te p\u00e5 Ringstorp, till vilket vi hade bjudit in Soini Hartikainen att informera oss om hj\u00e4rt-och lungr\u00e4ddning \u2013 HLR. Vi fick mycket intressant och kunnig information, och trevlig fikastund f\u00f6rgyllde v\u00e5rt m\u00f6te. Tack f\u00f6r en fin och l\u00e4rorik eftermiddag Soini<\/strong>, <strong>som du ser h\u00e4r ovan visande en \u00f6vningsdocka.<\/strong><\/p>\n","protected":false},"excerpt":{"rendered":"<p>Torsdagen den 23 september 2021 hade vi m\u00e5nadsm\u00f6te p\u00e5 Ringstorp, till vilket vi hade bjudit in Soini Hartikainen att informera oss om hj\u00e4rt-och lungr\u00e4ddning \u2013 HLR. Vi fick mycket intressant och kunnig information, och trevlig fikastund f\u00f6rgyllde v\u00e5rt m\u00f6te. Tack &hellip; <a href=\"https:\/\/www.strokeforeningen-helsingborg.se\/?page_id=5992\">L\u00e4s mer <span class=\"meta-nav\">&rarr;<\/span><\/a><\/p>\n","protected":false},"author":2,"featured_media":0,"parent":5688,"menu_order":0,"comment_status":"closed","ping_status":"closed","template":"","meta":{"spay_email":"","_links_to":"","_links_to_target":""},"jetpack_shortlink":"https:\/\/wp.me\/P3JVlQ-1yE","jetpack_sharing_enabled":true,"_links":{"self":[{"href":"https:\/\/www.strokeforeningen-helsingborg.se\/index.php?rest_route=\/wp\/v2\/pages\/5992"}],"collection":[{"href":"https:\/\/www.strokeforeningen-helsingborg.se\/index.php?rest_route=\/wp\/v2\/pages"}],"about":[{"href":"https:\/\/www.strokeforeningen-helsingborg.se\/index.php?rest_route=\/wp\/v2\/types\/page"}],"author":[{"embeddable":true,"href":"https:\/\/www.strokeforeningen-helsingborg.se\/index.php?rest_route=\/wp\/v2\/users\/2"}],"replies":[{"embeddable":true,"href":"https:\/\/www.strokeforeningen-helsingborg.se\/index.php?rest_route=%2Fwp%2Fv2%2Fcomments&post=5992"}],"version-history":[{"count":4,"href":"https:\/\/www.strokeforeningen-helsingborg.se\/index.php?rest_route=\/wp\/v2\/pages\/5992\/revisions"}],"predecessor-version":[{"id":5999,"href":"https:\/\/www.strokeforeningen-helsingborg.se\/index.php?rest_route=\/wp\/v2\/pages\/5992\/revisions\/5999"}],"up":[{"embeddable":true,"href":"https:\/\/www.strokeforeningen-helsingborg.se\/index.php?rest_route=\/wp\/v2\/pages\/5688"}],"wp:attachment":[{"href":"https:\/\/www.strokeforeningen-helsingborg.se\/index.php?rest_route=%2Fwp%2Fv2%2Fmedia&parent=5992"}],"curies":[{"name":"wp","href":"https:\/\/api.w.org\/{rel}","templated":true}]}}