{"id":5724,"date":"2021-07-20T17:57:05","date_gmt":"2021-07-20T17:57:05","guid":{"rendered":"https:\/\/www.strokeforeningen-helsingborg.se\/?page_id=5724"},"modified":"2021-07-22T16:57:10","modified_gmt":"2021-07-22T16:57:10","slug":"guidning-pa-sofiero-juli-2021","status":"publish","type":"page","link":"https:\/\/www.strokeforeningen-helsingborg.se\/?page_id=5724","title":{"rendered":"Guidning p\u00e5 Sofiero juli 2021."},"content":{"rendered":"\n<p class=\"has-medium-font-size\"><strong>Det h\u00e4r Stroke\u00e5ret 20\/21 har sett lite annorlunda ut \u00e4n andra \u201dvanliga\u201d \u00e5r. Efter n\u00e5gra \u00e5terupptagna m\u00f6testillf\u00e4llen under h\u00f6sten 2020 tvingades vi \u00e5ter att st\u00e4lla in allt &#8211; nu fram till senv\u00e5ren, och vi har p\u00e5 den h\u00e4r hemsidan ber\u00e4ttat om n\u00e5gra \u201dsena aktiviteter\u201d 2021 och om styrelsens arbete under pandemi\u00e5ret. En f\u00f6rskjutning av det h\u00e4r f\u00f6renings\u00e5ret har gett oss m\u00f6jlighet att i st\u00e4llet tr\u00e4ffas nu till sommaren &#8211; om \u00e4n med pandemin i \u00e5tanke.<br>I styrelsen arbetar vi med, att ha ett fint kommande f\u00f6renings\u00e5r &#8211; f\u00f6rhoppningsvis.<br>H\u00e4rnedan \u00e4r ytterligare n\u00e5gra gjorda aktiviteter att ber\u00e4tta om.<\/strong><\/p>\n\n\n\n<figure class=\"wp-block-image size-large is-resized is-style-default\"><a href=\"http:\/\/www.strokeforeningen-helsingborg.se\/wp-content\/uploads\/2021\/07\/sofieroslottet.jpg\"><img loading=\"lazy\" src=\"http:\/\/www.strokeforeningen-helsingborg.se\/wp-content\/uploads\/2021\/07\/sofieroslottet-1024x618.jpg\" alt=\"\" class=\"wp-image-5723\" width=\"837\" height=\"504\" srcset=\"https:\/\/www.strokeforeningen-helsingborg.se\/wp-content\/uploads\/2021\/07\/sofieroslottet-1024x618.jpg 1024w, https:\/\/www.strokeforeningen-helsingborg.se\/wp-content\/uploads\/2021\/07\/sofieroslottet-300x181.jpg 300w, https:\/\/www.strokeforeningen-helsingborg.se\/wp-content\/uploads\/2021\/07\/sofieroslottet-1536x927.jpg 1536w, https:\/\/www.strokeforeningen-helsingborg.se\/wp-content\/uploads\/2021\/07\/sofieroslottet-2048x1236.jpg 2048w\" sizes=\"(max-width: 837px) 100vw, 837px\" \/><\/a><figcaption><strong><em>Sofiero slott.<\/em><\/strong><\/figcaption><\/figure>\n\n\n\n<p class=\"has-medium-font-size\"><strong>Tisdagen den 6 juli 2021 anordnade Strokef\u00f6reningen \u00d6resund\/Nordvesten ett bes\u00f6k p\u00e5 Sofiero i Helsingborg. Anl\u00e4ggningen, som numera tillh\u00f6r Helsingborgs stad, best\u00e5r av f.d. Kungafamiljens sommarslott med tillh\u00f6rande park och planteringar och natursk\u00f6nt landskap ner mot \u00d6resund, mot vilket vi hade fin utsikt vid v\u00e5r gemensamma lunch, som inledde v\u00e5rt trevliga bes\u00f6k.<br>D\u00e4refter leddes vi av den kunnige guiden Viktor. I den vackra parken och den botaniska tr\u00e4dg\u00e5rden fick vi detaljerad och intressant information om Sofieros historia, konst, skulpturer och botanisk fakta i den blomstrande v\u00e4xtligheten.<\/strong><\/p>\n\n\n\n<figure class=\"wp-block-image size-large is-style-rounded\"><a href=\"https:\/\/www.strokeforeningen-helsingborg.se\/wp-content\/uploads\/2021\/07\/IMG_1188-scaled.jpg\"><img loading=\"lazy\" width=\"768\" height=\"1024\" src=\"https:\/\/www.strokeforeningen-helsingborg.se\/wp-content\/uploads\/2021\/07\/IMG_1188-768x1024.jpg\" alt=\"\" class=\"wp-image-5725\" srcset=\"https:\/\/www.strokeforeningen-helsingborg.se\/wp-content\/uploads\/2021\/07\/IMG_1188-768x1024.jpg 768w, https:\/\/www.strokeforeningen-helsingborg.se\/wp-content\/uploads\/2021\/07\/IMG_1188-225x300.jpg 225w, https:\/\/www.strokeforeningen-helsingborg.se\/wp-content\/uploads\/2021\/07\/IMG_1188-1152x1536.jpg 1152w, https:\/\/www.strokeforeningen-helsingborg.se\/wp-content\/uploads\/2021\/07\/IMG_1188-1536x2048.jpg 1536w, https:\/\/www.strokeforeningen-helsingborg.se\/wp-content\/uploads\/2021\/07\/IMG_1188-scaled.jpg 1920w\" sizes=\"(max-width: 768px) 100vw, 768px\" \/><\/a><figcaption><strong><em>Fin utsikt ut mot \u00d6resund.<\/em><\/strong><\/figcaption><\/figure>\n\n\n\n<p class=\"has-medium-font-size\"><strong>D\u00e4refter nj\u00f6t vi av eftermiddagskaffet i den fina havsutsikten.<br>Var och en kunde d\u00e4refter p\u00e5 egen hand forts\u00e4tta att str\u00f6va i Sofieros park och natur.<br>Tack Alf f\u00f6r den fina eftermiddag, som du ordnat f\u00f6r oss.<br>Tack Viktor f\u00f6r din fina guidning.<\/strong><\/p>\n\n\n\n<p class=\"has-large-font-size\">*******************************************************<\/p>\n\n\n\n<p class=\"has-text-align-center has-large-font-size\"><strong>Fika p\u00e5 Strandbaden den 14 juli<\/strong><\/p>\n\n\n\n<figure class=\"wp-block-image size-large is-resized\"><a href=\"https:\/\/www.strokeforeningen-helsingborg.se\/wp-content\/uploads\/2021\/07\/fikat-strandbaden-scaled.jpg\"><img loading=\"lazy\" src=\"https:\/\/www.strokeforeningen-helsingborg.se\/wp-content\/uploads\/2021\/07\/fikat-strandbaden-1024x742.jpg\" alt=\"\" class=\"wp-image-5727\" width=\"842\" height=\"610\" srcset=\"https:\/\/www.strokeforeningen-helsingborg.se\/wp-content\/uploads\/2021\/07\/fikat-strandbaden-1024x742.jpg 1024w, https:\/\/www.strokeforeningen-helsingborg.se\/wp-content\/uploads\/2021\/07\/fikat-strandbaden-300x218.jpg 300w, https:\/\/www.strokeforeningen-helsingborg.se\/wp-content\/uploads\/2021\/07\/fikat-strandbaden-768x557.jpg 768w, https:\/\/www.strokeforeningen-helsingborg.se\/wp-content\/uploads\/2021\/07\/fikat-strandbaden-1536x1114.jpg 1536w, https:\/\/www.strokeforeningen-helsingborg.se\/wp-content\/uploads\/2021\/07\/fikat-strandbaden-2048x1485.jpg 2048w\" sizes=\"(max-width: 842px) 100vw, 842px\" \/><\/a><figcaption><strong><em>Goda kakor till fikat!<\/em><\/strong><\/figcaption><\/figure>\n\n\n\n<p class=\"has-medium-font-size\"><strong>Onsdagen den 14 juli 2021 anordnade Strokef\u00f6reningen \u00d6resund\/Nordvesten ett fikatr\u00e4ff p\u00e5 Strandbadens hotell i H\u00f6gan\u00e4s. I den trevliga 1950-talsmilj\u00f6n vid kanten av \u00d6resund hade vi fin st\u00e4mning och nj\u00f6t av alla de kakor och bakelser, som serverades till kaffet.<br>Tack Alf f\u00f6r den trevliga kaffestunden<\/strong><\/p>\n","protected":false},"excerpt":{"rendered":"<p>Det h\u00e4r Stroke\u00e5ret 20\/21 har sett lite annorlunda ut \u00e4n andra \u201dvanliga\u201d \u00e5r. Efter n\u00e5gra \u00e5terupptagna m\u00f6testillf\u00e4llen under h\u00f6sten 2020 tvingades vi \u00e5ter att st\u00e4lla in allt &#8211; nu fram till senv\u00e5ren, och vi har p\u00e5 den h\u00e4r hemsidan ber\u00e4ttat &hellip; <a href=\"https:\/\/www.strokeforeningen-helsingborg.se\/?page_id=5724\">L\u00e4s mer <span class=\"meta-nav\">&rarr;<\/span><\/a><\/p>\n","protected":false},"author":2,"featured_media":0,"parent":5688,"menu_order":0,"comment_status":"closed","ping_status":"closed","template":"","meta":{"spay_email":"","_links_to":"","_links_to_target":""},"jetpack_shortlink":"https:\/\/wp.me\/P3JVlQ-1uk","jetpack_sharing_enabled":true,"_links":{"self":[{"href":"https:\/\/www.strokeforeningen-helsingborg.se\/index.php?rest_route=\/wp\/v2\/pages\/5724"}],"collection":[{"href":"https:\/\/www.strokeforeningen-helsingborg.se\/index.php?rest_route=\/wp\/v2\/pages"}],"about":[{"href":"https:\/\/www.strokeforeningen-helsingborg.se\/index.php?rest_route=\/wp\/v2\/types\/page"}],"author":[{"embeddable":true,"href":"https:\/\/www.strokeforeningen-helsingborg.se\/index.php?rest_route=\/wp\/v2\/users\/2"}],"replies":[{"embeddable":true,"href":"https:\/\/www.strokeforeningen-helsingborg.se\/index.php?rest_route=%2Fwp%2Fv2%2Fcomments&post=5724"}],"version-history":[{"count":7,"href":"https:\/\/www.strokeforeningen-helsingborg.se\/index.php?rest_route=\/wp\/v2\/pages\/5724\/revisions"}],"predecessor-version":[{"id":5940,"href":"https:\/\/www.strokeforeningen-helsingborg.se\/index.php?rest_route=\/wp\/v2\/pages\/5724\/revisions\/5940"}],"up":[{"embeddable":true,"href":"https:\/\/www.strokeforeningen-helsingborg.se\/index.php?rest_route=\/wp\/v2\/pages\/5688"}],"wp:attachment":[{"href":"https:\/\/www.strokeforeningen-helsingborg.se\/index.php?rest_route=%2Fwp%2Fv2%2Fmedia&parent=5724"}],"curies":[{"name":"wp","href":"https:\/\/api.w.org\/{rel}","templated":true}]}}