{"id":5712,"date":"2021-07-05T14:12:03","date_gmt":"2021-07-05T14:12:03","guid":{"rendered":"http:\/\/www.strokeforeningen-helsingborg.se\/?page_id=5712"},"modified":"2021-07-05T14:12:03","modified_gmt":"2021-07-05T14:12:03","slug":"var-angelholmsgrupp-nordvesten","status":"publish","type":"page","link":"https:\/\/www.strokeforeningen-helsingborg.se\/?page_id=5712","title":{"rendered":"V\u00e5r \u00c4ngelholmsgrupp Nordvesten"},"content":{"rendered":"\n<figure class=\"wp-block-image is-resized\"><img loading=\"lazy\" src=\"http:\/\/www.strokeforeningen-helsingborg.se\/wp-content\/uploads\/2021\/07\/torgtr\u00e4ffen.jpg\" alt=\"\" class=\"wp-image-5713\" width=\"656\" height=\"549\" srcset=\"https:\/\/www.strokeforeningen-helsingborg.se\/wp-content\/uploads\/2021\/07\/torgtr\u00e4ffen.jpg 636w, https:\/\/www.strokeforeningen-helsingborg.se\/wp-content\/uploads\/2021\/07\/torgtr\u00e4ffen-300x251.jpg 300w\" sizes=\"(max-width: 656px) 100vw, 656px\" \/><figcaption><strong><em>Torgtr\u00e4ffen v\u00e5r m\u00f6tesplats.<\/em><\/strong><\/figcaption><\/figure>\n\n\n\n<p class=\"has-medium-font-size\">\n\n\n\n\n\n\n\n\n\n\n\n\n\n\n\n\nV\u00e4lkommen\ntill <em>\u201d V\u00e5r \u00c4ngelholmsgrupp Nordvesten\u201d. <\/em>Under\nrubriken \u201dkommer ig\u00e5ng igen 2021\u201d kan Du d\u00e4r l\u00e4sa om v\u00e5r Strokef\u00f6renings \u201d\u00d6resund\/Nordvesten\u201d\n\u00e5tert\u00e5g efter Corona uppeh\u00e5llet.&nbsp; <br>\n&nbsp;I den sammanslutningen intar vi i <strong>Nordvesten<\/strong> Bj\u00e4rehalv\u00f6n, \u00c4ngelholm, Klippan\noch \u00c5storp.&nbsp; <strong>\u00d6resund<\/strong> &#8211; med det gemensamma kansliet &#8211; intar Helsingborg\/Landskrona\nmed omnejd. \u00d6resunds <strong>H\u00f6gan\u00e4sgrupp<\/strong>\nintar Kullahalv\u00f6n. <br>\nI normala fall tr\u00e4ffas vi regelbundet &#8211; d\u00e5 \u00e4ven \u201d\u00f6ver gr\u00e4nserna\u201d i olika\naktiviteter. Vid v\u00e5ra \u201degna\u201d tr\u00e4ffar ses vi vanligtvis p\u00e5 v\u00e5r m\u00f6teslokal Torgtr\u00e4ffen\ni \u00c4ngelholm. Vi bildades 1996, och \u00d6resund 1999. Vi \u201d\u00c4ngelholmare\u201d h\u00e5ller\nig\u00e5ng, och ser alltid positivt fram\u00e5t i Strokeverksamheten. Vi har dock saknat\nvarandra under corona isoleringen. &nbsp;<br>\nS\u00e5 s\u00e5g vi ljuset i tunneln, n\u00e4r samh\u00e4llets corona restriktioner medgav ett\nf\u00f6rsenat \u00e5rsm\u00f6te f\u00f6r 2021, vilket vi d\u00e5 f\u00f6rlade till Hembygdparken i \u00c4ngelholm.\nVid den efterf\u00f6ljande m\u00e5ltiden i Parkens trevliga restaurang hade vi mycket att\nprata om i den h\u00f6ga st\u00e4mingen. Efter ytterligare n\u00e5gra avklarade aktiviteter \u00e4r\nnu vi optimister och ser fram emot nya s\u00e5dana &#8211; n\u00e5gra av dem nu n\u00e4rmast &#8211; som\n\u00e4r p\u00e5 g\u00e5ng b\u00e5de h\u00e4r hemma i \u00c4ngelholm och gemensamt \u201d\u00f6ver gr\u00e4nserna\u201d i v\u00e5r\nnordv\u00e4stra Sk\u00e5ne\u00e4nda.<br>\nTack f\u00f6r ett fint &#8211; om \u00e4n f\u00f6rkortat &#8211; f\u00f6renings\u00e5r och en trevlig sommar!!!\n\n\n\n<\/p>\n","protected":false},"excerpt":{"rendered":"<p>V\u00e4lkommen till \u201d V\u00e5r \u00c4ngelholmsgrupp Nordvesten\u201d. Under rubriken \u201dkommer ig\u00e5ng igen 2021\u201d kan Du d\u00e4r l\u00e4sa om v\u00e5r Strokef\u00f6renings \u201d\u00d6resund\/Nordvesten\u201d \u00e5tert\u00e5g efter Corona uppeh\u00e5llet.&nbsp; &nbsp;I den sammanslutningen intar vi i Nordvesten Bj\u00e4rehalv\u00f6n, \u00c4ngelholm, Klippan och \u00c5storp.&nbsp; \u00d6resund &#8211; med det &hellip; <a href=\"https:\/\/www.strokeforeningen-helsingborg.se\/?page_id=5712\">L\u00e4s mer <span class=\"meta-nav\">&rarr;<\/span><\/a><\/p>\n","protected":false},"author":2,"featured_media":0,"parent":5707,"menu_order":0,"comment_status":"closed","ping_status":"closed","template":"","meta":{"spay_email":"","_links_to":"","_links_to_target":""},"jetpack_shortlink":"https:\/\/wp.me\/P3JVlQ-1u8","jetpack_sharing_enabled":true,"_links":{"self":[{"href":"https:\/\/www.strokeforeningen-helsingborg.se\/index.php?rest_route=\/wp\/v2\/pages\/5712"}],"collection":[{"href":"https:\/\/www.strokeforeningen-helsingborg.se\/index.php?rest_route=\/wp\/v2\/pages"}],"about":[{"href":"https:\/\/www.strokeforeningen-helsingborg.se\/index.php?rest_route=\/wp\/v2\/types\/page"}],"author":[{"embeddable":true,"href":"https:\/\/www.strokeforeningen-helsingborg.se\/index.php?rest_route=\/wp\/v2\/users\/2"}],"replies":[{"embeddable":true,"href":"https:\/\/www.strokeforeningen-helsingborg.se\/index.php?rest_route=%2Fwp%2Fv2%2Fcomments&post=5712"}],"version-history":[{"count":1,"href":"https:\/\/www.strokeforeningen-helsingborg.se\/index.php?rest_route=\/wp\/v2\/pages\/5712\/revisions"}],"predecessor-version":[{"id":5714,"href":"https:\/\/www.strokeforeningen-helsingborg.se\/index.php?rest_route=\/wp\/v2\/pages\/5712\/revisions\/5714"}],"up":[{"embeddable":true,"href":"https:\/\/www.strokeforeningen-helsingborg.se\/index.php?rest_route=\/wp\/v2\/pages\/5707"}],"wp:attachment":[{"href":"https:\/\/www.strokeforeningen-helsingborg.se\/index.php?rest_route=%2Fwp%2Fv2%2Fmedia&parent=5712"}],"curies":[{"name":"wp","href":"https:\/\/api.w.org\/{rel}","templated":true}]}}