{"id":4824,"date":"2019-08-22T15:29:41","date_gmt":"2019-08-22T15:29:41","guid":{"rendered":"http:\/\/www.strokeforeningen-helsingborg.se\/?page_id=4824"},"modified":"2019-08-22T15:29:45","modified_gmt":"2019-08-22T15:29:45","slug":"projekt-liv-den-22-augusti","status":"publish","type":"page","link":"https:\/\/www.strokeforeningen-helsingborg.se\/?page_id=4824","title":{"rendered":"Projekt LIV den 22 augusti"},"content":{"rendered":"\n<figure class=\"wp-block-image is-resized\"><img loading=\"lazy\" src=\"http:\/\/www.strokeforeningen-helsingborg.se\/wp-content\/uploads\/2019\/08\/gruppLIV-1024x663.jpg\" alt=\"\" class=\"wp-image-4821\" width=\"624\" height=\"404\" srcset=\"https:\/\/www.strokeforeningen-helsingborg.se\/wp-content\/uploads\/2019\/08\/gruppLIV-1024x663.jpg 1024w, https:\/\/www.strokeforeningen-helsingborg.se\/wp-content\/uploads\/2019\/08\/gruppLIV-300x194.jpg 300w, https:\/\/www.strokeforeningen-helsingborg.se\/wp-content\/uploads\/2019\/08\/gruppLIV-768x497.jpg 768w, https:\/\/www.strokeforeningen-helsingborg.se\/wp-content\/uploads\/2019\/08\/gruppLIV.jpg 1986w\" sizes=\"(max-width: 624px) 100vw, 624px\" \/><figcaption><em><strong>Ett glatt g\u00e4ng har just avslutat ett pass. Det k\u00e4ndes sk\u00f6nt efter v\u00e5rt sommaruppeh\u00e5ll att komma ig\u00e5ng igen.<\/strong><\/em><br><\/figcaption><\/figure>\n\n\n\n<figure class=\"wp-block-image is-resized\"><img loading=\"lazy\" src=\"http:\/\/www.strokeforeningen-helsingborg.se\/wp-content\/uploads\/2019\/08\/samling-1024x571.jpg\" alt=\"\" class=\"wp-image-4825\" width=\"641\" height=\"357\" srcset=\"https:\/\/www.strokeforeningen-helsingborg.se\/wp-content\/uploads\/2019\/08\/samling-1024x571.jpg 1024w, https:\/\/www.strokeforeningen-helsingborg.se\/wp-content\/uploads\/2019\/08\/samling-300x167.jpg 300w, https:\/\/www.strokeforeningen-helsingborg.se\/wp-content\/uploads\/2019\/08\/samling-768x428.jpg 768w, https:\/\/www.strokeforeningen-helsingborg.se\/wp-content\/uploads\/2019\/08\/samling.jpg 1671w\" sizes=\"(max-width: 641px) 100vw, 641px\" \/><figcaption><em><strong>Vi startar alltid med att samlas i en ring med en \u00f6vning d\u00e4r vi<br>tillsammans landar h\u00e4r och nu \u2013 i medveten n\u00e4rvaro.<\/strong><\/em><\/figcaption><\/figure>\n\n\n\n<div class=\"wp-block-image\"><figure class=\"aligncenter is-resized\"><img loading=\"lazy\" src=\"http:\/\/www.strokeforeningen-helsingborg.se\/wp-content\/uploads\/2019\/08\/evabegnt-814x1024.jpg\" alt=\"\" class=\"wp-image-4826\" width=\"374\" height=\"470\" srcset=\"https:\/\/www.strokeforeningen-helsingborg.se\/wp-content\/uploads\/2019\/08\/evabegnt-814x1024.jpg 814w, https:\/\/www.strokeforeningen-helsingborg.se\/wp-content\/uploads\/2019\/08\/evabegnt-238x300.jpg 238w, https:\/\/www.strokeforeningen-helsingborg.se\/wp-content\/uploads\/2019\/08\/evabegnt-768x966.jpg 768w, https:\/\/www.strokeforeningen-helsingborg.se\/wp-content\/uploads\/2019\/08\/evabegnt.jpg 868w\" sizes=\"(max-width: 374px) 100vw, 374px\" \/><figcaption><br><strong><em>Det mixas ro- och stillhets\u00f6vningar, sk\u00f6na upplevelser till musik, olika balans\u00f6vningar och andra medvetna r\u00f6relser.<\/em> <\/strong><\/figcaption><\/figure><\/div>\n\n\n\n<p><\/p>\n","protected":false},"excerpt":{"rendered":"","protected":false},"author":2,"featured_media":0,"parent":4377,"menu_order":0,"comment_status":"closed","ping_status":"closed","template":"","meta":{"spay_email":"","_links_to":"","_links_to_target":""},"jetpack_shortlink":"https:\/\/wp.me\/P3JVlQ-1fO","jetpack_sharing_enabled":true,"_links":{"self":[{"href":"https:\/\/www.strokeforeningen-helsingborg.se\/index.php?rest_route=\/wp\/v2\/pages\/4824"}],"collection":[{"href":"https:\/\/www.strokeforeningen-helsingborg.se\/index.php?rest_route=\/wp\/v2\/pages"}],"about":[{"href":"https:\/\/www.strokeforeningen-helsingborg.se\/index.php?rest_route=\/wp\/v2\/types\/page"}],"author":[{"embeddable":true,"href":"https:\/\/www.strokeforeningen-helsingborg.se\/index.php?rest_route=\/wp\/v2\/users\/2"}],"replies":[{"embeddable":true,"href":"https:\/\/www.strokeforeningen-helsingborg.se\/index.php?rest_route=%2Fwp%2Fv2%2Fcomments&post=4824"}],"version-history":[{"count":1,"href":"https:\/\/www.strokeforeningen-helsingborg.se\/index.php?rest_route=\/wp\/v2\/pages\/4824\/revisions"}],"predecessor-version":[{"id":4827,"href":"https:\/\/www.strokeforeningen-helsingborg.se\/index.php?rest_route=\/wp\/v2\/pages\/4824\/revisions\/4827"}],"up":[{"embeddable":true,"href":"https:\/\/www.strokeforeningen-helsingborg.se\/index.php?rest_route=\/wp\/v2\/pages\/4377"}],"wp:attachment":[{"href":"https:\/\/www.strokeforeningen-helsingborg.se\/index.php?rest_route=%2Fwp%2Fv2%2Fmedia&parent=4824"}],"curies":[{"name":"wp","href":"https:\/\/api.w.org\/{rel}","templated":true}]}}