{"id":4402,"date":"2019-02-14T16:01:19","date_gmt":"2019-02-14T16:01:19","guid":{"rendered":"http:\/\/www.strokeforeningen-helsingborg.se\/?page_id=4402"},"modified":"2019-02-14T16:01:49","modified_gmt":"2019-02-14T16:01:49","slug":"projekt-liv-den-14-februari","status":"publish","type":"page","link":"https:\/\/www.strokeforeningen-helsingborg.se\/?page_id=4402","title":{"rendered":"Projekt LIV den 14 februari"},"content":{"rendered":"<p><a href=\"http:\/\/www.strokeforeningen-helsingborg.se\/wp-content\/uploads\/2019\/02\/14-febr.jpg\"><img loading=\"lazy\" class=\"aligncenter size-full wp-image-4403\" src=\"http:\/\/www.strokeforeningen-helsingborg.se\/wp-content\/uploads\/2019\/02\/14-febr.jpg\" alt=\"\" width=\"960\" height=\"720\" srcset=\"https:\/\/www.strokeforeningen-helsingborg.se\/wp-content\/uploads\/2019\/02\/14-febr.jpg 960w, https:\/\/www.strokeforeningen-helsingborg.se\/wp-content\/uploads\/2019\/02\/14-febr-300x225.jpg 300w, https:\/\/www.strokeforeningen-helsingborg.se\/wp-content\/uploads\/2019\/02\/14-febr-768x576.jpg 768w\" sizes=\"(max-width: 960px) 100vw, 960px\" \/><\/a><\/p>\n<h3><strong>Torsdagen den 14 februari var det dags f\u00f6r v\u00e5r andra tr\u00e4ff i Projekt LIV med v\u00e5ra fina ledare. Med olika behagliga och avslappnande \u00f6vningar tr\u00e4nade de oss i att \u00f6ka v\u00e5r n\u00e4rvaro i stunden f\u00f6r att finna ett inre lugn.<\/strong><\/h3>\n<h3><strong>Vi \u00e4r mycket n\u00f6jda med projektet, och det framg\u00e5r ju s\u00e4kert av bilden.<\/strong><\/h3>\n<h3><strong>En liten p\u00e5minnelse: Det g\u00e5r \u00e4nnu att ansluta p\u00e5 torsdagarna kl 11.00 &#8211; 12.00. Gratis f\u00f6r medlemmar i Strokef\u00f6reningen.<\/strong><\/h3>\n","protected":false},"excerpt":{"rendered":"<p>Torsdagen den 14 februari var det dags f\u00f6r v\u00e5r andra tr\u00e4ff i Projekt LIV med v\u00e5ra fina ledare. Med olika behagliga och avslappnande \u00f6vningar tr\u00e4nade de oss i att \u00f6ka v\u00e5r n\u00e4rvaro i stunden f\u00f6r att finna ett inre lugn. &hellip; <a href=\"https:\/\/www.strokeforeningen-helsingborg.se\/?page_id=4402\">L\u00e4s mer <span class=\"meta-nav\">&rarr;<\/span><\/a><\/p>\n","protected":false},"author":2,"featured_media":0,"parent":4377,"menu_order":0,"comment_status":"closed","ping_status":"closed","template":"","meta":{"spay_email":"","_links_to":"","_links_to_target":""},"jetpack_shortlink":"https:\/\/wp.me\/P3JVlQ-190","jetpack_sharing_enabled":true,"_links":{"self":[{"href":"https:\/\/www.strokeforeningen-helsingborg.se\/index.php?rest_route=\/wp\/v2\/pages\/4402"}],"collection":[{"href":"https:\/\/www.strokeforeningen-helsingborg.se\/index.php?rest_route=\/wp\/v2\/pages"}],"about":[{"href":"https:\/\/www.strokeforeningen-helsingborg.se\/index.php?rest_route=\/wp\/v2\/types\/page"}],"author":[{"embeddable":true,"href":"https:\/\/www.strokeforeningen-helsingborg.se\/index.php?rest_route=\/wp\/v2\/users\/2"}],"replies":[{"embeddable":true,"href":"https:\/\/www.strokeforeningen-helsingborg.se\/index.php?rest_route=%2Fwp%2Fv2%2Fcomments&post=4402"}],"version-history":[{"count":1,"href":"https:\/\/www.strokeforeningen-helsingborg.se\/index.php?rest_route=\/wp\/v2\/pages\/4402\/revisions"}],"predecessor-version":[{"id":4404,"href":"https:\/\/www.strokeforeningen-helsingborg.se\/index.php?rest_route=\/wp\/v2\/pages\/4402\/revisions\/4404"}],"up":[{"embeddable":true,"href":"https:\/\/www.strokeforeningen-helsingborg.se\/index.php?rest_route=\/wp\/v2\/pages\/4377"}],"wp:attachment":[{"href":"https:\/\/www.strokeforeningen-helsingborg.se\/index.php?rest_route=%2Fwp%2Fv2%2Fmedia&parent=4402"}],"curies":[{"name":"wp","href":"https:\/\/api.w.org\/{rel}","templated":true}]}}