{"id":43,"date":"2013-06-29T10:27:41","date_gmt":"2013-06-29T10:27:41","guid":{"rendered":"http:\/\/strokeforeningen-helsingborg.se.preview.binero.se\/?page_id=43"},"modified":"2021-05-05T08:05:07","modified_gmt":"2021-05-05T08:05:07","slug":"kontakt","status":"publish","type":"page","link":"https:\/\/www.strokeforeningen-helsingborg.se\/?page_id=43","title":{"rendered":"Kontakt"},"content":{"rendered":"<h3><strong>Vi har gemensam styrelse i de b\u00e5da f\u00f6reningarna. P\u00e5 f\u00f6reningen Nordvesten i \u00c4ngelholm finns det en kontaktperson och det g\u00e5r ocks\u00e5 att f\u00e5 kontakt med f\u00f6reningen genom kansliet i Helsingborg.<\/strong><\/h3>\n<p><strong>F\u00f6reningarna \u00d6resund\/Nordvesten n\u00e5r Ni genom: <\/strong><\/p>\n<p><a href=\"http:\/\/www.strokeforeningen-helsingborg.se\/wp-content\/uploads\/2013\/06\/alfbra.jpg\"><img loading=\"lazy\" class=\"alignnone size-thumbnail wp-image-83\" src=\"http:\/\/www.strokeforeningen-helsingborg.se\/wp-content\/uploads\/2013\/06\/alfbra-150x150.jpg\" alt=\"alfbra\" width=\"150\" height=\"150\" \/><\/a><\/p>\n<ul>\n<li><strong>Ordf\u00f6rande<\/strong><\/li>\n<li>Alf Walin<\/li>\n<li>Telefon 076-117 00 25<\/li>\n<li>E-post: <a href=\"mailto:alf.i.wallin@telia.com\">alf.i.wallin@telia.com<\/a><\/li>\n<\/ul>\n<ul>\n<li style=\"list-style-type: none;\"><\/li>\n<\/ul>\n<p><em><strong>V\u00e5r administrativa adress \u00e4r:<\/strong><\/em><\/p>\n<ul>\n<li>Kurirgatan 1<\/li>\n<li>25453 Helsingborg<\/li>\n<li>Telefon 076-117 00 25<\/li>\n<li>E-post: <a href=\"mailto:strokeoresund@gmail.com\">strokeoresund@gmail.com<\/a><\/li>\n<\/ul>\n<p><strong>\u00a0<\/strong><\/p>\n<address>\u00a0<\/address>\n<address>\u00a0<\/address>\n<address>\u00a0<\/address>\n","protected":false},"excerpt":{"rendered":"<p>Vi har gemensam styrelse i de b\u00e5da f\u00f6reningarna. P\u00e5 f\u00f6reningen Nordvesten i \u00c4ngelholm finns det en kontaktperson och det g\u00e5r ocks\u00e5 att f\u00e5 kontakt med f\u00f6reningen genom kansliet i Helsingborg. F\u00f6reningarna \u00d6resund\/Nordvesten n\u00e5r Ni genom: Ordf\u00f6rande Alf Walin Telefon 076-117 &hellip; <a href=\"https:\/\/www.strokeforeningen-helsingborg.se\/?page_id=43\">L\u00e4s mer <span class=\"meta-nav\">&rarr;<\/span><\/a><\/p>\n","protected":false},"author":1,"featured_media":0,"parent":16,"menu_order":0,"comment_status":"closed","ping_status":"open","template":"","meta":{"spay_email":"","_links_to":"","_links_to_target":""},"jetpack_shortlink":"https:\/\/wp.me\/P3JVlQ-H","jetpack_sharing_enabled":true,"_links":{"self":[{"href":"https:\/\/www.strokeforeningen-helsingborg.se\/index.php?rest_route=\/wp\/v2\/pages\/43"}],"collection":[{"href":"https:\/\/www.strokeforeningen-helsingborg.se\/index.php?rest_route=\/wp\/v2\/pages"}],"about":[{"href":"https:\/\/www.strokeforeningen-helsingborg.se\/index.php?rest_route=\/wp\/v2\/types\/page"}],"author":[{"embeddable":true,"href":"https:\/\/www.strokeforeningen-helsingborg.se\/index.php?rest_route=\/wp\/v2\/users\/1"}],"replies":[{"embeddable":true,"href":"https:\/\/www.strokeforeningen-helsingborg.se\/index.php?rest_route=%2Fwp%2Fv2%2Fcomments&post=43"}],"version-history":[{"count":27,"href":"https:\/\/www.strokeforeningen-helsingborg.se\/index.php?rest_route=\/wp\/v2\/pages\/43\/revisions"}],"predecessor-version":[{"id":5633,"href":"https:\/\/www.strokeforeningen-helsingborg.se\/index.php?rest_route=\/wp\/v2\/pages\/43\/revisions\/5633"}],"up":[{"embeddable":true,"href":"https:\/\/www.strokeforeningen-helsingborg.se\/index.php?rest_route=\/wp\/v2\/pages\/16"}],"wp:attachment":[{"href":"https:\/\/www.strokeforeningen-helsingborg.se\/index.php?rest_route=%2Fwp%2Fv2%2Fmedia&parent=43"}],"curies":[{"name":"wp","href":"https:\/\/api.w.org\/{rel}","templated":true}]}}