{"id":30,"date":"2013-06-29T10:21:01","date_gmt":"2013-06-29T10:21:01","guid":{"rendered":"http:\/\/strokeforeningen-helsingborg.se.preview.binero.se\/?page_id=30"},"modified":"2024-03-13T18:12:27","modified_gmt":"2024-03-13T18:12:27","slug":"hem","status":"publish","type":"page","link":"https:\/\/www.strokeforeningen-helsingborg.se\/","title":{"rendered":"Hem"},"content":{"rendered":"\n<div class=\"wp-block-image\"><figure class=\"aligncenter size-large\"><a href=\"https:\/\/www.strokeforeningen-helsingborg.se\/wp-content\/uploads\/2024\/03\/visitkort-2024.jpg\"><img loading=\"lazy\" width=\"584\" height=\"282\" src=\"https:\/\/www.strokeforeningen-helsingborg.se\/wp-content\/uploads\/2024\/03\/visitkort-2024.jpg\" alt=\"\" class=\"wp-image-7360\" srcset=\"https:\/\/www.strokeforeningen-helsingborg.se\/wp-content\/uploads\/2024\/03\/visitkort-2024.jpg 584w, https:\/\/www.strokeforeningen-helsingborg.se\/wp-content\/uploads\/2024\/03\/visitkort-2024-300x145.jpg 300w\" sizes=\"(max-width: 584px) 100vw, 584px\" \/><\/a><\/figure><\/div>\n\n\n<h1 style=\"text-align: center;\">\u00a0<\/h1>\n<h2 style=\"text-align: center;\"><b>\u00d6resund\/Helsingborg och Nordvesten\/\u00c4ngelholm<\/b><span style=\"color: #000000;\"><b>.<\/b><\/span><\/h2>\n<p>\u00a0<\/p>\n<p><span style=\"color: #000000;\"><strong> Vi \u00e4r Ideella intresseorganisationer som \u00e4r anslutna till samma m\u00e5ls\u00e4ttning som g\u00e4ller f\u00f6r STROKE-riksf\u00f6rbundet och l\u00e4nsf\u00f6reningen i Sk\u00e5ne. Vi \u00e4r den Handikapporganisation som tillvaratar hela STROKE-gruppens intressen.<\/strong><\/span><\/p>\n<p><span style=\"color: #000000;\"><strong>Vi arrangerar tr\u00e4ffar f\u00f6r att sprida kunskap om stroke. Vi ordnar sammankomster med f\u00f6redrag, underh\u00e5llning och \u00e4ven utflykter.<\/strong><\/span><\/p>\n<p><span style=\"color: #000000;\"><strong>F\u00e5 komma in i en social gemenskap och f\u00e5 utbyta erfarenheter med andra i samma situation \u00e4r viktigt f\u00f6r s\u00e5v\u00e4l den strokedrabbade som de n\u00e4rst\u00e5ende. Detta \u00e4r ocks\u00e5 av st\u00f6rsta betydelse f\u00f6r att underl\u00e4tta anpassningen till det nya och f\u00f6r\u00e4ndrade livet.<\/strong><\/span><\/p>\n<p align=\"center\"><strong><span style=\"color: #000000;\">Vill du veta mer fakta om STROKE g\u00e5 vidare till<\/span> <\/strong><\/p>\n<h4 align=\"center\"><strong><span style=\"color: #000000;\">Stroke-Riksf\u00f6rbundets webbplats<\/span> <a href=\"https:\/\/strokeforbundet.se\/?gclid=EAIaIQobChMI2_fwub3A_wIVuguiAx30jgcvEAAYASAAEgKFIvD_BwE\">strokeforbundet.se<\/a><\/strong><\/h4>\n<p>Hemsidan uppdaterad 2026-04-01<\/p>","protected":false},"excerpt":{"rendered":"<p>\u00a0 \u00d6resund\/Helsingborg och Nordvesten\/\u00c4ngelholm. \u00a0 Vi \u00e4r Ideella intresseorganisationer som \u00e4r anslutna till samma m\u00e5ls\u00e4ttning som g\u00e4ller f\u00f6r STROKE-riksf\u00f6rbundet och l\u00e4nsf\u00f6reningen i Sk\u00e5ne. Vi \u00e4r den Handikapporganisation som tillvaratar hela STROKE-gruppens intressen. Vi arrangerar tr\u00e4ffar f\u00f6r att sprida kunskap om &hellip; <a href=\"https:\/\/www.strokeforeningen-helsingborg.se\/\">L\u00e4s mer <span class=\"meta-nav\">&rarr;<\/span><\/a><\/p>\n","protected":false},"author":1,"featured_media":0,"parent":0,"menu_order":0,"comment_status":"closed","ping_status":"open","template":"","meta":{"spay_email":"","_links_to":"","_links_to_target":""},"jetpack_shortlink":"https:\/\/wp.me\/P3JVlQ-u","jetpack_sharing_enabled":true,"_links":{"self":[{"href":"https:\/\/www.strokeforeningen-helsingborg.se\/index.php?rest_route=\/wp\/v2\/pages\/30"}],"collection":[{"href":"https:\/\/www.strokeforeningen-helsingborg.se\/index.php?rest_route=\/wp\/v2\/pages"}],"about":[{"href":"https:\/\/www.strokeforeningen-helsingborg.se\/index.php?rest_route=\/wp\/v2\/types\/page"}],"author":[{"embeddable":true,"href":"https:\/\/www.strokeforeningen-helsingborg.se\/index.php?rest_route=\/wp\/v2\/users\/1"}],"replies":[{"embeddable":true,"href":"https:\/\/www.strokeforeningen-helsingborg.se\/index.php?rest_route=%2Fwp%2Fv2%2Fcomments&post=30"}],"version-history":[{"count":12,"href":"https:\/\/www.strokeforeningen-helsingborg.se\/index.php?rest_route=\/wp\/v2\/pages\/30\/revisions"}],"predecessor-version":[{"id":7362,"href":"https:\/\/www.strokeforeningen-helsingborg.se\/index.php?rest_route=\/wp\/v2\/pages\/30\/revisions\/7362"}],"wp:attachment":[{"href":"https:\/\/www.strokeforeningen-helsingborg.se\/index.php?rest_route=%2Fwp%2Fv2%2Fmedia&parent=30"}],"curies":[{"name":"wp","href":"https:\/\/api.w.org\/{rel}","templated":true}]}}