{"id":23,"date":"2013-06-29T10:18:18","date_gmt":"2013-06-29T10:18:18","guid":{"rendered":"http:\/\/strokeforeningen-helsingborg.se.preview.binero.se\/?page_id=23"},"modified":"2026-04-01T13:06:55","modified_gmt":"2026-04-01T13:06:55","slug":"medlemskap","status":"publish","type":"page","link":"https:\/\/www.strokeforeningen-helsingborg.se\/?page_id=23","title":{"rendered":"Medlemskap"},"content":{"rendered":"<h2><strong><span style=\"color: #000000;\">STROKE-drabbad, anh\u00f6rig eller \u00f6vrigt intresserad <\/span><span style=\"color: #000000;\">kan bli medlem hos oss!<\/span><\/strong><\/h2>\n<p><strong>N\u00e4r du blir medlem, f\u00e5r du ett v\u00e4lkomstpaket inneh\u00e5llande ett exemplar av v\u00e5ra informationsskrifter. Du f\u00e5r rabatt p\u00e5 v\u00e5ra filmer och b\u00f6cker. Dessutom f\u00e5r du v\u00e5r medlemstidning Stroke-Kontakt, som utkommer fyra g\u00e5nger per \u00e5r.<\/strong><br \/>\n<strong> Medlemskapet inneb\u00e4r, att du blir medlem i Strokef\u00f6rbundet och d\u00e4rigenom medlem i v\u00e5ra lokala Strokef\u00f6reningar \u00d6resund eller Nordvesten.<\/strong><br \/>\n<strong>Du ges m\u00f6jlighet att delta i v\u00e5ra olika aktiviteter, som riktar sig just till dem som f\u00e5tt Stroke och deras anh\u00f6riga.<\/strong><\/p>\n<p><span style=\"color: #000000;\"><strong>Bli<\/strong> <strong>v\u00e5r medlem du ocks\u00e5! Vi beh\u00f6ver dig i Strokef\u00f6reningen \u00d6resund eller i Strokef\u00f6reningen Nordvesten.<\/strong><\/span><br \/>\n<strong><span style=\"color: #000000;\">Ge bort ett medlemskap till n\u00e5gon i din omgivning<\/span><\/strong><br \/>\n<strong><span style=\"color: #000000;\"><span style=\"color: #000000;\">F\u00f6r n\u00e4rvarande kostar medlemskapet 240:- f\u00f6r huvudmedlem och 120:- f\u00f6r varje \u00f6vrig familjemedlem.\u00a0<\/span><\/span><\/strong><br \/>\n<strong><span style=\"color: #000000;\">Ju fler medlemmar vi blir, desto l\u00e4ttare kan vi g\u00f6ra v\u00e5r r\u00f6st h\u00f6rd f\u00f6r att f\u00f6rb\u00e4ttra livsvillkoren <\/span><\/strong><strong><span style=\"color: #000000;\">f\u00f6r er \u00a0som f\u00e5tt Stroke och era n\u00e4rst\u00e5ende.<\/span><\/strong><\/p>\n<h3><span style=\"color: #ff0000;\"><strong>F\u00f6r att bli medlem kan Ni registrera Er genom att<\/strong><\/span><strong><span style=\"color: #ff0000;\"> kontakta v\u00e5rt kansli i Helsingborg s\u00e5 skickar vi inbetalningskort:<\/span><br \/>\nTelefon 076-117 00 25<br \/>\n<\/strong><strong>E-post:\u00a0<\/strong><a href=\"mailto:strokeoresund@gmail.com\">strokeoresund@gmail.com<\/a><\/h3>\n","protected":false},"excerpt":{"rendered":"<p>STROKE-drabbad, anh\u00f6rig eller \u00f6vrigt intresserad kan bli medlem hos oss! N\u00e4r du blir medlem, f\u00e5r du ett v\u00e4lkomstpaket inneh\u00e5llande ett exemplar av v\u00e5ra informationsskrifter. Du f\u00e5r rabatt p\u00e5 v\u00e5ra filmer och b\u00f6cker. Dessutom f\u00e5r du v\u00e5r medlemstidning Stroke-Kontakt, som utkommer &hellip; <a href=\"https:\/\/www.strokeforeningen-helsingborg.se\/?page_id=23\">L\u00e4s mer <span class=\"meta-nav\">&rarr;<\/span><\/a><\/p>\n","protected":false},"author":1,"featured_media":0,"parent":0,"menu_order":12,"comment_status":"closed","ping_status":"open","template":"","meta":{"spay_email":"","_links_to":"","_links_to_target":""},"jetpack_shortlink":"https:\/\/wp.me\/P3JVlQ-n","jetpack_sharing_enabled":true,"_links":{"self":[{"href":"https:\/\/www.strokeforeningen-helsingborg.se\/index.php?rest_route=\/wp\/v2\/pages\/23"}],"collection":[{"href":"https:\/\/www.strokeforeningen-helsingborg.se\/index.php?rest_route=\/wp\/v2\/pages"}],"about":[{"href":"https:\/\/www.strokeforeningen-helsingborg.se\/index.php?rest_route=\/wp\/v2\/types\/page"}],"author":[{"embeddable":true,"href":"https:\/\/www.strokeforeningen-helsingborg.se\/index.php?rest_route=\/wp\/v2\/users\/1"}],"replies":[{"embeddable":true,"href":"https:\/\/www.strokeforeningen-helsingborg.se\/index.php?rest_route=%2Fwp%2Fv2%2Fcomments&post=23"}],"version-history":[{"count":19,"href":"https:\/\/www.strokeforeningen-helsingborg.se\/index.php?rest_route=\/wp\/v2\/pages\/23\/revisions"}],"predecessor-version":[{"id":8380,"href":"https:\/\/www.strokeforeningen-helsingborg.se\/index.php?rest_route=\/wp\/v2\/pages\/23\/revisions\/8380"}],"wp:attachment":[{"href":"https:\/\/www.strokeforeningen-helsingborg.se\/index.php?rest_route=%2Fwp%2Fv2%2Fmedia&parent=23"}],"curies":[{"name":"wp","href":"https:\/\/api.w.org\/{rel}","templated":true}]}}