{"id":20,"date":"2013-06-29T10:17:19","date_gmt":"2013-06-29T10:17:19","guid":{"rendered":"http:\/\/strokeforeningen-helsingborg.se.preview.binero.se\/?page_id=20"},"modified":"2020-02-13T14:33:18","modified_gmt":"2020-02-13T14:33:18","slug":"kontakt","status":"publish","type":"page","link":"https:\/\/www.strokeforeningen-helsingborg.se\/?page_id=20","title":{"rendered":"Kontakter"},"content":{"rendered":"<h3><strong>Vi har gemensam styrelse i de b\u00e5da f\u00f6reningarna. P\u00e5 f\u00f6reningen Nordvesten i \u00c4ngelholm finns det en kontaktperson och det g\u00e5r ocks\u00e5 att f\u00e5 kontakt med f\u00f6reningen genom kansliet i Helsingborg.<\/strong><\/h3>\n<p><strong>F\u00f6reningen \u00d6resund\/Nordvesten n\u00e5r Ni p\u00e5 v\u00e5r administrativa adress:<\/strong><\/p>\n<ul>\n<li>\n<address>Kurirgatan 1<\/address>\n<\/li>\n<li>\n<address>25453 Helsingborg<\/address>\n<\/li>\n<li>\n<address>Telefon 076-117 00 25<\/address>\n<\/li>\n<li>\n<address>E-post: <a href=\"mailto:strokeoresund@gmail.com\">strokeoresund@gmail.com<\/a><\/address>\n<\/li>\n<\/ul>\n<address>\u00a0<\/address>\n<address>\u00a0<\/address>\n<address>\u00a0<\/address>\n","protected":false},"excerpt":{"rendered":"<p>Vi har gemensam styrelse i de b\u00e5da f\u00f6reningarna. P\u00e5 f\u00f6reningen Nordvesten i \u00c4ngelholm finns det en kontaktperson och det g\u00e5r ocks\u00e5 att f\u00e5 kontakt med f\u00f6reningen genom kansliet i Helsingborg. F\u00f6reningen \u00d6resund\/Nordvesten n\u00e5r Ni p\u00e5 v\u00e5r administrativa adress: Kurirgatan 1 &hellip; <a href=\"https:\/\/www.strokeforeningen-helsingborg.se\/?page_id=20\">L\u00e4s mer <span class=\"meta-nav\">&rarr;<\/span><\/a><\/p>\n","protected":false},"author":1,"featured_media":0,"parent":0,"menu_order":14,"comment_status":"closed","ping_status":"open","template":"","meta":{"spay_email":"","_links_to":"","_links_to_target":""},"jetpack_shortlink":"https:\/\/wp.me\/P3JVlQ-k","jetpack_sharing_enabled":true,"_links":{"self":[{"href":"https:\/\/www.strokeforeningen-helsingborg.se\/index.php?rest_route=\/wp\/v2\/pages\/20"}],"collection":[{"href":"https:\/\/www.strokeforeningen-helsingborg.se\/index.php?rest_route=\/wp\/v2\/pages"}],"about":[{"href":"https:\/\/www.strokeforeningen-helsingborg.se\/index.php?rest_route=\/wp\/v2\/types\/page"}],"author":[{"embeddable":true,"href":"https:\/\/www.strokeforeningen-helsingborg.se\/index.php?rest_route=\/wp\/v2\/users\/1"}],"replies":[{"embeddable":true,"href":"https:\/\/www.strokeforeningen-helsingborg.se\/index.php?rest_route=%2Fwp%2Fv2%2Fcomments&post=20"}],"version-history":[{"count":21,"href":"https:\/\/www.strokeforeningen-helsingborg.se\/index.php?rest_route=\/wp\/v2\/pages\/20\/revisions"}],"predecessor-version":[{"id":5216,"href":"https:\/\/www.strokeforeningen-helsingborg.se\/index.php?rest_route=\/wp\/v2\/pages\/20\/revisions\/5216"}],"wp:attachment":[{"href":"https:\/\/www.strokeforeningen-helsingborg.se\/index.php?rest_route=%2Fwp%2Fv2%2Fmedia&parent=20"}],"curies":[{"name":"wp","href":"https:\/\/api.w.org\/{rel}","templated":true}]}}