{"id":16,"date":"2013-06-29T10:16:26","date_gmt":"2013-06-29T10:16:26","guid":{"rendered":"http:\/\/strokeforeningen-helsingborg.se.preview.binero.se\/?page_id=16"},"modified":"2022-07-29T15:33:51","modified_gmt":"2022-07-29T15:33:51","slug":"angelholm","status":"publish","type":"page","link":"https:\/\/www.strokeforeningen-helsingborg.se\/?page_id=16","title":{"rendered":"\u00c4ngelholm"},"content":{"rendered":"<h2 style=\"text-align: center;\"><\/h2>\n<h2 style=\"text-align: center;\"><strong><span style=\"color: #3366ff;\">Strokef\u00f6reningen -Nordvesten<\/span><\/strong><\/h2>\n<h2 style=\"text-align: left;\"><strong>Omfattar B\u00e5stad, F\u00f6rsl\u00f6v, Grevie, Klippan, Ljungbyhed, Munka-Ljungby, Perstorp, Torekov, Vejbystrand, V\u00e4stra Karup, \u00c5sljunga, \u00c4ngelholm, \u00d6rkelljunga och \u00d6stra Ljungby. Vi har v\u00e5r tr\u00e4ffpunkt p\u00e5 Torgtr\u00e4ffen i \u00c4ngelholm.<\/strong><b><\/b><\/h2>\n<h2><\/h2>\n<h2><b>Kontaktuppgifter f\u00f6r Stroke-f\u00f6reningen Nordvesten:<\/b><\/h2>\n<h3><strong>M\u00f6teslokal:<br \/>\n<\/strong><strong>Gasverksgatan 25<br \/>\n<\/strong><strong>263 34 \u00c4ngelholm<\/strong><\/h3>\n<address>\n<h3><em>V\u00e5r administrativa adress \u00e4r:<\/em><br \/>\n<strong>Kurirgatan 1<\/strong><br \/>\n<strong>25453 Helsingborg<\/strong><br \/>\n<strong>Telefon 076-117 00 25<\/strong><br \/>\n<strong>E-post: strokeoresund@gmail.com<\/strong><br \/>\n<strong>Nordvesten BG 5404-1587<\/strong><\/h3>\n<\/address>\n","protected":false},"excerpt":{"rendered":"<p>Strokef\u00f6reningen -Nordvesten Omfattar B\u00e5stad, F\u00f6rsl\u00f6v, Grevie, Klippan, Ljungbyhed, Munka-Ljungby, Perstorp, Torekov, Vejbystrand, V\u00e4stra Karup, \u00c5sljunga, \u00c4ngelholm, \u00d6rkelljunga och \u00d6stra Ljungby. Vi har v\u00e5r tr\u00e4ffpunkt p\u00e5 Torgtr\u00e4ffen i \u00c4ngelholm. Kontaktuppgifter f\u00f6r Stroke-f\u00f6reningen Nordvesten: M\u00f6teslokal: Gasverksgatan 25 263 34 \u00c4ngelholm V\u00e5r administrativa &hellip; <a href=\"https:\/\/www.strokeforeningen-helsingborg.se\/?page_id=16\">L\u00e4s mer <span class=\"meta-nav\">&rarr;<\/span><\/a><\/p>\n","protected":false},"author":1,"featured_media":0,"parent":0,"menu_order":4,"comment_status":"closed","ping_status":"open","template":"","meta":{"spay_email":"","_links_to":"","_links_to_target":""},"jetpack_shortlink":"https:\/\/wp.me\/P3JVlQ-g","jetpack_sharing_enabled":true,"_links":{"self":[{"href":"https:\/\/www.strokeforeningen-helsingborg.se\/index.php?rest_route=\/wp\/v2\/pages\/16"}],"collection":[{"href":"https:\/\/www.strokeforeningen-helsingborg.se\/index.php?rest_route=\/wp\/v2\/pages"}],"about":[{"href":"https:\/\/www.strokeforeningen-helsingborg.se\/index.php?rest_route=\/wp\/v2\/types\/page"}],"author":[{"embeddable":true,"href":"https:\/\/www.strokeforeningen-helsingborg.se\/index.php?rest_route=\/wp\/v2\/users\/1"}],"replies":[{"embeddable":true,"href":"https:\/\/www.strokeforeningen-helsingborg.se\/index.php?rest_route=%2Fwp%2Fv2%2Fcomments&post=16"}],"version-history":[{"count":13,"href":"https:\/\/www.strokeforeningen-helsingborg.se\/index.php?rest_route=\/wp\/v2\/pages\/16\/revisions"}],"predecessor-version":[{"id":6480,"href":"https:\/\/www.strokeforeningen-helsingborg.se\/index.php?rest_route=\/wp\/v2\/pages\/16\/revisions\/6480"}],"wp:attachment":[{"href":"https:\/\/www.strokeforeningen-helsingborg.se\/index.php?rest_route=%2Fwp%2Fv2%2Fmedia&parent=16"}],"curies":[{"name":"wp","href":"https:\/\/api.w.org\/{rel}","templated":true}]}}