{"id":7427,"date":"2024-04-15T12:45:41","date_gmt":"2024-04-15T12:45:41","guid":{"rendered":"https:\/\/www.strokeforeningen-helsingborg.se\/?page_id=7427"},"modified":"2024-04-15T12:56:55","modified_gmt":"2024-04-15T12:56:55","slug":"medlemsmote-april-2024","status":"publish","type":"page","link":"http:\/\/www.strokeforeningen-helsingborg.se\/?page_id=7427","title":{"rendered":"Medlemsm\u00f6te april 2024."},"content":{"rendered":"\n<div class=\"wp-block-image\"><figure class=\"aligncenter size-large is-resized\"><a href=\"http:\/\/www.strokeforeningen-helsingborg.se\/wp-content\/uploads\/2024\/04\/Rolf-S2.jpg\"><img loading=\"lazy\" src=\"http:\/\/www.strokeforeningen-helsingborg.se\/wp-content\/uploads\/2024\/04\/Rolf-S2.jpg\" alt=\"\" class=\"wp-image-7426\" width=\"305\" height=\"358\" srcset=\"http:\/\/www.strokeforeningen-helsingborg.se\/wp-content\/uploads\/2024\/04\/Rolf-S2.jpg 367w, http:\/\/www.strokeforeningen-helsingborg.se\/wp-content\/uploads\/2024\/04\/Rolf-S2-255x300.jpg 255w\" sizes=\"(max-width: 305px) 100vw, 305px\" \/><\/a><figcaption>               <strong><em>Rolf S\u00f6rinesson<\/em><\/strong><\/figcaption><\/figure><\/div>\n\n\n\n<p class=\"has-medium-font-size\"><strong>Tisdagen den 9 april 2024 hade Strokef\u00f6reningen Nordvesten m\u00e5nadsm\u00f6te p\u00e5 Torgtr\u00e4ffen i \u00c4ngelholm. V\u00e5r medlem Rolf skulle ber\u00e4tta om det gamla \u00c4ngelholm och dess Sj\u00f6fartshistoria. Inledde med en historisk \u00f6verblick flera hundra \u00e5r tillbaka som utgick fr\u00e5n \u00c4ngelholm med omnejd \u00a0och upp mot G\u00f6ta kanal. Platser, hamnar och vattendrag. \u00a0<br>H\u00e4r kan n\u00e4mnas Grytehamn i Sk\u00e4lderviken, och som var Danmarks mest betydande hamn, d\u00e5 Sk\u00e5ne \u00e4nnu var danskt. Vi f\u00f6ljde R\u00f6nne \u00e5 fr\u00e5n dess avlopp i Ringsj\u00f6n till dess utlopp i Kattegatt vid \u00c4ngelholm med historiekryddade fakta om intressanta platser vi passerade, bl.a. Herrevadskloster.<br>Tillbaka i \u00c4ngelholm f\u00e4rdades vi p\u00e5 vattendrag i regionen och informerades om platser, d\u00e4r vi lade till eller passerade. Unika detaljer och roliga episoder letade sig in i Rolfs ber\u00e4ttelser. Fartyg och b\u00e5tar hade mycket att f\u00f6rt\u00e4lja.<\/strong><\/p>\n\n\n\n<p class=\"has-medium-font-size\"><strong>Det framgick tydligt, att Rolf lagt ner ett enormt arbete i sin forskning. P\u00e5verkad av den marinhistoriska milj\u00f6n f\u00e4ngslade han oss med sin breda kunskap. \u00a0En stor del av det, som ber\u00e4ttades om, illustrerade han p\u00e5 storbildsk\u00e4rm i ett mycket fint och skickligt gjort bildkollage.<br>Flertalet av oss i publiken var \u201dgamla \u00e4ngelholmare\u201d, som k\u00e4nde igen sig i mycket av det, som Rolf ber\u00e4ttade och visade.<\/strong><\/p>\n\n\n\n<p class=\"has-medium-font-size\"><strong>Rolf avslutade med att visa upp \u201dlive\u201d n\u00e5gra hantverksf\u00f6rem\u00e5l, som han bad oss gissa, vad de anv\u00e4nds till. F\u00e5 av oss k\u00e4nde till dem.<\/strong><\/p>\n\n\n\n<p class=\"has-medium-font-size\"><strong>Kaffe och bakelse serverades.<\/strong><\/p>\n\n\n\n<p class=\"has-medium-font-size\"><strong>Tack Rolf f\u00f6r ditt mycket intressanta och sp\u00e4nnande historiska str\u00f6vt\u00e5g du tog med oss p\u00e5.<br>Tack alla f\u00f6r en trevlig eftermiddag!<\/strong><\/p>\n","protected":false},"excerpt":{"rendered":"<p>Tisdagen den 9 april 2024 hade Strokef\u00f6reningen Nordvesten m\u00e5nadsm\u00f6te p\u00e5 Torgtr\u00e4ffen i \u00c4ngelholm. V\u00e5r medlem Rolf skulle ber\u00e4tta om det gamla \u00c4ngelholm och dess Sj\u00f6fartshistoria. Inledde med en historisk \u00f6verblick flera hundra \u00e5r tillbaka som utgick fr\u00e5n \u00c4ngelholm med omnejd &hellip; <a href=\"http:\/\/www.strokeforeningen-helsingborg.se\/?page_id=7427\">L\u00e4s mer <span class=\"meta-nav\">&rarr;<\/span><\/a><\/p>\n","protected":false},"author":2,"featured_media":0,"parent":7307,"menu_order":0,"comment_status":"closed","ping_status":"closed","template":"","meta":{"spay_email":"","_links_to":"","_links_to_target":""},"jetpack_shortlink":"https:\/\/wp.me\/P3JVlQ-1VN","jetpack_sharing_enabled":true,"_links":{"self":[{"href":"http:\/\/www.strokeforeningen-helsingborg.se\/index.php?rest_route=\/wp\/v2\/pages\/7427"}],"collection":[{"href":"http:\/\/www.strokeforeningen-helsingborg.se\/index.php?rest_route=\/wp\/v2\/pages"}],"about":[{"href":"http:\/\/www.strokeforeningen-helsingborg.se\/index.php?rest_route=\/wp\/v2\/types\/page"}],"author":[{"embeddable":true,"href":"http:\/\/www.strokeforeningen-helsingborg.se\/index.php?rest_route=\/wp\/v2\/users\/2"}],"replies":[{"embeddable":true,"href":"http:\/\/www.strokeforeningen-helsingborg.se\/index.php?rest_route=%2Fwp%2Fv2%2Fcomments&post=7427"}],"version-history":[{"count":6,"href":"http:\/\/www.strokeforeningen-helsingborg.se\/index.php?rest_route=\/wp\/v2\/pages\/7427\/revisions"}],"predecessor-version":[{"id":7433,"href":"http:\/\/www.strokeforeningen-helsingborg.se\/index.php?rest_route=\/wp\/v2\/pages\/7427\/revisions\/7433"}],"up":[{"embeddable":true,"href":"http:\/\/www.strokeforeningen-helsingborg.se\/index.php?rest_route=\/wp\/v2\/pages\/7307"}],"wp:attachment":[{"href":"http:\/\/www.strokeforeningen-helsingborg.se\/index.php?rest_route=%2Fwp%2Fv2%2Fmedia&parent=7427"}],"curies":[{"name":"wp","href":"https:\/\/api.w.org\/{rel}","templated":true}]}}