{"id":7208,"date":"2023-12-21T08:39:08","date_gmt":"2023-12-21T08:39:08","guid":{"rendered":"https:\/\/www.strokeforeningen-helsingborg.se\/?page_id=7208"},"modified":"2023-12-21T09:09:00","modified_gmt":"2023-12-21T09:09:00","slug":"julavslutningar-2023","status":"publish","type":"page","link":"http:\/\/www.strokeforeningen-helsingborg.se\/?page_id=7208","title":{"rendered":"Julavslutningar 2023."},"content":{"rendered":"\n<div class=\"wp-block-image\"><figure class=\"aligncenter size-large is-resized\"><a href=\"http:\/\/www.strokeforeningen-helsingborg.se\/wp-content\/uploads\/2023\/12\/JuloNyarshalsning2023.jpg\"><img loading=\"lazy\" src=\"http:\/\/www.strokeforeningen-helsingborg.se\/wp-content\/uploads\/2023\/12\/JuloNyarshalsning2023-1024x710.jpg\" alt=\"\" class=\"wp-image-7209\" width=\"673\" height=\"467\" srcset=\"http:\/\/www.strokeforeningen-helsingborg.se\/wp-content\/uploads\/2023\/12\/JuloNyarshalsning2023-1024x710.jpg 1024w, http:\/\/www.strokeforeningen-helsingborg.se\/wp-content\/uploads\/2023\/12\/JuloNyarshalsning2023-300x208.jpg 300w, http:\/\/www.strokeforeningen-helsingborg.se\/wp-content\/uploads\/2023\/12\/JuloNyarshalsning2023-768x532.jpg 768w, http:\/\/www.strokeforeningen-helsingborg.se\/wp-content\/uploads\/2023\/12\/JuloNyarshalsning2023.jpg 1231w\" sizes=\"(max-width: 673px) 100vw, 673px\" \/><\/a><figcaption><em>Har anv\u00e4nt fotoram fr\u00e5n viptalisman.com<\/em><\/figcaption><\/figure><\/div>\n\n\n\n<p class=\"has-medium-font-size\"><strong>Strokef\u00f6reningen \u00d6resund\/Nordvesten har i alla sina avdelningar (Helsingborg, H\u00f6gan\u00e4s och \u00c4ngelholm) avslutat f\u00f6renings\u00e5ret 2023 med sammankomster i julens tecken. <br>Vi hade trevligt och ser fram emot ett nytt f\u00f6renings\u00e5r.<\/strong><br><strong>Tack alla Strokemedlemmar f\u00f6r ett inneh\u00e5llsrikt och trevligt \u00e5r 2023.<\/strong><\/p>\n","protected":false},"excerpt":{"rendered":"<p>Strokef\u00f6reningen \u00d6resund\/Nordvesten har i alla sina avdelningar (Helsingborg, H\u00f6gan\u00e4s och \u00c4ngelholm) avslutat f\u00f6renings\u00e5ret 2023 med sammankomster i julens tecken. Vi hade trevligt och ser fram emot ett nytt f\u00f6renings\u00e5r.Tack alla Strokemedlemmar f\u00f6r ett inneh\u00e5llsrikt och trevligt \u00e5r 2023.<\/p>\n","protected":false},"author":2,"featured_media":0,"parent":7051,"menu_order":0,"comment_status":"closed","ping_status":"closed","template":"","meta":{"spay_email":"","_links_to":"","_links_to_target":""},"jetpack_shortlink":"https:\/\/wp.me\/P3JVlQ-1Sg","jetpack_sharing_enabled":true,"_links":{"self":[{"href":"http:\/\/www.strokeforeningen-helsingborg.se\/index.php?rest_route=\/wp\/v2\/pages\/7208"}],"collection":[{"href":"http:\/\/www.strokeforeningen-helsingborg.se\/index.php?rest_route=\/wp\/v2\/pages"}],"about":[{"href":"http:\/\/www.strokeforeningen-helsingborg.se\/index.php?rest_route=\/wp\/v2\/types\/page"}],"author":[{"embeddable":true,"href":"http:\/\/www.strokeforeningen-helsingborg.se\/index.php?rest_route=\/wp\/v2\/users\/2"}],"replies":[{"embeddable":true,"href":"http:\/\/www.strokeforeningen-helsingborg.se\/index.php?rest_route=%2Fwp%2Fv2%2Fcomments&post=7208"}],"version-history":[{"count":7,"href":"http:\/\/www.strokeforeningen-helsingborg.se\/index.php?rest_route=\/wp\/v2\/pages\/7208\/revisions"}],"predecessor-version":[{"id":7220,"href":"http:\/\/www.strokeforeningen-helsingborg.se\/index.php?rest_route=\/wp\/v2\/pages\/7208\/revisions\/7220"}],"up":[{"embeddable":true,"href":"http:\/\/www.strokeforeningen-helsingborg.se\/index.php?rest_route=\/wp\/v2\/pages\/7051"}],"wp:attachment":[{"href":"http:\/\/www.strokeforeningen-helsingborg.se\/index.php?rest_route=%2Fwp%2Fv2%2Fmedia&parent=7208"}],"curies":[{"name":"wp","href":"https:\/\/api.w.org\/{rel}","templated":true}]}}