{"id":7089,"date":"2023-09-24T12:29:15","date_gmt":"2023-09-24T12:29:15","guid":{"rendered":"https:\/\/www.strokeforeningen-helsingborg.se\/?page_id=7089"},"modified":"2023-09-24T13:00:02","modified_gmt":"2023-09-24T13:00:02","slug":"bosjokloster-september-2023","status":"publish","type":"page","link":"http:\/\/www.strokeforeningen-helsingborg.se\/?page_id=7089","title":{"rendered":"Bosj\u00f6kloster september 2023."},"content":{"rendered":"\n<figure class=\"wp-block-image size-large is-resized\"><a href=\"https:\/\/www.strokeforeningen-helsingborg.se\/wp-content\/uploads\/2023\/09\/bosjokloster-sept-2023-scaled.jpg\"><img loading=\"lazy\" src=\"https:\/\/www.strokeforeningen-helsingborg.se\/wp-content\/uploads\/2023\/09\/bosjokloster-sept-2023-1024x576.jpg\" alt=\"\" class=\"wp-image-7090\" width=\"564\" height=\"317\" srcset=\"http:\/\/www.strokeforeningen-helsingborg.se\/wp-content\/uploads\/2023\/09\/bosjokloster-sept-2023-1024x576.jpg 1024w, http:\/\/www.strokeforeningen-helsingborg.se\/wp-content\/uploads\/2023\/09\/bosjokloster-sept-2023-300x169.jpg 300w, http:\/\/www.strokeforeningen-helsingborg.se\/wp-content\/uploads\/2023\/09\/bosjokloster-sept-2023-768x432.jpg 768w, http:\/\/www.strokeforeningen-helsingborg.se\/wp-content\/uploads\/2023\/09\/bosjokloster-sept-2023-1536x864.jpg 1536w, http:\/\/www.strokeforeningen-helsingborg.se\/wp-content\/uploads\/2023\/09\/bosjokloster-sept-2023-2048x1153.jpg 2048w\" sizes=\"(max-width: 564px) 100vw, 564px\" \/><\/a><figcaption><strong>Bosj\u00f6kloster. <\/strong><em>Foto Ingrid J\u00f6nsson<\/em><\/figcaption><\/figure>\n\n\n\n<p style=\"font-size:21px\"><strong>Bosj\u00f6kloster \u00e4r ett slott i  H\u00f6\u00f6r i mellersta Sk\u00e5ne. Slottet ligger naturvackert vid Ringsj\u00f6n och var ursprungligen ett nunnekloster, grundat p\u00e5 1100-talet. <\/strong><\/p>\n\n\n\n<p style=\"font-size:21px\"><strong>Onsdagen den 13 september 2023 gjorde vid i Strokef\u00f6reningen \u00d6resund\/Nordvesten en utflykt dit, d\u00e4r vi bl.a. fick en intressant guidad visning. Vi intog d\u00e4r en god lunch. <\/strong><\/p>\n\n\n\n<p style=\"font-size:21px\"><strong>P\u00e5 hemv\u00e4gen blev det eftermiddagskaffe p\u00e5 S\u00e5nnag\u00e5rden i Kvidinge. H\u00e4r i den mysiga tr\u00e4dg\u00e5rdsmilj\u00f6n fanns det tillf\u00e4lle att handla blommor, gr\u00f6nsaker och br\u00f6d. Vi hade en fin och trevlig dag i den vackra och omv\u00e4xlande sk\u00e5nska naturen och i v\u00e5rt trevliga s\u00e4llskap. Tack alla f\u00f6r en j\u00e4ttetrevlig utflyktsdag!<\/strong><\/p>\n","protected":false},"excerpt":{"rendered":"<p>Bosj\u00f6kloster \u00e4r ett slott i H\u00f6\u00f6r i mellersta Sk\u00e5ne. Slottet ligger naturvackert vid Ringsj\u00f6n och var ursprungligen ett nunnekloster, grundat p\u00e5 1100-talet. Onsdagen den 13 september 2023 gjorde vid i Strokef\u00f6reningen \u00d6resund\/Nordvesten en utflykt dit, d\u00e4r vi bl.a. fick en &hellip; <a href=\"http:\/\/www.strokeforeningen-helsingborg.se\/?page_id=7089\">L\u00e4s mer <span class=\"meta-nav\">&rarr;<\/span><\/a><\/p>\n","protected":false},"author":2,"featured_media":0,"parent":7051,"menu_order":0,"comment_status":"closed","ping_status":"closed","template":"","meta":{"spay_email":"","_links_to":"","_links_to_target":""},"jetpack_shortlink":"https:\/\/wp.me\/P3JVlQ-1Ql","jetpack_sharing_enabled":true,"_links":{"self":[{"href":"http:\/\/www.strokeforeningen-helsingborg.se\/index.php?rest_route=\/wp\/v2\/pages\/7089"}],"collection":[{"href":"http:\/\/www.strokeforeningen-helsingborg.se\/index.php?rest_route=\/wp\/v2\/pages"}],"about":[{"href":"http:\/\/www.strokeforeningen-helsingborg.se\/index.php?rest_route=\/wp\/v2\/types\/page"}],"author":[{"embeddable":true,"href":"http:\/\/www.strokeforeningen-helsingborg.se\/index.php?rest_route=\/wp\/v2\/users\/2"}],"replies":[{"embeddable":true,"href":"http:\/\/www.strokeforeningen-helsingborg.se\/index.php?rest_route=%2Fwp%2Fv2%2Fcomments&post=7089"}],"version-history":[{"count":14,"href":"http:\/\/www.strokeforeningen-helsingborg.se\/index.php?rest_route=\/wp\/v2\/pages\/7089\/revisions"}],"predecessor-version":[{"id":7104,"href":"http:\/\/www.strokeforeningen-helsingborg.se\/index.php?rest_route=\/wp\/v2\/pages\/7089\/revisions\/7104"}],"up":[{"embeddable":true,"href":"http:\/\/www.strokeforeningen-helsingborg.se\/index.php?rest_route=\/wp\/v2\/pages\/7051"}],"wp:attachment":[{"href":"http:\/\/www.strokeforeningen-helsingborg.se\/index.php?rest_route=%2Fwp%2Fv2%2Fmedia&parent=7089"}],"curies":[{"name":"wp","href":"https:\/\/api.w.org\/{rel}","templated":true}]}}