{"id":7054,"date":"2023-09-17T13:55:02","date_gmt":"2023-09-17T13:55:02","guid":{"rendered":"https:\/\/www.strokeforeningen-helsingborg.se\/?page_id=7054"},"modified":"2023-09-17T13:59:46","modified_gmt":"2023-09-17T13:59:46","slug":"atertraff-sommarresorna-2023","status":"publish","type":"page","link":"http:\/\/www.strokeforeningen-helsingborg.se\/?page_id=7054","title":{"rendered":"\u00c5tertr\u00e4ff sommarresorna 2023"},"content":{"rendered":"\n<div class=\"wp-block-image\"><figure class=\"aligncenter size-large is-resized\"><a href=\"http:\/\/www.strokeforeningen-helsingborg.se\/wp-content\/uploads\/2023\/09\/Buhusfuruboda-atertraff-hemsida-scaled.jpg\"><img loading=\"lazy\" src=\"http:\/\/www.strokeforeningen-helsingborg.se\/wp-content\/uploads\/2023\/09\/Buhusfuruboda-atertraff-hemsida-1024x577.jpg\" alt=\"\" class=\"wp-image-7052\" width=\"734\" height=\"413\" srcset=\"http:\/\/www.strokeforeningen-helsingborg.se\/wp-content\/uploads\/2023\/09\/Buhusfuruboda-atertraff-hemsida-1024x577.jpg 1024w, http:\/\/www.strokeforeningen-helsingborg.se\/wp-content\/uploads\/2023\/09\/Buhusfuruboda-atertraff-hemsida-300x169.jpg 300w, http:\/\/www.strokeforeningen-helsingborg.se\/wp-content\/uploads\/2023\/09\/Buhusfuruboda-atertraff-hemsida-768x432.jpg 768w, http:\/\/www.strokeforeningen-helsingborg.se\/wp-content\/uploads\/2023\/09\/Buhusfuruboda-atertraff-hemsida-1536x865.jpg 1536w, http:\/\/www.strokeforeningen-helsingborg.se\/wp-content\/uploads\/2023\/09\/Buhusfuruboda-atertraff-hemsida-2048x1153.jpg 2048w\" sizes=\"(max-width: 734px) 100vw, 734px\" \/><\/a><figcaption><strong><em>Foto: Ingrid J\u00f6nsson\/Alf Wallin<\/em><\/strong><\/figcaption><\/figure><\/div>\n\n\n\n<p style=\"font-size:21px\"><strong>Torsdagen den 7 september 2023 hade deltagarna vid Strokef\u00f6reningens \u00d6resund\/Nordvesten sommarresor \u00e5tertr\u00e4ff p\u00e5 Ringstorp i Helsingborg.<br>Resan till Bohus l\u00e4n 23 &#8211; 27 maj samt Furuboda 7 &#8211; 11 augusti (l\u00e4s mer om dessa h\u00e4r p\u00e5 hemsidan) Efter en gemensam god lunch var det dags f\u00f6r Maj att visa ett fint bildkollage, som hon hade skapat av resedeltagarnas egna fotografier fr\u00e5n resorna. Kollaget manade till intressanta kommentarer och ber\u00e4ttelser, och vackra minnen v\u00e4cktes.<br>Kaffe och kaka f\u00f6rgyllde stunden, och v\u00e5r ordf\u00f6rande Alf Wallin gav f\u00f6reningsinformation.<br>Tack f\u00f6r en fin och trevlig \u00e5tertr\u00e4ff.<\/strong><\/p>\n","protected":false},"excerpt":{"rendered":"<p>Torsdagen den 7 september 2023 hade deltagarna vid Strokef\u00f6reningens \u00d6resund\/Nordvesten sommarresor \u00e5tertr\u00e4ff p\u00e5 Ringstorp i Helsingborg.Resan till Bohus l\u00e4n 23 &#8211; 27 maj samt Furuboda 7 &#8211; 11 augusti (l\u00e4s mer om dessa h\u00e4r p\u00e5 hemsidan) Efter en gemensam god &hellip; <a href=\"http:\/\/www.strokeforeningen-helsingborg.se\/?page_id=7054\">L\u00e4s mer <span class=\"meta-nav\">&rarr;<\/span><\/a><\/p>\n","protected":false},"author":2,"featured_media":0,"parent":7051,"menu_order":0,"comment_status":"closed","ping_status":"closed","template":"","meta":{"spay_email":"","_links_to":"","_links_to_target":""},"jetpack_shortlink":"https:\/\/wp.me\/P3JVlQ-1PM","jetpack_sharing_enabled":true,"_links":{"self":[{"href":"http:\/\/www.strokeforeningen-helsingborg.se\/index.php?rest_route=\/wp\/v2\/pages\/7054"}],"collection":[{"href":"http:\/\/www.strokeforeningen-helsingborg.se\/index.php?rest_route=\/wp\/v2\/pages"}],"about":[{"href":"http:\/\/www.strokeforeningen-helsingborg.se\/index.php?rest_route=\/wp\/v2\/types\/page"}],"author":[{"embeddable":true,"href":"http:\/\/www.strokeforeningen-helsingborg.se\/index.php?rest_route=\/wp\/v2\/users\/2"}],"replies":[{"embeddable":true,"href":"http:\/\/www.strokeforeningen-helsingborg.se\/index.php?rest_route=%2Fwp%2Fv2%2Fcomments&post=7054"}],"version-history":[{"count":4,"href":"http:\/\/www.strokeforeningen-helsingborg.se\/index.php?rest_route=\/wp\/v2\/pages\/7054\/revisions"}],"predecessor-version":[{"id":7058,"href":"http:\/\/www.strokeforeningen-helsingborg.se\/index.php?rest_route=\/wp\/v2\/pages\/7054\/revisions\/7058"}],"up":[{"embeddable":true,"href":"http:\/\/www.strokeforeningen-helsingborg.se\/index.php?rest_route=\/wp\/v2\/pages\/7051"}],"wp:attachment":[{"href":"http:\/\/www.strokeforeningen-helsingborg.se\/index.php?rest_route=%2Fwp%2Fv2%2Fmedia&parent=7054"}],"curies":[{"name":"wp","href":"https:\/\/api.w.org\/{rel}","templated":true}]}}