{"id":6784,"date":"2023-04-09T13:33:55","date_gmt":"2023-04-09T13:33:55","guid":{"rendered":"https:\/\/www.strokeforeningen-helsingborg.se\/?page_id=6784"},"modified":"2023-04-09T13:50:52","modified_gmt":"2023-04-09T13:50:52","slug":"medlemstraff-april-2023","status":"publish","type":"page","link":"http:\/\/www.strokeforeningen-helsingborg.se\/?page_id=6784","title":{"rendered":"Medlemstr\u00e4ff i H\u00f6gan\u00e4s april 2023"},"content":{"rendered":"\n<div class=\"wp-block-image\"><figure class=\"aligncenter size-medium\"><a href=\"https:\/\/www.strokeforeningen-helsingborg.se\/wp-content\/uploads\/2023\/04\/gervard2.jpg\"><img loading=\"lazy\" width=\"300\" height=\"300\" src=\"https:\/\/www.strokeforeningen-helsingborg.se\/wp-content\/uploads\/2023\/04\/gervard2-300x300.jpg\" alt=\"\" class=\"wp-image-6785\" srcset=\"http:\/\/www.strokeforeningen-helsingborg.se\/wp-content\/uploads\/2023\/04\/gervard2-300x300.jpg 300w, http:\/\/www.strokeforeningen-helsingborg.se\/wp-content\/uploads\/2023\/04\/gervard2-1019x1024.jpg 1019w, http:\/\/www.strokeforeningen-helsingborg.se\/wp-content\/uploads\/2023\/04\/gervard2-150x150.jpg 150w, http:\/\/www.strokeforeningen-helsingborg.se\/wp-content\/uploads\/2023\/04\/gervard2-1529x1536.jpg 1529w, http:\/\/www.strokeforeningen-helsingborg.se\/wp-content\/uploads\/2023\/04\/gervard2.jpg 1840w\" sizes=\"(max-width: 300px) 100vw, 300px\" \/><\/a><figcaption><strong><em>Torbj\u00f6rn Gerward vid ett samtida fotografi av en flyktingtransport.<\/em><\/strong><\/figcaption><\/figure><\/div>\n\n\n\n<p class=\"has-normal-font-size\"><strong>M\u00e5ndagen den 3 april 2023 hade Strokef\u00f6reningen \u00d6resunds \u00a0H\u00f6gan\u00e4sgrupp sitt m\u00e5nadsm\u00f6te p\u00e5 Trygghetsboendet Brorsbacke i H\u00f6gan\u00e4s. Kullahistorikern Torbj\u00f6rn Gerward skulle ber\u00e4tta om \u201dflykten \u00f6ver \u00d6resund\u201d med h\u00e4nvisning till den viktiga roll, som staden H\u00f6gan\u00e4s spelade s\u00e5v\u00e4l milit\u00e4rt s\u00e5som flyktingmattagande under det andra v\u00e4rldskriget 1939 &#8211; 1945. P\u00e5 Trygghetsboendet och runt omkring bor m\u00e5nga \u00e4ldre H\u00f6gan\u00e4sare, som sj\u00e4lva upplevt n\u00e4rheten till det &#8211; av Tyskland i april 1940 &#8211; ockuperade Danmark. Naturligtvis bj\u00f6d vi in dessa att lyssna p\u00e5 Gerward och se det fina bildmaterialet, som f\u00f6revisades. D\u00e5 och d\u00e5 uppstod spontana reaktioner p\u00e5 s\u00e5dant, som man sj\u00e4lv sett, h\u00f6rt om, sj\u00e4lv h\u00f6rt eller upplevt.<br>Vi i Strokef\u00f6reingen k\u00e4nner Gerward sedan flera \u00e5r tillbaka, d\u00e5 vi flertalet g\u00e5nger engagerat honom att med sin breda kunskap s\u00e4tta oss in i nutid -och d\u00e5tids historia, seder och kultur i v\u00e5rt n\u00e4romr\u00e5de.<br>Fylligt, kunnigt och intressant ber\u00e4ttade han nu om det \u201dlilla\u201d H\u00f6gan\u00e4s\u00b4 viktiga funktion under andra v\u00e4rldskriget. \u00a0Tyv\u00e4rr avskuggades d\u00e5 nyhetsfl\u00f6det h\u00e4rifr\u00e5n av intilliggande metropol, och h\u00e4ndelser h\u00e4r i H\u00f6gan\u00e4s fick ofta st\u00e5 tillbaka i medier, trots det viktiga och strategiska l\u00e4get.<br>Danmark var under det andra v\u00e4rldskriget ockuperat av Tyskland, och Gerward ber\u00e4ttade om samverkan mellan det tyska styrandet och \u00f6vriga Danmark. \u00c5r 1943 f\u00f6rv\u00e4rrades situationen, varvid bl.a. de danska judarna skulle inf\u00e5ngas av tyskarna och f\u00f6ras till koncentrationsl\u00e4ger. Naturligtvis flydde d\u00e5 m\u00e5nga judar \u00f6ver \u00d6resund till Sverige, varvid H\u00f6gan\u00e4s kom att bli en av tillflyktsorterna. Vidare ber\u00e4ttade han om den danska hj\u00e4lpen, som flyende fick p\u00e5 den danska sidan av \u00d6resund, d\u00e4r bl.a. kustorten Gilleleje var en av orterna att st\u00e4lla upp. \u00a0Det fick ske i smyg f\u00f6r de tyska soldaterna. M\u00e5nga danskar erbj\u00f6d sin hj\u00e4lp i form av transport i b\u00e5tar av alla de slag, g\u00f6mma flyende och hj\u00e4lp p\u00e5 land att komma till en s\u00e5dan b\u00e5ttransport &#8211; hela tiden tyst och osynligt f\u00f6r de tyska soldaterna. Det stora flertalet flyende var judar boende i Danmark men \u00e4ven romer och danska motst\u00e5ndsm\u00e4n.<br>Vidare ber\u00e4ttades om den roll H\u00f6gan\u00e4s och dess inv\u00e5nare hade i mottagandet av alla de flyktingar som anl\u00e4nde. Fr\u00e5n mottagandet vid stranden, bryggan eller hamnen och till sin placering n\u00e5gonstans i Sverige. Vistelsen i H\u00f6gan\u00e4s var dock en viktig punkt i mottagarprogrammet, och H\u00f6gan\u00e4sarna var mycket v\u00e4lvilliga att hj\u00e4lpa. Mottagandet kr\u00e4vde en stor och fungerande organisation, och den fungerade bra. Flera av de flyende blev kvar i H\u00f6gan\u00e4s, varvid bl.a. den anrika Arnbergs Korsettfabriken kan n\u00e4mnas som en god arbetsgivare.<br>Trygghetsboendets Annika serverade gott fika till oss alla \u00e5h\u00f6rare.<br>Ett stort tack till Torbj\u00f6rn Gerward f\u00f6r ett mycket intressant och inneh\u00e5llsrikt f\u00f6redrag, d\u00e4r han i sitt kompletterande bildmaterial visade flera minnesrika fotografier p\u00e5 samtida objekt och dokument.<br>Ett stort tack ocks\u00e5 till Annika f\u00f6r gott fika.<\/strong><\/p>\n","protected":false},"excerpt":{"rendered":"<p>M\u00e5ndagen den 3 april 2023 hade Strokef\u00f6reningen \u00d6resunds \u00a0H\u00f6gan\u00e4sgrupp sitt m\u00e5nadsm\u00f6te p\u00e5 Trygghetsboendet Brorsbacke i H\u00f6gan\u00e4s. Kullahistorikern Torbj\u00f6rn Gerward skulle ber\u00e4tta om \u201dflykten \u00f6ver \u00d6resund\u201d med h\u00e4nvisning till den viktiga roll, som staden H\u00f6gan\u00e4s spelade s\u00e5v\u00e4l milit\u00e4rt s\u00e5som flyktingmattagande under &hellip; <a href=\"http:\/\/www.strokeforeningen-helsingborg.se\/?page_id=6784\">L\u00e4s mer <span class=\"meta-nav\">&rarr;<\/span><\/a><\/p>\n","protected":false},"author":2,"featured_media":0,"parent":6733,"menu_order":0,"comment_status":"closed","ping_status":"closed","template":"","meta":{"spay_email":"","_links_to":"","_links_to_target":""},"jetpack_shortlink":"https:\/\/wp.me\/P3JVlQ-1Lq","jetpack_sharing_enabled":true,"_links":{"self":[{"href":"http:\/\/www.strokeforeningen-helsingborg.se\/index.php?rest_route=\/wp\/v2\/pages\/6784"}],"collection":[{"href":"http:\/\/www.strokeforeningen-helsingborg.se\/index.php?rest_route=\/wp\/v2\/pages"}],"about":[{"href":"http:\/\/www.strokeforeningen-helsingborg.se\/index.php?rest_route=\/wp\/v2\/types\/page"}],"author":[{"embeddable":true,"href":"http:\/\/www.strokeforeningen-helsingborg.se\/index.php?rest_route=\/wp\/v2\/users\/2"}],"replies":[{"embeddable":true,"href":"http:\/\/www.strokeforeningen-helsingborg.se\/index.php?rest_route=%2Fwp%2Fv2%2Fcomments&post=6784"}],"version-history":[{"count":4,"href":"http:\/\/www.strokeforeningen-helsingborg.se\/index.php?rest_route=\/wp\/v2\/pages\/6784\/revisions"}],"predecessor-version":[{"id":6789,"href":"http:\/\/www.strokeforeningen-helsingborg.se\/index.php?rest_route=\/wp\/v2\/pages\/6784\/revisions\/6789"}],"up":[{"embeddable":true,"href":"http:\/\/www.strokeforeningen-helsingborg.se\/index.php?rest_route=\/wp\/v2\/pages\/6733"}],"wp:attachment":[{"href":"http:\/\/www.strokeforeningen-helsingborg.se\/index.php?rest_route=%2Fwp%2Fv2%2Fmedia&parent=6784"}],"curies":[{"name":"wp","href":"https:\/\/api.w.org\/{rel}","templated":true}]}}