{"id":6592,"date":"2022-10-13T13:06:42","date_gmt":"2022-10-13T13:06:42","guid":{"rendered":"https:\/\/www.strokeforeningen-helsingborg.se\/?page_id=6592"},"modified":"2022-10-13T13:34:49","modified_gmt":"2022-10-13T13:34:49","slug":"utflykt-4-o-5-oktober-2022-till-osterlen-o-appeltavlan-i-kivik","status":"publish","type":"page","link":"http:\/\/www.strokeforeningen-helsingborg.se\/?page_id=6592","title":{"rendered":"Utflykt 4 o 5 oktober 2022 till \u00d6sterlen o \u00c4ppeltavlan i Kivik."},"content":{"rendered":"\n<div class=\"wp-block-image\"><figure class=\"aligncenter size-medium is-resized\"><a href=\"https:\/\/www.strokeforeningen-helsingborg.se\/wp-content\/uploads\/2022\/10\/apptltavlan.jpg\"><img loading=\"lazy\" src=\"https:\/\/www.strokeforeningen-helsingborg.se\/wp-content\/uploads\/2022\/10\/apptltavlan-252x300.jpg\" alt=\"\" class=\"wp-image-6595\" width=\"354\" height=\"421\" srcset=\"http:\/\/www.strokeforeningen-helsingborg.se\/wp-content\/uploads\/2022\/10\/apptltavlan-252x300.jpg 252w, http:\/\/www.strokeforeningen-helsingborg.se\/wp-content\/uploads\/2022\/10\/apptltavlan-861x1024.jpg 861w, http:\/\/www.strokeforeningen-helsingborg.se\/wp-content\/uploads\/2022\/10\/apptltavlan-768x914.jpg 768w, http:\/\/www.strokeforeningen-helsingborg.se\/wp-content\/uploads\/2022\/10\/apptltavlan.jpg 1213w\" sizes=\"(max-width: 354px) 100vw, 354px\" \/><\/a><figcaption><strong><em>\u00c4ppeltavlan. Foto Eva Bj\u00f6rklund<\/em><\/strong>. <em><strong>Klicka f\u00f6r st\u00f6rre bild<\/strong><\/em><\/figcaption><\/figure><\/div>\n\n\n\n<p class=\"has-medium-font-size\"><strong>Vi var s\u00e5 m\u00e5nga f\u00f6rv\u00e4ntansfulla fr\u00e5n Stroke o inbjudna fr\u00e5n DHR att vi delades p\u00e5 2 dagar.<\/strong><\/p>\n\n\n\n<p class=\"has-medium-font-size\"><strong>F\u00f6rsta stopp var \u00d6sterlens Kryddor i K\u00f6pingebro. Med kaffe o fralla i magen och Pantofflesalt bl a i p\u00e5sen, \u00e5kte vi vidare f\u00f6r lunch p\u00e5 Br\u00f6sarps G\u00e4stgivarg\u00e5rd. Frikostigt v\u00e4rre m k\u00f6tt o s\u00e5s och gott var det. <\/strong><br><strong>Nu v\u00e4ntade \u00c4ppeltavlan p\u00e5 Svabeholms Kungsg\u00e5rd utanf\u00f6r Kivik. En fin skapelse av Emma Karp Lundstr\u00f6m, v\u00e4rldens st\u00f6rsta visade det sig! Mycket annat \u00e4n \u00e4pple gick att handla i st\u00e5nden runtom. <\/strong><br><strong>Sen kvarstod kaffe och en kakbuff\u00e9 modell st\u00f6rre p\u00e5 kaffestugan Annorlunda n\u00e4ra Stenshuvud.<\/strong><\/p>\n\n\n\n<p class=\"has-medium-font-size\"><strong>M\u00e4tta o n\u00f6jda med dagen \u00e4ntrade vi bussen f\u00f6r hemf\u00e4rd norrut, tacksamma \u00f6ver att Alf \u00e5terigen ordnat en dag att minnas l\u00e4nge.<\/strong><br><em>Text Eva Bj\u00f6rklund<\/em><\/p>\n\n\n\n<div class=\"wp-block-image\"><figure class=\"aligncenter size-large\"><a href=\"http:\/\/www.strokeforeningen-helsingborg.se\/wp-content\/uploads\/2022\/10\/Appeltavlan2.jpg\"><img loading=\"lazy\" width=\"491\" height=\"309\" src=\"http:\/\/www.strokeforeningen-helsingborg.se\/wp-content\/uploads\/2022\/10\/Appeltavlan2.jpg\" alt=\"\" class=\"wp-image-6599\" srcset=\"http:\/\/www.strokeforeningen-helsingborg.se\/wp-content\/uploads\/2022\/10\/Appeltavlan2.jpg 491w, http:\/\/www.strokeforeningen-helsingborg.se\/wp-content\/uploads\/2022\/10\/Appeltavlan2-300x189.jpg 300w\" sizes=\"(max-width: 491px) 100vw, 491px\" \/><\/a><figcaption><strong><em>Skapelser vid \u00c4ppeltavlan. <\/em><\/strong><em><strong>Foto Eva Bj\u00f6rklund<\/strong><\/em><\/figcaption><\/figure><\/div>\n\n\n\n<div class=\"wp-block-image\"><figure class=\"aligncenter size-large is-resized\"><a href=\"http:\/\/www.strokeforeningen-helsingborg.se\/wp-content\/uploads\/2022\/10\/Milstolpe-brosarp.jpg\"><img loading=\"lazy\" src=\"http:\/\/www.strokeforeningen-helsingborg.se\/wp-content\/uploads\/2022\/10\/Milstolpe-brosarp.jpg\" alt=\"\" class=\"wp-image-6598\" width=\"374\" height=\"552\"\/><\/a><figcaption><em><strong>Milstolpe vid Br\u00f6sarp G\u00e4stis. Foto Eva Richt<\/strong><\/em><\/figcaption><\/figure><\/div>\n","protected":false},"excerpt":{"rendered":"<p>Vi var s\u00e5 m\u00e5nga f\u00f6rv\u00e4ntansfulla fr\u00e5n Stroke o inbjudna fr\u00e5n DHR att vi delades p\u00e5 2 dagar. F\u00f6rsta stopp var \u00d6sterlens Kryddor i K\u00f6pingebro. Med kaffe o fralla i magen och Pantofflesalt bl a i p\u00e5sen, \u00e5kte vi vidare f\u00f6r &hellip; <a href=\"http:\/\/www.strokeforeningen-helsingborg.se\/?page_id=6592\">L\u00e4s mer <span class=\"meta-nav\">&rarr;<\/span><\/a><\/p>\n","protected":false},"author":2,"featured_media":0,"parent":6539,"menu_order":0,"comment_status":"closed","ping_status":"closed","template":"","meta":{"spay_email":"","_links_to":"","_links_to_target":""},"jetpack_shortlink":"https:\/\/wp.me\/P3JVlQ-1Ik","jetpack_sharing_enabled":true,"_links":{"self":[{"href":"http:\/\/www.strokeforeningen-helsingborg.se\/index.php?rest_route=\/wp\/v2\/pages\/6592"}],"collection":[{"href":"http:\/\/www.strokeforeningen-helsingborg.se\/index.php?rest_route=\/wp\/v2\/pages"}],"about":[{"href":"http:\/\/www.strokeforeningen-helsingborg.se\/index.php?rest_route=\/wp\/v2\/types\/page"}],"author":[{"embeddable":true,"href":"http:\/\/www.strokeforeningen-helsingborg.se\/index.php?rest_route=\/wp\/v2\/users\/2"}],"replies":[{"embeddable":true,"href":"http:\/\/www.strokeforeningen-helsingborg.se\/index.php?rest_route=%2Fwp%2Fv2%2Fcomments&post=6592"}],"version-history":[{"count":11,"href":"http:\/\/www.strokeforeningen-helsingborg.se\/index.php?rest_route=\/wp\/v2\/pages\/6592\/revisions"}],"predecessor-version":[{"id":6607,"href":"http:\/\/www.strokeforeningen-helsingborg.se\/index.php?rest_route=\/wp\/v2\/pages\/6592\/revisions\/6607"}],"up":[{"embeddable":true,"href":"http:\/\/www.strokeforeningen-helsingborg.se\/index.php?rest_route=\/wp\/v2\/pages\/6539"}],"wp:attachment":[{"href":"http:\/\/www.strokeforeningen-helsingborg.se\/index.php?rest_route=%2Fwp%2Fv2%2Fmedia&parent=6592"}],"curies":[{"name":"wp","href":"https:\/\/api.w.org\/{rel}","templated":true}]}}