{"id":6396,"date":"2022-05-31T10:27:21","date_gmt":"2022-05-31T10:27:21","guid":{"rendered":"https:\/\/www.strokeforeningen-helsingborg.se\/?page_id=6396"},"modified":"2022-06-14T13:31:05","modified_gmt":"2022-06-14T13:31:05","slug":"adelfors-maj-2022","status":"publish","type":"page","link":"http:\/\/www.strokeforeningen-helsingborg.se\/?page_id=6396","title":{"rendered":"\u00c4delfors maj 2022"},"content":{"rendered":"\n<div class=\"wp-block-image\"><figure class=\"aligncenter size-medium is-resized\"><a href=\"https:\/\/www.strokeforeningen-helsingborg.se\/wp-content\/uploads\/2022\/05\/bussen.jpg\"><img loading=\"lazy\" src=\"https:\/\/www.strokeforeningen-helsingborg.se\/wp-content\/uploads\/2022\/05\/bussen-224x300.jpg\" alt=\"\" class=\"wp-image-6397\" width=\"262\" height=\"351\" srcset=\"http:\/\/www.strokeforeningen-helsingborg.se\/wp-content\/uploads\/2022\/05\/bussen-224x300.jpg 224w, http:\/\/www.strokeforeningen-helsingborg.se\/wp-content\/uploads\/2022\/05\/bussen.jpg 517w\" sizes=\"(max-width: 262px) 100vw, 262px\" \/><\/a><figcaption><strong><em>P\u00e5 v\u00e4g mot \u00c4delfors folkh\u00f6gskola.<\/em><\/strong><\/figcaption><\/figure><\/div>\n\n\n\n<p class=\"has-medium-font-size\"><strong>S\u00e5 var det \u00e4ntligen dags, att vi i Strokef\u00f6reningen \u00d6resund\/Nordvesten kunde f\u00f6reta den efterl\u00e4ngtade resan till \u00c4delfors Folkh\u00f6gskola i Holsbybrunn vid Vetlanda &#8211; en resa som har uppskjutits flera g\u00e5nger pga. pandemin.<\/strong><\/p>\n\n\n\n<p class=\"has-medium-font-size\"><strong>M\u00e5ndagen den 16 maj 2022 tidig morgon avreste vi fr\u00e5n v\u00e5r hemmaplan Nordv\u00e4stra Sk\u00e5ne i handikappanpassad buss till \u00c4delfors Folkh\u00f6gskola, och efter fikapaus p\u00e5 v\u00e4gen dit anl\u00e4nde vi till den fina, nyrenoverade och naturn\u00e4ra anl\u00e4ggningen. Flera av oss i gruppen hade varit h\u00e4r tidigare i liknande arrangemang. Den trevliga matsalen med sin goda mat bj\u00f6d in till lunch, varvid Cicci presenterade sig och \u00f6nskade oss v\u00e4lkomna. D\u00e4refter vi p\u00e5b\u00f6rjade eftermiddagens program &#8211; guldgr\u00e4vning.<\/strong><\/p>\n\n\n\n<div class=\"wp-block-image\"><figure class=\"aligncenter size-medium is-resized\"><a href=\"https:\/\/www.strokeforeningen-helsingborg.se\/wp-content\/uploads\/2022\/05\/Guldstrom.jpg\"><img loading=\"lazy\" src=\"https:\/\/www.strokeforeningen-helsingborg.se\/wp-content\/uploads\/2022\/05\/Guldstrom-222x300.jpg\" alt=\"\" class=\"wp-image-6401\" width=\"377\" height=\"509\" srcset=\"http:\/\/www.strokeforeningen-helsingborg.se\/wp-content\/uploads\/2022\/05\/Guldstrom-222x300.jpg 222w, http:\/\/www.strokeforeningen-helsingborg.se\/wp-content\/uploads\/2022\/05\/Guldstrom.jpg 485w\" sizes=\"(max-width: 377px) 100vw, 377px\" \/><\/a><figcaption><strong><em>Rolf Guldstr\u00f6m<\/em><\/strong><\/figcaption><\/figure><\/div>\n\n\n\n<p class=\"has-medium-font-size\"><strong>\u00c4delfors vid Vetlanda \u00e4r k\u00e4nt f\u00f6r sin guldhantering. Man hittade guld h\u00e4r redan p\u00e5 1700-talet, och orten har haft en guldgruva. Det finns fortfarande guld utmed Em\u00e5ns sandbankar, vilket lockar till guldgr\u00e4vning.<br>Vi fick en fin guidning p\u00e5 plats av Rolf Guldstr\u00f6m, som \u00e4ger guldletarverksamheten, och se honom vaska guld. Han fick upp n\u00e5gra guldkorn, som vi fick titta p\u00e5.<\/strong><\/p>\n\n\n\n<div class=\"wp-block-image\"><figure class=\"aligncenter size-large\"><a href=\"https:\/\/www.strokeforeningen-helsingborg.se\/wp-content\/uploads\/2022\/06\/visingsohus2.jpg\"><img loading=\"lazy\" width=\"540\" height=\"486\" src=\"https:\/\/www.strokeforeningen-helsingborg.se\/wp-content\/uploads\/2022\/06\/visingsohus2.jpg\" alt=\"\" class=\"wp-image-6425\" srcset=\"http:\/\/www.strokeforeningen-helsingborg.se\/wp-content\/uploads\/2022\/06\/visingsohus2.jpg 540w, http:\/\/www.strokeforeningen-helsingborg.se\/wp-content\/uploads\/2022\/06\/visingsohus2-300x270.jpg 300w\" sizes=\"(max-width: 540px) 100vw, 540px\" \/><\/a><figcaption><strong><em>F\u00e4rgrik idyll p\u00e5 Visings\u00f6. Foto Karin K\u00e4ck<\/em><\/strong><\/figcaption><\/figure><\/div>\n\n\n\n<p class=\"has-medium-font-size\"><strong>Efter en god natts\u00f6mn och h\u00e4rlig frukost begav vi oss p\u00e5 tisdagen mot sm\u00e5l\u00e4ndska Gr\u00e4nna, varifr\u00e5n en f\u00e4rja tog v\u00e5r buss \u00f6ver V\u00e4ttern till Visings\u00f6. D\u00e4r m\u00f6ttes vi av guiden Erna, som bor p\u00e5 \u00f6n, och som kunnigt och l\u00e4rorikt guidade oss runt p\u00e5 hela \u00f6n. Hennes kunskap om \u00f6n var omfattande. I dess folkh\u00f6gskola bj\u00f6ds vi p\u00e5 mumsig varmr\u00f6kt lax med potatis och tillbeh\u00f6r. Efter en inneh\u00e5llsrik och intressant dag var vi tillbaka i Holsbybrunn.<\/strong><\/p>\n\n\n\n<p class=\"has-medium-font-size\"><strong>Onsdagen och torsdagen tillbringade vi p\u00e5 v\u00e5rt boende med varierande program. P\u00e5 f\u00f6rmiddagarna i den digitala v\u00e4rlden, d\u00e4r vi l\u00e4rde oss att hantera v\u00e5ra mobiltelefoner och dator &#8211; en v\u00e4rld, som m\u00e5nga av oss k\u00e4nner sig os\u00e4ker i.<br>P\u00e5 eftermiddagarna i sundhetens v\u00e4rld, d\u00e4r Monica &#8211; som alltid kunnig i \u00e4mnet &#8211; botaniserade i goda kostvanor och sunt leverne. Hon visade upp bj\u00f6rksav, granskott (sm\u00e5 taggiga saker) och rostade n\u00e4sslor &#8211; nyttiga n\u00e4ringar f\u00f6r v\u00e5r kropp, och vi fick provsmaka. Vidare s\u00e5 kompletterade hon med r\u00f6relsetr\u00e4ning. Ute spelade vi boule.<\/strong><\/p>\n\n\n\n<div class=\"wp-block-image\"><figure class=\"aligncenter size-medium is-resized\"><a href=\"https:\/\/www.strokeforeningen-helsingborg.se\/wp-content\/uploads\/2022\/05\/Gotakanal.jpg\"><img loading=\"lazy\" src=\"https:\/\/www.strokeforeningen-helsingborg.se\/wp-content\/uploads\/2022\/05\/Gotakanal-243x300.jpg\" alt=\"\" class=\"wp-image-6405\" width=\"326\" height=\"402\" srcset=\"http:\/\/www.strokeforeningen-helsingborg.se\/wp-content\/uploads\/2022\/05\/Gotakanal-243x300.jpg 243w, http:\/\/www.strokeforeningen-helsingborg.se\/wp-content\/uploads\/2022\/05\/Gotakanal.jpg 574w\" sizes=\"(max-width: 326px) 100vw, 326px\" \/><\/a><figcaption><strong><em>Wasa Lejon p\u00e5 G\u00f6ta kanal<\/em><\/strong><\/figcaption><\/figure><\/div>\n\n\n\n<p class=\"has-medium-font-size\"><strong>Fredagen bj\u00f6d p\u00e5 b\u00e5ttur p\u00e5 G\u00f6ta Kanal. V\u00e5r buss k\u00f6rde till avreseplatsen Borensberg, och p\u00e5 v\u00e4gen dit stannade vi till vid Cloettafabrikens butik i Ljungsbro. P\u00e5 den natursk\u00f6na kanalf\u00e4rden \u00f6sterut i det \u00f6stg\u00f6tska landskapet passerade vi tv\u00e5 akvedukter och fick uppleva slusstrappan vid Berg, v\u00e5r sluth\u00e5llplats.<br>Carl Johans slusstrappa i Berg lyfter och s\u00e4nker b\u00e5tarna 19 meter till eller fr\u00e5n sj\u00f6n Roxen(vid v\u00e5r f\u00e4rd s\u00e4nktes vi till Roxen) och best\u00e5r av sju efter varandra placerade slussar. Varje s\u00e5dan sluss \u00e4r ett trappsteg mellan kanalen och sj\u00f6n Roxen.<br>Det blev ocks\u00e5 en god lunch i b\u00e5tens restaurang med fl\u00e4skfil\u00e9, pepparrotss\u00e5s och potatis. En upplevelserik och smakrik b\u00e5tresa.<\/strong><\/p>\n\n\n\n<p class=\"has-medium-font-size\"><strong>I gruppen var det god st\u00e4mning, och p\u00e5 kv\u00e4llarna samlades vi f\u00f6r samkv\u00e4m med sm\u00f6rg\u00e5s, kaffe och vin. V\u00e5ra hj\u00e4rnor fick k\u00e4mpa med kluringar, vi hade charader och tipsrunda. Dagens upplevelser och annat gav mycket att prata om.<\/strong><\/p>\n\n\n\n<div class=\"wp-block-image\"><figure class=\"aligncenter size-full is-resized\"><a href=\"https:\/\/www.strokeforeningen-helsingborg.se\/wp-content\/uploads\/2022\/05\/Huskvarna-museum.jpg\"><img loading=\"lazy\" src=\"https:\/\/www.strokeforeningen-helsingborg.se\/wp-content\/uploads\/2022\/05\/Huskvarna-museum.jpg\" alt=\"\" class=\"wp-image-6409\" width=\"380\" height=\"506\" srcset=\"http:\/\/www.strokeforeningen-helsingborg.se\/wp-content\/uploads\/2022\/05\/Huskvarna-museum.jpg 542w, http:\/\/www.strokeforeningen-helsingborg.se\/wp-content\/uploads\/2022\/05\/Huskvarna-museum-225x300.jpg 225w\" sizes=\"(max-width: 380px) 100vw, 380px\" \/><\/a><figcaption><strong><em>Fint runt Huskvarna museum.<\/em><\/strong><\/figcaption><\/figure><\/div>\n\n\n\n<p class=\"has-medium-font-size\"><strong>Fyllda med trevliga minnen steg vi p\u00e5 l\u00f6rdagsmorgonen in i bussen f\u00f6r hemf\u00e4rd till v\u00e5r Sk\u00e5ne\u00e4nda. Dock via Huskvarna och bes\u00f6k i Huskvarnafabrikens museum, d\u00e4r vi fick m\u00e5nga \u201daha\u201d-upplevelser. Alla \u00e4r vi ju uppv\u00e4xta med n\u00e5gonting, som kommer fr\u00e5n den fabriken.<\/strong><\/p>\n\n\n\n<p class=\"has-medium-font-size\"><strong>Alf, ett j\u00e4tten\u00f6jt g\u00e4ng vill tacka dig f\u00f6r den h\u00e4r h\u00e4rliga veckan, som genom ditt idoga arbete har kunnat genomf\u00f6ras och blivit s\u00e5 lyckad.<br>Tack v\u00e5r chauff\u00f6r Urban som k\u00f6rt oss i bussen tryggt, bra och s\u00e4kert. Du var en av oss och bidrog till trevnaden under veckan.<br>Tack \u00c4delfors f\u00f6r allt det Ni gjort f\u00f6r oss, s\u00e5 att v\u00e5r vecka hos Er blev s\u00e5 fin.<\/strong> <br><em><strong>Foton Eva Bj\u00f6rklund.<\/strong><\/em><\/p>\n","protected":false},"excerpt":{"rendered":"<p>S\u00e5 var det \u00e4ntligen dags, att vi i Strokef\u00f6reningen \u00d6resund\/Nordvesten kunde f\u00f6reta den efterl\u00e4ngtade resan till \u00c4delfors Folkh\u00f6gskola i Holsbybrunn vid Vetlanda &#8211; en resa som har uppskjutits flera g\u00e5nger pga. pandemin. M\u00e5ndagen den 16 maj 2022 tidig morgon avreste &hellip; <a href=\"http:\/\/www.strokeforeningen-helsingborg.se\/?page_id=6396\">L\u00e4s mer <span class=\"meta-nav\">&rarr;<\/span><\/a><\/p>\n","protected":false},"author":2,"featured_media":0,"parent":6202,"menu_order":0,"comment_status":"closed","ping_status":"closed","template":"","meta":{"spay_email":"","_links_to":"","_links_to_target":""},"jetpack_shortlink":"https:\/\/wp.me\/P3JVlQ-1Fa","jetpack_sharing_enabled":true,"_links":{"self":[{"href":"http:\/\/www.strokeforeningen-helsingborg.se\/index.php?rest_route=\/wp\/v2\/pages\/6396"}],"collection":[{"href":"http:\/\/www.strokeforeningen-helsingborg.se\/index.php?rest_route=\/wp\/v2\/pages"}],"about":[{"href":"http:\/\/www.strokeforeningen-helsingborg.se\/index.php?rest_route=\/wp\/v2\/types\/page"}],"author":[{"embeddable":true,"href":"http:\/\/www.strokeforeningen-helsingborg.se\/index.php?rest_route=\/wp\/v2\/users\/2"}],"replies":[{"embeddable":true,"href":"http:\/\/www.strokeforeningen-helsingborg.se\/index.php?rest_route=%2Fwp%2Fv2%2Fcomments&post=6396"}],"version-history":[{"count":20,"href":"http:\/\/www.strokeforeningen-helsingborg.se\/index.php?rest_route=\/wp\/v2\/pages\/6396\/revisions"}],"predecessor-version":[{"id":6428,"href":"http:\/\/www.strokeforeningen-helsingborg.se\/index.php?rest_route=\/wp\/v2\/pages\/6396\/revisions\/6428"}],"up":[{"embeddable":true,"href":"http:\/\/www.strokeforeningen-helsingborg.se\/index.php?rest_route=\/wp\/v2\/pages\/6202"}],"wp:attachment":[{"href":"http:\/\/www.strokeforeningen-helsingborg.se\/index.php?rest_route=%2Fwp%2Fv2%2Fmedia&parent=6396"}],"curies":[{"name":"wp","href":"https:\/\/api.w.org\/{rel}","templated":true}]}}