{"id":6008,"date":"2021-10-13T13:37:25","date_gmt":"2021-10-13T13:37:25","guid":{"rendered":"https:\/\/www.strokeforeningen-helsingborg.se\/?page_id=6008"},"modified":"2021-10-13T13:56:59","modified_gmt":"2021-10-13T13:56:59","slug":"vikentomater-hosten-2021","status":"publish","type":"page","link":"http:\/\/www.strokeforeningen-helsingborg.se\/?page_id=6008","title":{"rendered":"Vikentomater h\u00f6sten 2021."},"content":{"rendered":"\n<figure class=\"wp-block-image size-large is-resized is-style-default\"><a href=\"https:\/\/www.strokeforeningen-helsingborg.se\/wp-content\/uploads\/2021\/10\/vikenmats.jpg\"><img loading=\"lazy\" src=\"https:\/\/www.strokeforeningen-helsingborg.se\/wp-content\/uploads\/2021\/10\/vikenmats-978x1024.jpg\" alt=\"\" class=\"wp-image-6013\" width=\"588\" height=\"615\" srcset=\"http:\/\/www.strokeforeningen-helsingborg.se\/wp-content\/uploads\/2021\/10\/vikenmats-978x1024.jpg 978w, http:\/\/www.strokeforeningen-helsingborg.se\/wp-content\/uploads\/2021\/10\/vikenmats-286x300.jpg 286w, http:\/\/www.strokeforeningen-helsingborg.se\/wp-content\/uploads\/2021\/10\/vikenmats-768x804.jpg 768w, http:\/\/www.strokeforeningen-helsingborg.se\/wp-content\/uploads\/2021\/10\/vikenmats-1466x1536.jpg 1466w, http:\/\/www.strokeforeningen-helsingborg.se\/wp-content\/uploads\/2021\/10\/vikenmats.jpg 1856w\" sizes=\"(max-width: 588px) 100vw, 588px\" \/><\/a><\/figure>\n\n\n\n<p class=\"has-normal-font-size\">Mats bland odlingarna.<\/p>\n\n\n\n<p class=\"has-medium-font-size\"><strong>Tisdagen den 12 oktober 2021 avh\u00f6ll Strokef\u00f6reningen Nordvesten sitt m\u00e5nadsm\u00f6te p\u00e5 f\u00f6retaget Vikentomater i H\u00f6gan\u00e4s. Vi b\u00f6rjade med en god lunch i den trevliga caf\u00e9avdelningen. D\u00e4refter visade Mats (p\u00e5 bilden) oss runt bland verksamhetens olika avdelningar, d\u00e4r han ber\u00e4ttade mycket inlevelserikt, fylligt och intressant om det, som vi s\u00e5g.<\/strong> <strong>Vi avslutade med en kaffestund. Tack personalen p\u00e5 Vikentomater f\u00f6r ett trevligt bes\u00f6k p\u00e5 Vikentomater och f\u00f6r den fina visning och betj\u00e4ning, som vi fick. Tack alla f\u00f6r en trevlig eftermiddag. <\/strong><\/p>\n","protected":false},"excerpt":{"rendered":"<p>Mats bland odlingarna. Tisdagen den 12 oktober 2021 avh\u00f6ll Strokef\u00f6reningen Nordvesten sitt m\u00e5nadsm\u00f6te p\u00e5 f\u00f6retaget Vikentomater i H\u00f6gan\u00e4s. Vi b\u00f6rjade med en god lunch i den trevliga caf\u00e9avdelningen. D\u00e4refter visade Mats (p\u00e5 bilden) oss runt bland verksamhetens olika avdelningar, d\u00e4r &hellip; <a href=\"http:\/\/www.strokeforeningen-helsingborg.se\/?page_id=6008\">L\u00e4s mer <span class=\"meta-nav\">&rarr;<\/span><\/a><\/p>\n","protected":false},"author":2,"featured_media":0,"parent":5707,"menu_order":0,"comment_status":"closed","ping_status":"closed","template":"","meta":{"spay_email":"","_links_to":"","_links_to_target":""},"jetpack_shortlink":"https:\/\/wp.me\/P3JVlQ-1yU","jetpack_sharing_enabled":true,"_links":{"self":[{"href":"http:\/\/www.strokeforeningen-helsingborg.se\/index.php?rest_route=\/wp\/v2\/pages\/6008"}],"collection":[{"href":"http:\/\/www.strokeforeningen-helsingborg.se\/index.php?rest_route=\/wp\/v2\/pages"}],"about":[{"href":"http:\/\/www.strokeforeningen-helsingborg.se\/index.php?rest_route=\/wp\/v2\/types\/page"}],"author":[{"embeddable":true,"href":"http:\/\/www.strokeforeningen-helsingborg.se\/index.php?rest_route=\/wp\/v2\/users\/2"}],"replies":[{"embeddable":true,"href":"http:\/\/www.strokeforeningen-helsingborg.se\/index.php?rest_route=%2Fwp%2Fv2%2Fcomments&post=6008"}],"version-history":[{"count":4,"href":"http:\/\/www.strokeforeningen-helsingborg.se\/index.php?rest_route=\/wp\/v2\/pages\/6008\/revisions"}],"predecessor-version":[{"id":6014,"href":"http:\/\/www.strokeforeningen-helsingborg.se\/index.php?rest_route=\/wp\/v2\/pages\/6008\/revisions\/6014"}],"up":[{"embeddable":true,"href":"http:\/\/www.strokeforeningen-helsingborg.se\/index.php?rest_route=\/wp\/v2\/pages\/5707"}],"wp:attachment":[{"href":"http:\/\/www.strokeforeningen-helsingborg.se\/index.php?rest_route=%2Fwp%2Fv2%2Fmedia&parent=6008"}],"curies":[{"name":"wp","href":"https:\/\/api.w.org\/{rel}","templated":true}]}}